
{"id":88738,"date":"2025-02-04T10:34:59","date_gmt":"2025-02-04T09:34:59","guid":{"rendered":"https:\/\/stonehouse.se\/produkt\/styrenhet-st300c\/"},"modified":"2026-04-08T15:28:43","modified_gmt":"2026-04-08T13:28:43","slug":"styrenhet-st300c","status":"publish","type":"product","link":"https:\/\/stonehouse.se\/en\/product\/styrenhet-st300c\/","title":{"rendered":"Styrenhet ST300C"},"content":{"rendered":"<p>STEP ST300C \u00e4r en styrenhet som hanterar ett motorl\u00e5s f\u00f6r koppling till passer\u00adsystem, larm och annan v\u00e4sentlig funktion. ST300C f\u00f6ljer med som standard vid k\u00f6p av STEP 300-serien motorl\u00e5s i KPL-f\u00f6rpackning. Kan ocks\u00e5 k\u00f6pas separat.<\/p>\n<div>\n<b>Egenskaper:<\/b><\/div>\n<div>\n<ul>\n<li>Hanterar \u00e5terinrymning.<\/li>\n<li>Krypterad kommunika\u00adtion AES-128 f\u00f6r l\u00e5sning, uppl\u00e5sning och statusindikeringar.<\/li>\n<li>Anslutningskabel mellan l\u00e5shus och styrenhet kopplas via en plint i bakkant p\u00e5 l\u00e5shuset.<\/li>\n<li>Via en plint p\u00e5 styrenheten ansluts sp\u00e4nningsmatning +\/- samt kommunikation A och B.<\/li>\n<li>Anslutning till motorl\u00e5set sker genom RS-485.<\/li>\n<\/ul>\n<\/div>\n<div><\/div>","protected":false},"excerpt":{"rendered":"<p>STEP ST300C \u00e4r en styrenhet som hanterar ett motorl\u00e5s f\u00f6r koppling till passer\u00adsystem, larm och annan v\u00e4sentlig funktion. ST300C f\u00f6ljer<\/p>","protected":false},"featured_media":88735,"template":"","meta":{"_acf_changed":false},"product_brand":[],"product_cat":[2315],"product_tag":[],"class_list":{"0":"post-88738","1":"product","2":"type-product","3":"status-publish","4":"has-post-thumbnail","6":"product_cat-step-el-motorlastillbehor","7":"product_shipping_class-tunga-paket","8":"pa_brands-step","9":"tm-no-options","11":"first","12":"instock","13":"sale","14":"taxable","15":"shipping-taxable","16":"product-type-simple"},"acf":[],"_links":{"self":[{"href":"https:\/\/stonehouse.se\/en\/wp-json\/wp\/v2\/product\/88738","targetHints":{"allow":["GET"]}}],"collection":[{"href":"https:\/\/stonehouse.se\/en\/wp-json\/wp\/v2\/product"}],"about":[{"href":"https:\/\/stonehouse.se\/en\/wp-json\/wp\/v2\/types\/product"}],"wp:featuredmedia":[{"embeddable":true,"href":"https:\/\/stonehouse.se\/en\/wp-json\/wp\/v2\/media\/88735"}],"wp:attachment":[{"href":"https:\/\/stonehouse.se\/en\/wp-json\/wp\/v2\/media?parent=88738"}],"wp:term":[{"taxonomy":"product_brand","embeddable":true,"href":"https:\/\/stonehouse.se\/en\/wp-json\/wp\/v2\/product_brand?post=88738"},{"taxonomy":"product_cat","embeddable":true,"href":"https:\/\/stonehouse.se\/en\/wp-json\/wp\/v2\/product_cat?post=88738"},{"taxonomy":"product_tag","embeddable":true,"href":"https:\/\/stonehouse.se\/en\/wp-json\/wp\/v2\/product_tag?post=88738"}],"curies":[{"name":"wp","href":"https:\/\/api.w.org\/{rel}","templated":true}]}}