
{"id":88870,"date":"2025-02-10T10:39:11","date_gmt":"2025-02-10T09:39:11","guid":{"rendered":"https:\/\/stonehouse.se\/produkt\/mifare-desfire-4k-ev3-kort-1000p\/"},"modified":"2026-01-06T21:12:03","modified_gmt":"2026-01-06T20:12:03","slug":"mifare-desfire-4k-ev3-kort-1000p","status":"publish","type":"product","link":"https:\/\/stonehouse.se\/en\/product\/mifare-desfire-4k-ev3-kort-1000p\/","title":{"rendered":"Mifare DESFire 4K NXP EV3 + EM4200 kombikort  1000 pack"},"content":{"rendered":"<h1>Mifare DESFire 4K NXP EV3 + EM4200 Kort \u2013 Kontaktl\u00f6s RFID<\/h1>\n<p><span style=\"text-decoration: underline\"><strong>Denna produkt levereras i pack 0m 1000 kort till extra\u00a0 l\u00e5gt pris.<\/strong><\/span><\/p>\n<p>Mifare DESFire 4K NXP EV3-korten som \u00e4ven har EM4200 i samma kort erbjuder en s\u00e4ker och effektiv l\u00f6sning f\u00f6r kontaktl\u00f6s datalagring och \u00f6verf\u00f6ring. Utrustade med en \u00e4kta NXP-chip och en minneskapacitet p\u00e5 4 Kbyte, \u00e4r dessa kort perfekta f\u00f6r olika anv\u00e4ndningsomr\u00e5den, s\u00e5som identitetshantering, \u00e5tkomstkontroll och mikropayments.<\/p>\n<p>Korten har en standard CR80-storlek (86 mm x 54 mm), vilket g\u00f6r dem enkla att anv\u00e4nda och integrera i befintliga system. De fungerar vid en frekvens av 13,56 MHz, vilket garanterar snabb och s\u00e4ker kommunikation. Oavsett om du hanterar tillg\u00e5ngar i en byggnad eller utf\u00f6r betalningar, erbjuder Mifare DESFire 4K-korten en p\u00e5litlig och flexibel l\u00f6sning.<\/p>\n<p>Varje paket inneh\u00e5ller 100 kort, vilket g\u00f6r dem till ett kostnadseffektivt alternativ f\u00f6r b\u00e5de sm\u00e5 och stora verksamheter som beh\u00f6ver h\u00f6g s\u00e4kerhet och anv\u00e4ndarv\u00e4nlighet i sina system.<\/p>\n<p><strong>Funktioner och F\u00f6rdelar<\/strong>:<\/p>\n<ul>\n<li>Kontaktl\u00f6sa kort med \u00e4kta NXP-chip<\/li>\n<li>4 Kbyte minneskapacitet f\u00f6r omfattande lagring<\/li>\n<li>Standard CR80-storlek f\u00f6r enkel anv\u00e4ndning<\/li>\n<li>Opererar vid 13,56 MHz f\u00f6r snabb kommunikation<\/li>\n<li>Idealisk f\u00f6r identitet, \u00e5tkomstkontroll och mikropayments<\/li>\n<\/ul>\n<p><strong>Teknisk specifikation<\/strong>:<\/p>\n<ul>\n<li><strong>Minneskapacitet<\/strong>: 4 Kbyte<\/li>\n<li><strong>Frekvens DESFIRE <\/strong>: 13,56 MHz<\/li>\n<li><strong>Frekvens EM4200<\/strong>: 125 Khz<\/li>\n<li><strong>Storlek<\/strong>: Standard CR80 (86 mm x 54 mm)<\/li>\n<li><strong>Vikt (f\u00f6rpackning)<\/strong>: 2500 gram<\/li>\n<\/ul>","protected":false},"excerpt":{"rendered":"<p>Mifare DESFire 4K NXP EV3 + EM4200 Kort \u2013 Kontaktl\u00f6s RFID Denna produkt levereras i pack 0m 1000 kort till<\/p>","protected":false},"featured_media":88868,"template":"","meta":{"_acf_changed":false},"product_brand":[],"product_cat":[3431],"product_tag":[2691,2516,2304],"class_list":{"0":"post-88870","1":"product","2":"type-product","3":"status-publish","4":"has-post-thumbnail","6":"product_cat-desfire","7":"product_tag-desfire-ev3-4k","8":"product_tag-rfid-desfire","9":"product_tag-stonehouse-produkt","10":"pa_brands-stonehouse-security","11":"pa_farg-vit","12":"pa_plastkort-teknik-desfire","13":"tm-no-options","15":"first","16":"onbackorder","17":"sale","18":"taxable","19":"shipping-taxable","20":"product-type-simple"},"acf":[],"_links":{"self":[{"href":"https:\/\/stonehouse.se\/en\/wp-json\/wp\/v2\/product\/88870","targetHints":{"allow":["GET"]}}],"collection":[{"href":"https:\/\/stonehouse.se\/en\/wp-json\/wp\/v2\/product"}],"about":[{"href":"https:\/\/stonehouse.se\/en\/wp-json\/wp\/v2\/types\/product"}],"wp:featuredmedia":[{"embeddable":true,"href":"https:\/\/stonehouse.se\/en\/wp-json\/wp\/v2\/media\/88868"}],"wp:attachment":[{"href":"https:\/\/stonehouse.se\/en\/wp-json\/wp\/v2\/media?parent=88870"}],"wp:term":[{"taxonomy":"product_brand","embeddable":true,"href":"https:\/\/stonehouse.se\/en\/wp-json\/wp\/v2\/product_brand?post=88870"},{"taxonomy":"product_cat","embeddable":true,"href":"https:\/\/stonehouse.se\/en\/wp-json\/wp\/v2\/product_cat?post=88870"},{"taxonomy":"product_tag","embeddable":true,"href":"https:\/\/stonehouse.se\/en\/wp-json\/wp\/v2\/product_tag?post=88870"}],"curies":[{"name":"wp","href":"https:\/\/api.w.org\/{rel}","templated":true}]}}