
{"id":88886,"date":"2025-02-11T13:27:30","date_gmt":"2025-02-11T12:27:30","guid":{"rendered":"https:\/\/stonehouse.se\/produkt\/kodlas-v44duo\/"},"modified":"2026-04-08T16:30:44","modified_gmt":"2026-04-08T14:30:44","slug":"kodlas-v44duo","status":"publish","type":"product","link":"https:\/\/stonehouse.se\/en\/product\/kodlas-v44duo\/","title":{"rendered":"KODL\u00c5S V44DUO"},"content":{"rendered":"<h1 data-start=\"227\" data-end=\"777\">KODL\u00c5S V44DUO \u00e4r ett m\u00e5ngsidigt och enkelt programmerbart kodl\u00e5s som erbjuder styrning av tv\u00e5 d\u00f6rrar via en och samma knappsats.<\/h1>\n<p data-start=\"227\" data-end=\"777\">Varje kod kan programmeras f\u00f6r att \u00f6ppna ett eller b\u00e5da rel\u00e4erna.<\/p>\n<p data-start=\"227\" data-end=\"777\">F\u00f6r ytterligare s\u00e4kerhet har det en slussfunktion, vilket inneb\u00e4r att d\u00f6rr 2 inte kan \u00f6ppnas f\u00f6rr\u00e4n d\u00f6rr 1 \u00e4r st\u00e4ngd.<\/p>\n<p data-start=\"227\" data-end=\"777\">Det finns ocks\u00e5 m\u00f6jligheter f\u00f6r d\u00f6rrkontroll och larmutg\u00e5ng med justerbar varningstid, samt en integrerad ringklockefunktion.<\/p>\n<p data-start=\"227\" data-end=\"777\">Koder kan tidsstyras via tv\u00e5 externa ing\u00e5ngar och systemet kan s\u00e4ttas upp f\u00f6r dag\u00f6ppet.<\/p>\n<p data-start=\"779\" data-end=\"1208\">Med IP54 kapslingsklass och en byggkvalitet i gjuten metall med rostfria knappar, \u00e4r V44DUO l\u00e4mpligt b\u00e5de f\u00f6r inomhus- och utomhusbruk, med en arbetstemperatur fr\u00e5n -35 \u00b0C till +55 \u00b0C.<\/p>\n<p data-start=\"779\" data-end=\"1208\">F\u00f6r installation utomhus i utsatta l\u00e4gen rekommenderas anv\u00e4ndning av regnskydd som SH1 eller SH2.<\/p>\n<p data-start=\"779\" data-end=\"1208\">Detta kodl\u00e5s \u00e4r s\u00e4rskilt anv\u00e4ndbart f\u00f6r s\u00e4kerhetsl\u00f6sningar d\u00e4r flera d\u00f6rrar ska styras och kodhantering kr\u00e4vs f\u00f6r b\u00e5de enkel och s\u00e4ker anv\u00e4ndning.<\/p>\n<p data-start=\"1210\" data-end=\"1239\"><strong data-start=\"1210\" data-end=\"1239\">Tekniska specifikationer:<\/strong><\/p>\n<ul data-start=\"1240\" data-end=\"1739\">\n<li data-start=\"1256\" data-end=\"1282\"><strong data-start=\"1258\" data-end=\"1277\">Kapslingsklass:<\/strong> IP54<\/li>\n<li data-start=\"1283\" data-end=\"1352\"><strong data-start=\"1285\" data-end=\"1306\">Kapslingmaterial:<\/strong> Gjuten metall, rostfria knappar, s\u00e4kerhetsl\u00e5s<\/li>\n<li data-start=\"1353\" data-end=\"1372\"><strong data-start=\"1355\" data-end=\"1364\">Vikt:<\/strong> 0.75 kg<\/li>\n<li data-start=\"1373\" data-end=\"1426\"><strong data-start=\"1375\" data-end=\"1385\">Milj\u00f6:<\/strong> Inomhus- eller utomhusbruk (IP54 design)<\/li>\n<li data-start=\"1427\" data-end=\"1466\"><strong data-start=\"1429\" data-end=\"1450\">Arbetstemperatur:<\/strong> -35 till +55 \u00b0C<\/li>\n<li data-start=\"1467\" data-end=\"1529\"><strong data-start=\"1469\" data-end=\"1486\">Kodkapacitet:<\/strong> 20 fyrsiffriga koder, 10 sexsiffriga koder<\/li>\n<li data-start=\"1530\" data-end=\"1547\"><strong data-start=\"1532\" data-end=\"1543\">D\u00f6rrar:<\/strong> Tv\u00e5<\/li>\n<li data-start=\"1548\" data-end=\"1595\"><strong data-start=\"1550\" data-end=\"1566\">\u00d6ppningstid:<\/strong> 1-99 sekunder, programmerbar<\/li>\n<li data-start=\"1596\" data-end=\"1646\"><strong data-start=\"1598\" data-end=\"1611\">Utg\u00e5ngar:<\/strong> Tv\u00e5 rel\u00e4kontakter, max 2 A, 28 VDC<\/li>\n<li data-start=\"1647\" data-end=\"1688\"><strong data-start=\"1649\" data-end=\"1670\">Str\u00f6mf\u00f6rbrukning:<\/strong> 75 mA i v\u00e4ntel\u00e4ge<\/li>\n<li data-start=\"1689\" data-end=\"1739\"><strong data-start=\"1691\" data-end=\"1709\">Driftsp\u00e4nning:<\/strong> 10 till 35 VDC, 8 till 24 VAC<\/li>\n<\/ul>\n<p data-start=\"1741\" data-end=\"1835\">","protected":false},"excerpt":{"rendered":"<p data-start=\"25\" data-end=\"225\">KODL\u00c5S V44DUO \u00e4r ett programmerbart kodl\u00e5s med tv\u00e5 rel\u00e4er f\u00f6r styrning av tv\u00e5 d\u00f6rrar fr\u00e5n samma knappsats.<\/p>\n<p data-start=\"25\" data-end=\"225\">Inbyggd slussfunktion och d\u00f6rrkontroll g\u00f6r det flexibelt och s\u00e4kert.<\/p>\n<p data-start=\"227\" data-end=\"777\">","protected":false},"featured_media":88884,"template":"","meta":{"_acf_changed":false},"product_brand":[],"product_cat":[3579],"product_tag":[],"class_list":{"0":"post-88886","1":"product","2":"type-product","3":"status-publish","4":"has-post-thumbnail","6":"product_cat-kodlas","7":"pa_brands-6vanderbilt","8":"tm-no-options","10":"first","11":"instock","12":"sale","13":"taxable","14":"shipping-taxable","15":"product-type-simple"},"acf":[],"_links":{"self":[{"href":"https:\/\/stonehouse.se\/en\/wp-json\/wp\/v2\/product\/88886","targetHints":{"allow":["GET"]}}],"collection":[{"href":"https:\/\/stonehouse.se\/en\/wp-json\/wp\/v2\/product"}],"about":[{"href":"https:\/\/stonehouse.se\/en\/wp-json\/wp\/v2\/types\/product"}],"wp:featuredmedia":[{"embeddable":true,"href":"https:\/\/stonehouse.se\/en\/wp-json\/wp\/v2\/media\/88884"}],"wp:attachment":[{"href":"https:\/\/stonehouse.se\/en\/wp-json\/wp\/v2\/media?parent=88886"}],"wp:term":[{"taxonomy":"product_brand","embeddable":true,"href":"https:\/\/stonehouse.se\/en\/wp-json\/wp\/v2\/product_brand?post=88886"},{"taxonomy":"product_cat","embeddable":true,"href":"https:\/\/stonehouse.se\/en\/wp-json\/wp\/v2\/product_cat?post=88886"},{"taxonomy":"product_tag","embeddable":true,"href":"https:\/\/stonehouse.se\/en\/wp-json\/wp\/v2\/product_tag?post=88886"}],"curies":[{"name":"wp","href":"https:\/\/api.w.org\/{rel}","templated":true}]}}