
{"id":88889,"date":"2025-02-11T13:27:27","date_gmt":"2025-02-11T12:27:27","guid":{"rendered":"https:\/\/stonehouse.se\/produkt\/beror-fri-lasare-pp500em\/"},"modified":"2026-04-08T16:30:50","modified_gmt":"2026-04-08T14:30:50","slug":"beror-fri-lasare-pp500em","status":"publish","type":"product","link":"https:\/\/stonehouse.se\/en\/product\/beror-fri-lasare-pp500em\/","title":{"rendered":"BER\u00d6R.FRI L\u00c4SARE PP500EM"},"content":{"rendered":"<h1 data-start=\"481\" data-end=\"1024\">PP500EM \u00e4r en h\u00f6gkvalitativ och liten ber\u00f6ringsfri kortl\u00e4sare som anv\u00e4nds tillsammans med Bewator Entro d\u00f6rrcentraler DC12, DC22 och Entro Lite DC800.<\/h1>\n<p data-start=\"481\" data-end=\"1024\">Den har en bakgrundsbelyst knappsats som g\u00f6r den anv\u00e4ndarv\u00e4nlig \u00e4ven i d\u00e5liga ljusf\u00f6rh\u00e5llanden.<\/p>\n<p data-start=\"481\" data-end=\"1024\">Med en gr\u00e5 metallkapsling, rostfria knappar och s\u00e4kerhetsl\u00e5s \u00e4r den b\u00e5de h\u00e5llbar och s\u00e4ker.<\/p>\n<p data-start=\"481\" data-end=\"1024\">L\u00e4ngd, bredd och djup p\u00e5 enheten \u00e4r 80 x 140 x 40 mm, vilket g\u00f6r den l\u00e4tt att installera b\u00e5de inomhus och utomhus, tack vare dess IP54-klassning f\u00f6r v\u00e4derbest\u00e4ndighet.<\/p>\n<p data-start=\"1026\" data-end=\"1419\">L\u00e4savst\u00e5ndet p\u00e5 cirka 3 cm g\u00f6r den idealisk f\u00f6r anv\u00e4ndning med passiva kort, och systemet kan anslutas via antingen en Clock\/Data-port eller BCLINK p\u00e5 Entro Lite DC800.<\/p>\n<p data-start=\"1026\" data-end=\"1419\">Str\u00f6mf\u00f6rs\u00f6rjningen p\u00e5 12 till 24 VDC g\u00f6r installationen enkel d\u00e5 den drivs fr\u00e5n d\u00f6rrenheten.<\/p>\n<p data-start=\"1026\" data-end=\"1419\">Vid utanp\u00e5liggande montage rekommenderas anv\u00e4ndning av skyddshuv SH1 eller SH2, och f\u00f6r inf\u00e4llning kan Inf\u00e4llnadsl\u00e5da BB3 anv\u00e4ndas.<\/p>\n<p data-start=\"1421\" data-end=\"1451\"><strong data-start=\"1421\" data-end=\"1449\">Funktioner och f\u00f6rdelar:<\/strong><\/p>\n<ul data-start=\"1452\" data-end=\"1630\">\n<li data-start=\"1452\" data-end=\"1505\">Kompatibel med Entro och Entro Lite d\u00f6rrcentraler<\/li>\n<li data-start=\"1506\" data-end=\"1550\">L\u00e4ttanv\u00e4nd med bakgrundsbelyst knappsats<\/li>\n<li data-start=\"1551\" data-end=\"1593\">Robusta och v\u00e4derbest\u00e4ndiga egenskaper<\/li>\n<li data-start=\"1594\" data-end=\"1630\">S\u00e4ker och p\u00e5litlig \u00e5tkomstkontroll<\/li>\n<\/ul>\n<p data-start=\"1637\" data-end=\"1668\"><strong data-start=\"1637\" data-end=\"1666\">Tekniska specifikationer:<\/strong><\/p>\n<ul data-start=\"1669\" data-end=\"2138\">\n<li data-start=\"1669\" data-end=\"1743\">Gr\u00e4nssnitt: Clock\/Data (Entro DC12\/22) eller BCLINK (Entro Lite DC800)<\/li>\n<li data-start=\"1744\" data-end=\"1811\">Kapsling: Gjuten metall, knappar i rostfritt st\u00e5l, s\u00e4kerhetsl\u00e5s<\/li>\n<li data-start=\"1812\" data-end=\"1825\">F\u00e4rg: Gr\u00e5<\/li>\n<li data-start=\"1826\" data-end=\"1860\">Omgivning: Inomhus\/Utomhusbruk<\/li>\n<li data-start=\"1861\" data-end=\"1877\">IP-klass: 54<\/li>\n<li data-start=\"1878\" data-end=\"1908\">Temperatur: -30 till +50\u00b0C<\/li>\n<li data-start=\"1909\" data-end=\"1970\">Str\u00f6mf\u00f6rs\u00f6rjning: 12 till 24 VDC (Fr\u00e5n central\/d\u00f6rrenhet)<\/li>\n<li data-start=\"1971\" data-end=\"1998\">Str\u00f6mf\u00f6rbrukning: 60 mA<\/li>\n<li data-start=\"1999\" data-end=\"2044\">Dimensioner (B x H x D): 80 x 140 x 40 mm<\/li>\n<li data-start=\"2045\" data-end=\"2085\">L\u00e4savst\u00e5nd: Ca 3 cm med passiva kort<\/li>\n<li data-start=\"2086\" data-end=\"2138\">Ing\u00e5ngar: Sabotagekontakt f\u00f6r internt\/externt larm<\/li>\n<\/ul>","protected":false},"excerpt":{"rendered":"<p>PP500EM \u00e4r en liten och robust ber\u00f6ringsfri kortl\u00e4sare som \u00e4r kompatibel med Bewator Entro d\u00f6rrcentraler DC12 och DC22 samt Bewator Entro Lite DC800.<\/p>\n<p>Med bakgrundsbelyst knappsats och gr\u00e5 kapsling i metall \u00e4r den perfekt f\u00f6r b\u00e5de inomhus- och utomhusbruk.<\/p>\n<p>L\u00e5sningss\u00e4ker och t\u00e5lig med IP54-skydd, det g\u00f6r den till ett p\u00e5litligt val f\u00f6r s\u00e4ker \u00e5tkomstkontroll.<\/p>","protected":false},"featured_media":88888,"template":"","meta":{"_acf_changed":false},"product_brand":[],"product_cat":[3579],"product_tag":[],"class_list":{"0":"post-88889","1":"product","2":"type-product","3":"status-publish","4":"has-post-thumbnail","6":"product_cat-kodlas","7":"product_shipping_class-tunga-paket","8":"pa_brands-6vanderbilt","9":"pa_farg-gra","10":"tm-no-options","12":"first","13":"instock","14":"sale","15":"taxable","16":"shipping-taxable","17":"product-type-simple"},"acf":[],"_links":{"self":[{"href":"https:\/\/stonehouse.se\/en\/wp-json\/wp\/v2\/product\/88889","targetHints":{"allow":["GET"]}}],"collection":[{"href":"https:\/\/stonehouse.se\/en\/wp-json\/wp\/v2\/product"}],"about":[{"href":"https:\/\/stonehouse.se\/en\/wp-json\/wp\/v2\/types\/product"}],"wp:featuredmedia":[{"embeddable":true,"href":"https:\/\/stonehouse.se\/en\/wp-json\/wp\/v2\/media\/88888"}],"wp:attachment":[{"href":"https:\/\/stonehouse.se\/en\/wp-json\/wp\/v2\/media?parent=88889"}],"wp:term":[{"taxonomy":"product_brand","embeddable":true,"href":"https:\/\/stonehouse.se\/en\/wp-json\/wp\/v2\/product_brand?post=88889"},{"taxonomy":"product_cat","embeddable":true,"href":"https:\/\/stonehouse.se\/en\/wp-json\/wp\/v2\/product_cat?post=88889"},{"taxonomy":"product_tag","embeddable":true,"href":"https:\/\/stonehouse.se\/en\/wp-json\/wp\/v2\/product_tag?post=88889"}],"curies":[{"name":"wp","href":"https:\/\/api.w.org\/{rel}","templated":true}]}}