
{"id":88891,"date":"2025-02-11T13:27:27","date_gmt":"2025-02-11T12:27:27","guid":{"rendered":"https:\/\/stonehouse.se\/produkt\/kodlas-v42\/"},"modified":"2026-04-08T16:33:57","modified_gmt":"2026-04-08T14:33:57","slug":"kodlas-v42","status":"publish","type":"product","link":"https:\/\/stonehouse.se\/en\/product\/kodlas-v42\/","title":{"rendered":"KODL\u00c5S V42"},"content":{"rendered":"<h1 data-start=\"529\" data-end=\"935\">Kodl\u00e5s V42 \u00e4r ett av v\u00e4rldens mest s\u00e5lda kodl\u00e5s och en p\u00e5litlig l\u00f6sning f\u00f6r s\u00e4ker \u00e5tkomstkontroll.<\/h1>\n<p data-start=\"529\" data-end=\"935\">Med en stilren och modern design \u00e4r det anpassat f\u00f6r b\u00e5de inomhus- och utomhusbruk, och dess robusta konstruktion g\u00f6r att det klarar tuffa v\u00e4derf\u00f6rh\u00e5llanden med IP54-skydd.<\/p>\n<p data-start=\"529\" data-end=\"935\">Kodl\u00e5set har en bakgrundsbelyst knappsats som g\u00f6r det l\u00e4tt att anv\u00e4nda \u00e4ven i m\u00f6rka f\u00f6rh\u00e5llanden.<\/p>\n<p data-start=\"937\" data-end=\"1227\">L\u00e5set erbjuder tv\u00e5 4-siffriga koder, vilket ger m\u00f6jlighet f\u00f6r olika anv\u00e4ndare, som hantverkare, fastighetssk\u00f6tare eller brevb\u00e4rare, att anv\u00e4nda l\u00e5set genom sina egna koder.<\/p>\n<p data-start=\"937\" data-end=\"1227\">F\u00f6rdr\u00f6jningen p\u00e5 en halv sekund g\u00f6r det n\u00e4stintill om\u00f6jligt att prova sig fram till r\u00e4tt kod, vilket \u00f6kar s\u00e4kerheten.<\/p>\n<p data-start=\"1229\" data-end=\"1582\">Kodl\u00e5s V42 \u00e4r designat f\u00f6r enkel installation och anv\u00e4ndning.<\/p>\n<p data-start=\"1229\" data-end=\"1582\">Den drivs av 12 till 24 VAC\/DC och har l\u00e5g str\u00f6mf\u00f6rbrukning p\u00e5 endast 8 mA i vila.<\/p>\n<p data-start=\"1229\" data-end=\"1582\">Det har dessutom en fj\u00e4rr\u00f6ppningsfunktion med f\u00f6rdr\u00f6jning och tv\u00e5 separata ing\u00e5ngar f\u00f6r tidsstyrning av koder.<\/p>\n<p data-start=\"1229\" data-end=\"1582\">Det v\u00e4xlande rel\u00e4et med max 1A, 28V DC utg\u00e5ng g\u00f6r den flexibel f\u00f6r olika typer av installationer.<\/p>\n<p data-start=\"1584\" data-end=\"1614\"><strong data-start=\"1584\" data-end=\"1612\">Funktioner och f\u00f6rdelar:<\/strong><\/p>\n<ul data-start=\"1615\" data-end=\"1834\">\n<li data-start=\"1615\" data-end=\"1663\">Tv\u00e5 4-siffriga koder f\u00f6r flexibel anv\u00e4ndning<\/li>\n<li data-start=\"1664\" data-end=\"1697\">F\u00f6rdr\u00f6jning f\u00f6r \u00f6kad s\u00e4kerhet<\/li>\n<li data-start=\"1698\" data-end=\"1748\">Bakgrundsbelyst knappsats f\u00f6r enkel anv\u00e4ndning<\/li>\n<li data-start=\"1749\" data-end=\"1798\">Robust och v\u00e4derbest\u00e4ndig konstruktion (IP54)<\/li>\n<li data-start=\"1799\" data-end=\"1834\">Enkel installation och anv\u00e4ndning<\/li>\n<\/ul>\n<p data-start=\"1841\" data-end=\"1872\"><strong data-start=\"1841\" data-end=\"1870\">Tekniska specifikationer:<\/strong><\/p>\n<ul data-start=\"1873\" data-end=\"2378\">\n<li data-start=\"1873\" data-end=\"1909\">Driftsp\u00e4nning: 12 till 24 VAC\/DC<\/li>\n<li data-start=\"1910\" data-end=\"1943\">Str\u00f6mf\u00f6rbrukning: 8 mA i vila<\/li>\n<li data-start=\"1944\" data-end=\"2026\">Ing\u00e5ngar: Fj\u00e4rr\u00f6ppning med f\u00f6rdr\u00f6jning, tv\u00e5 ing\u00e5ngar f\u00f6r tidsstyrning av koder<\/li>\n<li data-start=\"2027\" data-end=\"2071\">Utg\u00e5ngar: V\u00e4xlande rel\u00e4 (max 1A, 28V DC)<\/li>\n<li data-start=\"2072\" data-end=\"2102\">\u00d6ppningstid: 1\u201330 sekunder<\/li>\n<li data-start=\"2103\" data-end=\"2141\">Kodkapacitet: Tv\u00e5 4-siffriga koder<\/li>\n<li data-start=\"2142\" data-end=\"2177\">Milj\u00f6: Inomhus- och utomhusbruk<\/li>\n<li data-start=\"2178\" data-end=\"2202\">Kapslingsklass: IP54<\/li>\n<li data-start=\"2203\" data-end=\"2265\">Kapsling: Gjuten metall, rostfria knappar och s\u00e4kerhetsl\u00e5s<\/li>\n<li data-start=\"2266\" data-end=\"2279\">F\u00e4rg: Gr\u00e5<\/li>\n<li data-start=\"2280\" data-end=\"2325\">Dimensioner (B x H x D): 80 x 140 x 40 mm<\/li>\n<li data-start=\"2326\" data-end=\"2343\">Vikt: 0,72 kg<\/li>\n<li data-start=\"2344\" data-end=\"2378\">Arbetstemperatur: -35 till +55\u00b0C<\/li>\n<\/ul>","protected":false},"excerpt":{"rendered":"<p>Kodl\u00e5s V42 \u00e4r ett kompakt och robust kodl\u00e5s med modern design, perfekt f\u00f6r utomhusbruk.<\/p>\n<p>Med tv\u00e5 4-siffriga koder kan den anv\u00e4ndas av olika personer, till exempel hantverkare eller brevb\u00e4rare.<\/p>\n<p>Den bakgrundsbelysta knappsatsen och den inbyggda f\u00f6rdr\u00f6jningen p\u00e5 en halv sekund g\u00f6r den s\u00e4ker och anv\u00e4ndarv\u00e4nlig.<\/p>\n<p>Den \u00e4r IP54-klassad och t\u00e5l tuffa milj\u00f6er, vilket g\u00f6r den idealisk f\u00f6r b\u00e5de inomhus- och utomhusinstallationer.<\/p>","protected":false},"featured_media":88890,"template":"","meta":{"_acf_changed":false},"product_brand":[],"product_cat":[3579],"product_tag":[],"class_list":{"0":"post-88891","1":"product","2":"type-product","3":"status-publish","4":"has-post-thumbnail","6":"product_cat-kodlas","7":"pa_brands-6vanderbilt","8":"pa_farg-gra","9":"tm-no-options","11":"first","12":"instock","13":"sale","14":"taxable","15":"shipping-taxable","16":"product-type-simple"},"acf":[],"_links":{"self":[{"href":"https:\/\/stonehouse.se\/en\/wp-json\/wp\/v2\/product\/88891","targetHints":{"allow":["GET"]}}],"collection":[{"href":"https:\/\/stonehouse.se\/en\/wp-json\/wp\/v2\/product"}],"about":[{"href":"https:\/\/stonehouse.se\/en\/wp-json\/wp\/v2\/types\/product"}],"wp:featuredmedia":[{"embeddable":true,"href":"https:\/\/stonehouse.se\/en\/wp-json\/wp\/v2\/media\/88890"}],"wp:attachment":[{"href":"https:\/\/stonehouse.se\/en\/wp-json\/wp\/v2\/media?parent=88891"}],"wp:term":[{"taxonomy":"product_brand","embeddable":true,"href":"https:\/\/stonehouse.se\/en\/wp-json\/wp\/v2\/product_brand?post=88891"},{"taxonomy":"product_cat","embeddable":true,"href":"https:\/\/stonehouse.se\/en\/wp-json\/wp\/v2\/product_cat?post=88891"},{"taxonomy":"product_tag","embeddable":true,"href":"https:\/\/stonehouse.se\/en\/wp-json\/wp\/v2\/product_tag?post=88891"}],"curies":[{"name":"wp","href":"https:\/\/api.w.org\/{rel}","templated":true}]}}