
{"id":88897,"date":"2025-02-11T13:27:26","date_gmt":"2025-02-11T12:27:26","guid":{"rendered":"https:\/\/stonehouse.se\/produkt\/skyddshuv-sh2\/"},"modified":"2026-04-08T16:34:04","modified_gmt":"2026-04-08T14:34:04","slug":"skyddshuv-sh2","status":"publish","type":"product","link":"https:\/\/stonehouse.se\/en\/product\/skyddshuv-sh2\/","title":{"rendered":"SKYDDSHUV SH2"},"content":{"rendered":"<h1 data-start=\"467\" data-end=\"939\">Skyddshuv SH2 \u00e4r det perfekta tillbeh\u00f6ret f\u00f6r att skydda Bewator och Vanderbilt kodl\u00e5s, knappsatser samt kortl\u00e4sare som PP500 och RB500 i utsatta milj\u00f6er.<\/h1>\n<p data-start=\"467\" data-end=\"939\">Tillverkad av 5 mm akrylplast, \u00e4r denna robusta skyddshuv anpassad f\u00f6r att motst\u00e5 v\u00e4derf\u00f6rh\u00e5llanden och skydda elektroniken fr\u00e5n regn och smuts.<\/p>\n<p data-start=\"467\" data-end=\"939\">Urfr\u00e4sningarna f\u00f6r kablage g\u00f6r det enkelt att installera eller komplettera befintliga system utan att beh\u00f6va g\u00f6ra omfattande \u00e4ndringar.<\/p>\n<p data-start=\"941\" data-end=\"1293\">Skyddshuven placeras mellan v\u00e4ggen och knappsatsens bakstycke, vilket g\u00f6r installationen snabb och enkel.<\/p>\n<p data-start=\"941\" data-end=\"1293\">SH2 ger ett p\u00e5litligt skydd mot v\u00e4derp\u00e5verkan, vilket \u00e4r s\u00e4rskilt anv\u00e4ndbart i utomhusmilj\u00f6er d\u00e4r enheterna \u00e4r utsatta f\u00f6r v\u00e4der och vind.<\/p>\n<p data-start=\"941\" data-end=\"1293\">Den fungerar utm\u00e4rkt i b\u00e5de kommersiella och industriella milj\u00f6er d\u00e4r s\u00e4kerhet och h\u00e5llbarhet \u00e4r avg\u00f6rande.<\/p>\n<p data-start=\"1295\" data-end=\"1325\"><strong data-start=\"1295\" data-end=\"1323\">Funktioner och f\u00f6rdelar:<\/strong><\/p>\n<ul data-start=\"1326\" data-end=\"1557\">\n<li data-start=\"1326\" data-end=\"1365\">Skyddar mot v\u00e4derp\u00e5verkan och smuts<\/li>\n<li data-start=\"1366\" data-end=\"1434\">Passar Bewator och Vanderbilt kodl\u00e5s, knappsatser och kortl\u00e4sare<\/li>\n<li data-start=\"1435\" data-end=\"1516\">Enkelt att komplettera befintliga installationer med urfr\u00e4sningar f\u00f6r kablage<\/li>\n<li data-start=\"1517\" data-end=\"1557\">Robust konstruktion f\u00f6r l\u00e5ng livsl\u00e4ngd<\/li>\n<\/ul>\n<p data-start=\"1564\" data-end=\"1595\"><strong data-start=\"1564\" data-end=\"1593\">Tekniska specifikationer:<\/strong><\/p>\n<ul data-start=\"1596\" data-end=\"1703\">\n<li data-start=\"1596\" data-end=\"1625\">Material: 5 mm akrylplast<\/li>\n<li data-start=\"1626\" data-end=\"1665\">M\u00e5tt (B x H x D): 104 x 168 x 90 mm<\/li>\n<li data-start=\"1666\" data-end=\"1703\">Vikt: L\u00e4tt och h\u00e5llbar konstruktion<\/li>\n<\/ul>","protected":false},"excerpt":{"rendered":"<p data-start=\"71\" data-end=\"460\">Skyddshuv SH2 \u00e4r ett regnskydd f\u00f6r Bewator kodl\u00e5s, knappsatser och kortl\u00e4sare som PP500.<\/p>\n<p data-start=\"71\" data-end=\"460\">Den \u00e4r designad f\u00f6r att skydda enheter i utsatta milj\u00f6er och har urfr\u00e4sningar f\u00f6r kablage, vilket g\u00f6r installationen enkel \u00e4ven vid kompletteringar av befintliga system.<\/p>\n<p data-start=\"71\" data-end=\"460\">Tillverkad av h\u00e5llbar 5 mm akrylplast, ger den ett p\u00e5litligt skydd mot v\u00e4derp\u00e5verkan och smuts.<\/p>","protected":false},"featured_media":88896,"template":"","meta":{"_acf_changed":false},"product_brand":[],"product_cat":[3579],"product_tag":[],"class_list":{"0":"post-88897","1":"product","2":"type-product","3":"status-publish","4":"has-post-thumbnail","6":"product_cat-kodlas","7":"product_shipping_class-tunga-paket","8":"pa_brands-6vanderbilt","9":"tm-no-options","11":"first","12":"instock","13":"sale","14":"taxable","15":"shipping-taxable","16":"product-type-simple"},"acf":[],"_links":{"self":[{"href":"https:\/\/stonehouse.se\/en\/wp-json\/wp\/v2\/product\/88897","targetHints":{"allow":["GET"]}}],"collection":[{"href":"https:\/\/stonehouse.se\/en\/wp-json\/wp\/v2\/product"}],"about":[{"href":"https:\/\/stonehouse.se\/en\/wp-json\/wp\/v2\/types\/product"}],"wp:featuredmedia":[{"embeddable":true,"href":"https:\/\/stonehouse.se\/en\/wp-json\/wp\/v2\/media\/88896"}],"wp:attachment":[{"href":"https:\/\/stonehouse.se\/en\/wp-json\/wp\/v2\/media?parent=88897"}],"wp:term":[{"taxonomy":"product_brand","embeddable":true,"href":"https:\/\/stonehouse.se\/en\/wp-json\/wp\/v2\/product_brand?post=88897"},{"taxonomy":"product_cat","embeddable":true,"href":"https:\/\/stonehouse.se\/en\/wp-json\/wp\/v2\/product_cat?post=88897"},{"taxonomy":"product_tag","embeddable":true,"href":"https:\/\/stonehouse.se\/en\/wp-json\/wp\/v2\/product_tag?post=88897"}],"curies":[{"name":"wp","href":"https:\/\/api.w.org\/{rel}","templated":true}]}}