
{"id":88923,"date":"2025-02-12T16:15:38","date_gmt":"2025-02-12T15:15:38","guid":{"rendered":"https:\/\/stonehouse.se\/produkt\/ajax-hub-bp-4g-batteridriven-vit\/"},"modified":"2026-03-11T14:47:49","modified_gmt":"2026-03-11T13:47:49","slug":"ajax-hub-bp-4g-batteridriven-vit","status":"publish","type":"product","link":"https:\/\/stonehouse.se\/en\/product\/ajax-hub-bp-4g-batteridriven-vit\/","title":{"rendered":"Ajax Hub BP 4G Batteridriven &#8211; Vit"},"content":{"rendered":"<p data-start=\"0\" data-end=\"63\"><strong data-start=\"0\" data-end=\"63\">Hub BP \u2013 Batteridriven s\u00e4kerhetscentral f\u00f6r platser utan el<\/strong><\/p>\n<p data-start=\"65\" data-end=\"404\">Hub BP \u00e4r en innovativ centrallapparat fr\u00e5n Ajax, designad f\u00f6r att s\u00e4kerst\u00e4lla trygghet \u00e4ven d\u00e4r eln\u00e4tet \u00e4r op\u00e5litligt eller helt otillg\u00e4ngligt. Perfekt f\u00f6r tomma hus, byggarbetsplatser, kontor eller andra avl\u00e4gsna platser, levererar Hub BP en robust och flexibel s\u00e4kerhetsl\u00f6sning med l\u00e5ng batteritid och p\u00e5litlig kommunikation via 4G\/LTE.<\/p>\n<h3 data-start=\"411\" data-end=\"433\">Viktiga Funktioner<\/h3>\n<ul data-start=\"435\" data-end=\"2066\">\n<li data-start=\"435\" data-end=\"665\">\n<p data-start=\"437\" data-end=\"665\"><strong data-start=\"437\" data-end=\"461\">Batteridriven Drift:<\/strong><br data-start=\"461\" data-end=\"464\" \/>Driftas helt med interna eller externa batterier. V\u00e4lj till exempel en 12V 7,2Ah blyackumulator f\u00f6r upp till 2 m\u00e5naders drift eller ett 7,2V 95Ah alternativ som kan ge upp till 17 m\u00e5naders driftstid.<\/p>\n<\/li>\n<li data-start=\"667\" data-end=\"839\">\n<p data-start=\"669\" data-end=\"839\"><strong data-start=\"669\" data-end=\"700\">4G\/LTE med Dubbla SIM-kort:<\/strong><br data-start=\"700\" data-end=\"703\" \/>Tv\u00e5 micro-SIM platser s\u00e4kerst\u00e4ller en stabil och s\u00e4ker uppkoppling, vilket g\u00f6r att du alltid \u00e4r uppkopplad, oavsett n\u00e4tverkssituation.<\/p>\n<\/li>\n<li data-start=\"841\" data-end=\"1022\">\n<p data-start=\"843\" data-end=\"1022\"><strong data-start=\"843\" data-end=\"861\">Extern Antenn:<\/strong><br data-start=\"861\" data-end=\"864\" \/>F\u00f6rb\u00e4ttra signalens r\u00e4ckvidd med m\u00f6jligheten att ansluta externa antenner. De inbyggda antennerna fungerar som backup om den externa antenken skulle skadas.<\/p>\n<\/li>\n<li data-start=\"1024\" data-end=\"1183\">\n<p data-start=\"1026\" data-end=\"1183\"><strong data-start=\"1026\" data-end=\"1056\">Omfattande Kompatibilitet:<\/strong><br data-start=\"1056\" data-end=\"1059\" \/>Hub BP \u00e4r fullt kompatibel med alla Ajax-produkter, vilket g\u00f6r det enkelt att integrera i ditt befintliga s\u00e4kerhetssystem.<\/p>\n<\/li>\n<li data-start=\"1185\" data-end=\"1331\">\n<p data-start=\"1187\" data-end=\"1331\"><strong data-start=\"1187\" data-end=\"1213\">Stor Tr\u00e5dl\u00f6s R\u00e4ckvidd:<\/strong><br data-start=\"1213\" data-end=\"1216\" \/>Med en r\u00e4ckvidd p\u00e5 upp till 2000 meter i fri terr\u00e4ng kan du t\u00e4cka stora omr\u00e5den och flera byggnader utan problem.<\/p>\n<\/li>\n<li data-start=\"1333\" data-end=\"1487\">\n<p data-start=\"1335\" data-end=\"1487\"><strong data-start=\"1335\" data-end=\"1366\">Integrerad Kamerahantering:<\/strong><br data-start=\"1366\" data-end=\"1369\" \/>St\u00f6d f\u00f6r Ajax IR-kameror g\u00f6r att enheten kan ta seriebilder vid larmh\u00e4ndelser \u2013 perfekt f\u00f6r att verifiera h\u00e4ndelser.<\/p>\n<\/li>\n<li data-start=\"1489\" data-end=\"1712\">\n<p data-start=\"1491\" data-end=\"1712\"><strong data-start=\"1491\" data-end=\"1515\">Enkel Konfigurering:<\/strong><br data-start=\"1515\" data-end=\"1518\" \/>Hantera och konfigurera systemet via de kostnadsfria apparna Ajax PRO (f\u00f6r installat\u00f6rer) och Ajax Security System (f\u00f6r anv\u00e4ndare). Det finns \u00e4ven en PRO Desktop-version f\u00f6r Windows och macOS.<\/p>\n<\/li>\n<li data-start=\"1714\" data-end=\"1887\">\n<p data-start=\"1716\" data-end=\"1887\"><strong data-start=\"1716\" data-end=\"1746\">Automatiska Uppdateringar:<\/strong><br data-start=\"1746\" data-end=\"1749\" \/>Firmwareuppdateringar sker automatiskt n\u00e4r systemet \u00e4r avlarmat, vilket garanterar att du alltid har den senaste och s\u00e4kraste versionen.<\/p>\n<\/li>\n<li data-start=\"1889\" data-end=\"2066\">\n<p data-start=\"1891\" data-end=\"2066\"><strong data-start=\"1891\" data-end=\"1914\">Flexibla Scenarion:<\/strong><br data-start=\"1914\" data-end=\"1917\" \/>Skapa upp till 32 scenarion f\u00f6r att till exempel styra belysning, st\u00e4nga av vattentillf\u00f6rseln eller \u00f6ppna garageportar med en enkel knapptryckning.<\/p>\n<\/li>\n<\/ul>\n<hr data-start=\"2303\" data-end=\"2306\" \/>\n<p data-start=\"2328\" data-end=\"2769\">Hub BP \u00e4r den ultimata l\u00f6sningen f\u00f6r att h\u00e5lla dina fastigheter s\u00e4kra, \u00e4ven n\u00e4r tillg\u00e5ngen till el \u00e4r begr\u00e4nsad. Med robust batteridriven drift, p\u00e5litlig 4G\/LTE-kommunikation, stor r\u00e4ckvidd och enkel integration med hela Ajax-sortimentet, f\u00e5r du en s\u00e4kerhetscentral som \u00e4r b\u00e5de flexibel och l\u00e4ttanv\u00e4nd. Oavsett om du skyddar ett tomt hus eller ett komplext anl\u00e4ggningssystem, erbjuder Hub BP trygghet och kontinuerligt skydd \u2013 dag efter dag.<\/p>\n<p data-start=\"2771\" data-end=\"2865\" data-is-last-node=\"\">V\u00e4lj Hub BP f\u00f6r en komplett och p\u00e5litlig s\u00e4kerhetsl\u00f6sning som alltid h\u00e5ller kontakten med dig!<\/p>","protected":false},"excerpt":{"rendered":"<p data-start=\"0\" data-end=\"63\"><strong data-start=\"0\" data-end=\"63\">Hub BP \u2013 Batteridriven s\u00e4kerhetscentral f\u00f6r platser utan el<\/strong><\/p>\n<p data-start=\"65\" data-end=\"404\">Hub BP \u00e4r en innovativ centrallapparat fr\u00e5n Ajax, designad f\u00f6r att s\u00e4kerst\u00e4lla trygghet \u00e4ven d\u00e4r eln\u00e4tet \u00e4r op\u00e5litligt eller helt otillg\u00e4ngligt. Perfekt f\u00f6r tomma hus, byggarbetsplatser, kontor eller andra avl\u00e4gsna platser, levererar Hub BP en robust och flexibel s\u00e4kerhetsl\u00f6sning med l\u00e5ng batteritid och p\u00e5litlig kommunikation via 4G\/LTE.<\/p>","protected":false},"featured_media":91542,"template":"","meta":{"_acf_changed":false},"product_brand":[],"product_cat":[2700],"product_tag":[3726],"class_list":{"0":"post-88923","1":"product","2":"type-product","3":"status-publish","4":"has-post-thumbnail","6":"product_cat-centralenheter-ajax-tradlosa-larm","7":"product_tag-pf","8":"product_shipping_class-tunga-paket","9":"pa_brands-ajax-systems","10":"pa_farg-svart","11":"pa_farg-vit","12":"tm-no-options","14":"first","15":"instock","16":"sale","17":"taxable","18":"shipping-taxable","19":"product-type-simple"},"acf":[],"_links":{"self":[{"href":"https:\/\/stonehouse.se\/en\/wp-json\/wp\/v2\/product\/88923","targetHints":{"allow":["GET"]}}],"collection":[{"href":"https:\/\/stonehouse.se\/en\/wp-json\/wp\/v2\/product"}],"about":[{"href":"https:\/\/stonehouse.se\/en\/wp-json\/wp\/v2\/types\/product"}],"wp:featuredmedia":[{"embeddable":true,"href":"https:\/\/stonehouse.se\/en\/wp-json\/wp\/v2\/media\/91542"}],"wp:attachment":[{"href":"https:\/\/stonehouse.se\/en\/wp-json\/wp\/v2\/media?parent=88923"}],"wp:term":[{"taxonomy":"product_brand","embeddable":true,"href":"https:\/\/stonehouse.se\/en\/wp-json\/wp\/v2\/product_brand?post=88923"},{"taxonomy":"product_cat","embeddable":true,"href":"https:\/\/stonehouse.se\/en\/wp-json\/wp\/v2\/product_cat?post=88923"},{"taxonomy":"product_tag","embeddable":true,"href":"https:\/\/stonehouse.se\/en\/wp-json\/wp\/v2\/product_tag?post=88923"}],"curies":[{"name":"wp","href":"https:\/\/api.w.org\/{rel}","templated":true}]}}