
{"id":88966,"date":"2025-02-14T11:54:09","date_gmt":"2025-02-14T10:54:09","guid":{"rendered":"https:\/\/stonehouse.se\/produkt\/kolsyreslackare-co2-5kg\/"},"modified":"2026-01-07T10:15:36","modified_gmt":"2026-01-07T09:15:36","slug":"kolsyreslackare-co2-5kg","status":"publish","type":"product","link":"https:\/\/stonehouse.se\/en\/product\/kolsyreslackare-co2-5kg\/","title":{"rendered":"Kolsyresl\u00e4ckare Co2 5 kg \u2013 Kraftfull brandsl\u00e4ckning f\u00f6r klass B-br\u00e4nder"},"content":{"rendered":"<h3 data-start=\"0\" data-end=\"81\"><strong data-start=\"4\" data-end=\"79\">Kolsyresl\u00e4ckare Co2 5 kg \u2013 Kraftfull brandsl\u00e4ckning f\u00f6r klass B-br\u00e4nder<\/strong><\/h3>\n<p data-start=\"331\" data-end=\"655\">Denna <strong data-start=\"375\" data-end=\"403\">kolsyresl\u00e4ckare Co2 5 kg<\/strong> \u00e4r en kraftfull och p\u00e5litlig l\u00f6sning f\u00f6r att hantera br\u00e4nder i brandfarliga v\u00e4tskor (klass B). Den \u00e4r byggd enligt UNI EN 3-7:2008 och certifierad enligt PED Pressure Equipment Directive 2014\/68\/EU, vilket s\u00e4kerst\u00e4ller h\u00f6gsta kvalitet och prestanda.<\/p>\n<p data-start=\"657\" data-end=\"1025\">Kolsyresl\u00e4ckaren inneh\u00e5ller <strong data-start=\"685\" data-end=\"706\">99,99 % koldioxid<\/strong>, vilket inneb\u00e4r att den sl\u00e4cker branden utan att l\u00e4mna n\u00e5gra rester. Det g\u00f6r den idealisk f\u00f6r k\u00e4nslig elektronisk utrustning och elektriska installationer upp till 1000V. Sl\u00e4ckaren har en robust konstruktion i h\u00f6gh\u00e5llfast st\u00e5l, belagd med epoxipolyester i RAL 3000, vilket ger utm\u00e4rkt korrosionsskydd och h\u00e5llbarhet.<\/p>\n<p data-start=\"1027\" data-end=\"1057\"><strong data-start=\"1027\" data-end=\"1055\">Egenskaper och f\u00f6rdelar:<\/strong><\/p>\n<ul data-start=\"1058\" data-end=\"1375\">\n<li data-start=\"1058\" data-end=\"1119\"><strong data-start=\"1060\" data-end=\"1079\">H\u00f6g sl\u00e4ckeffekt<\/strong> \u2013 klass 113B f\u00f6r brandfarliga v\u00e4tskor<\/li>\n<li data-start=\"1120\" data-end=\"1184\"><strong data-start=\"1122\" data-end=\"1167\">S\u00e4ker att anv\u00e4nda p\u00e5 elektrisk utrustning<\/strong> upp till 1000V<\/li>\n<li data-start=\"1185\" data-end=\"1246\"><strong data-start=\"1187\" data-end=\"1215\">H\u00e5llbar st\u00e5lkonstruktion<\/strong> med epoxipolyesterbel\u00e4ggning<\/li>\n<li data-start=\"1247\" data-end=\"1313\"><strong data-start=\"1249\" data-end=\"1269\">L\u00e5ng t\u00f6mningstid<\/strong> p\u00e5 15 sekunder f\u00f6r maximal sl\u00e4ckkapacitet<\/li>\n<li data-start=\"1314\" data-end=\"1375\"><strong data-start=\"1316\" data-end=\"1373\">Certifierad enligt UNI EN 3-7:2008 och PED 2014\/68\/EU<\/strong><\/li>\n<\/ul>\n<p data-start=\"1377\" data-end=\"1408\"><strong data-start=\"1377\" data-end=\"1406\">Tekniska specifikationer:<\/strong><\/p>\n<ul data-start=\"1409\" data-end=\"1856\">\n<li data-start=\"1409\" data-end=\"1440\"><strong data-start=\"1411\" data-end=\"1426\">Sl\u00e4ckmedel:<\/strong> 99,99 % Co2<\/li>\n<li data-start=\"1441\" data-end=\"1465\"><strong data-start=\"1443\" data-end=\"1458\">Brandklass:<\/strong> 113B<\/li>\n<li data-start=\"1466\" data-end=\"1509\"><strong data-start=\"1468\" data-end=\"1488\">Drifttemperatur:<\/strong> -20 \u00b0C till +60 \u00b0C<\/li>\n<li data-start=\"1510\" data-end=\"1541\"><strong data-start=\"1512\" data-end=\"1534\">Nominell fyllning:<\/strong> 5 kg<\/li>\n<li data-start=\"1542\" data-end=\"1569\"><strong data-start=\"1544\" data-end=\"1558\">Totalvikt:<\/strong> ~13,8 kg<\/li>\n<li data-start=\"1570\" data-end=\"1602\"><strong data-start=\"1572\" data-end=\"1588\">T\u00f6mningstid:<\/strong> 15 sekunder<\/li>\n<li data-start=\"1603\" data-end=\"1633\"><strong data-start=\"1605\" data-end=\"1624\">Max vridmoment:<\/strong> 196 Nm<\/li>\n<li data-start=\"1634\" data-end=\"1668\"><strong data-start=\"1636\" data-end=\"1658\">Tankens provtryck:<\/strong> 250 bar<\/li>\n<li data-start=\"1669\" data-end=\"1697\"><strong data-start=\"1671\" data-end=\"1689\">Tankkapacitet:<\/strong> 7,5 l<\/li>\n<li data-start=\"1698\" data-end=\"1746\"><strong data-start=\"1700\" data-end=\"1729\">S\u00e4kerhetsventilens tryck:<\/strong> 185 +\/- 15 bar<\/li>\n<li data-start=\"1747\" data-end=\"1777\"><strong data-start=\"1749\" data-end=\"1762\">Material:<\/strong> Legerat st\u00e5l<\/li>\n<li data-start=\"1778\" data-end=\"1856\"><strong data-start=\"1780\" data-end=\"1797\">Ytbehandling:<\/strong> Epoxipolyester RAL 3000, sandbl\u00e4strad och pulverlackerad<\/li>\n<\/ul>\n<p data-start=\"1991\" data-end=\"2156\" data-is-last-node=\"\">","protected":false},"excerpt":{"rendered":"<p>Kolsyresl\u00e4ckare Co2 5 kg \u2013 Kraftfull brandsl\u00e4ckning f\u00f6r klass B-br\u00e4nder Denna kolsyresl\u00e4ckare Co2 5 kg \u00e4r en kraftfull och p\u00e5litlig<\/p>","protected":false},"featured_media":88965,"template":"","meta":{"_acf_changed":false},"product_brand":[],"product_cat":[461],"product_tag":[],"class_list":{"0":"post-88966","1":"product","2":"type-product","3":"status-publish","4":"has-post-thumbnail","6":"product_cat-brandslackare","7":"tm-no-options","9":"first","10":"outofstock","11":"sale","12":"taxable","13":"shipping-taxable","14":"product-type-simple"},"acf":[],"_links":{"self":[{"href":"https:\/\/stonehouse.se\/en\/wp-json\/wp\/v2\/product\/88966","targetHints":{"allow":["GET"]}}],"collection":[{"href":"https:\/\/stonehouse.se\/en\/wp-json\/wp\/v2\/product"}],"about":[{"href":"https:\/\/stonehouse.se\/en\/wp-json\/wp\/v2\/types\/product"}],"wp:featuredmedia":[{"embeddable":true,"href":"https:\/\/stonehouse.se\/en\/wp-json\/wp\/v2\/media\/88965"}],"wp:attachment":[{"href":"https:\/\/stonehouse.se\/en\/wp-json\/wp\/v2\/media?parent=88966"}],"wp:term":[{"taxonomy":"product_brand","embeddable":true,"href":"https:\/\/stonehouse.se\/en\/wp-json\/wp\/v2\/product_brand?post=88966"},{"taxonomy":"product_cat","embeddable":true,"href":"https:\/\/stonehouse.se\/en\/wp-json\/wp\/v2\/product_cat?post=88966"},{"taxonomy":"product_tag","embeddable":true,"href":"https:\/\/stonehouse.se\/en\/wp-json\/wp\/v2\/product_tag?post=88966"}],"curies":[{"name":"wp","href":"https:\/\/api.w.org\/{rel}","templated":true}]}}