
{"id":89227,"date":"2025-03-10T11:39:12","date_gmt":"2025-03-10T10:39:12","guid":{"rendered":"https:\/\/stonehouse.se\/produkt\/armbagskontakt-aluminium-jck247\/"},"modified":"2025-12-31T21:51:32","modified_gmt":"2025-12-31T20:51:32","slug":"armbagskontakt-aluminium-jck247","status":"publish","type":"product","link":"https:\/\/stonehouse.se\/en\/product\/armbagskontakt-aluminium-jck247\/","title":{"rendered":"Armb\u00e5gskontakt \u2013 Aluminium \u2013 JCK247"},"content":{"rendered":"<h1>Armb\u00e5gskontakt \u2013 Aluminium \u2013 JCK247<\/h1>\n<section>JCK247 har tv\u00e5 tryckytor och \u00e4r tillverkad i silvereloxerad aluminium med svarta endcaps.B\u00e5da tryckytorna \u00e4r utformade med fyra taktila rillor och fungerar som extra v\u00e4gledning f\u00f6r personer med synneds\u00e4ttning.Man kan enkelt k\u00e4nna sig till vart man ska trycka f\u00f6r att aktivera d\u00f6rr\u00f6ppning.<\/p>\n<p>JCK247 ing\u00e5r i en produktserie av armb\u00e5gskontakter med tv\u00e5 tryckytor som \u00e4r lika stora.<\/p>\n<p>Serien \u00e4r s\u00e4rskilt utvecklad f\u00f6r milj\u00f6er med dubbla slagd\u00f6rrar och g\u00f6r det m\u00f6jligt att styra varje d\u00f6rr separat med en egen tryckknapp.<\/p>\n<p>Funktionen bidrar till att minska kallras och drag, samt spar energi j\u00e4mf\u00f6rt med att b\u00e5da d\u00f6rrar \u00e5ker upp vid varje \u00f6ppning.<\/p>\n<p>Dessa armb\u00e5gskontakter kan \u00e4ven vara l\u00e4mpliga i en passage d\u00e4r det finns tv\u00e5 ing\u00e5ngar till lokalen.<\/p>\n<\/section>\n<section>\n<h4>Teknisk specifikation<\/h4>\n<ul>\n<li>Tillverkad i Sverige.<\/li>\n<li>Material: Alu.6060-T6, POM Plast (Acetalplast).<\/li>\n<li>M\u00e5tt standardversion l\/b\/h: 477x80x23 mm.<\/li>\n<li>Mikrobrytare: Standard 2st NO IP67.<\/li>\n<\/ul>\n<\/section>","protected":false},"excerpt":{"rendered":"<p>Produktm\u00e5tt: 477 x 80 x 23 mm.<\/p>\n<p>Armb\u00e5gskontakt med dubbla tryckplattor i silvereloxerad aluminium och svarta endcaps.<\/p>\n<p>L\u00e5ng modell med taktila rillor.<\/p>","protected":false},"featured_media":89225,"template":"","meta":{"_acf_changed":false},"product_brand":[],"product_cat":[391,3661],"product_tag":[],"class_list":{"0":"post-89227","1":"product","2":"type-product","3":"status-publish","4":"has-post-thumbnail","6":"product_cat-armbagskontakter-dorrautomatik","7":"product_cat-metall","8":"product_shipping_class-tunga-paket","9":"pa_brands-jc-kontakter","10":"tm-no-options","12":"first","13":"instock","14":"sale","15":"taxable","16":"shipping-taxable","17":"product-type-simple"},"acf":[],"_links":{"self":[{"href":"https:\/\/stonehouse.se\/en\/wp-json\/wp\/v2\/product\/89227","targetHints":{"allow":["GET"]}}],"collection":[{"href":"https:\/\/stonehouse.se\/en\/wp-json\/wp\/v2\/product"}],"about":[{"href":"https:\/\/stonehouse.se\/en\/wp-json\/wp\/v2\/types\/product"}],"wp:featuredmedia":[{"embeddable":true,"href":"https:\/\/stonehouse.se\/en\/wp-json\/wp\/v2\/media\/89225"}],"wp:attachment":[{"href":"https:\/\/stonehouse.se\/en\/wp-json\/wp\/v2\/media?parent=89227"}],"wp:term":[{"taxonomy":"product_brand","embeddable":true,"href":"https:\/\/stonehouse.se\/en\/wp-json\/wp\/v2\/product_brand?post=89227"},{"taxonomy":"product_cat","embeddable":true,"href":"https:\/\/stonehouse.se\/en\/wp-json\/wp\/v2\/product_cat?post=89227"},{"taxonomy":"product_tag","embeddable":true,"href":"https:\/\/stonehouse.se\/en\/wp-json\/wp\/v2\/product_tag?post=89227"}],"curies":[{"name":"wp","href":"https:\/\/api.w.org\/{rel}","templated":true}]}}