
{"id":89233,"date":"2025-03-10T11:35:00","date_gmt":"2025-03-10T10:35:00","guid":{"rendered":"https:\/\/stonehouse.se\/produkt\/armbagskontakt-aluminium-jck227\/"},"modified":"2025-12-31T21:46:17","modified_gmt":"2025-12-31T20:46:17","slug":"armbagskontakt-aluminium-jck227","status":"publish","type":"product","link":"https:\/\/stonehouse.se\/en\/product\/armbagskontakt-aluminium-jck227\/","title":{"rendered":"Armb\u00e5gskontakt \u2013 Aluminium \u2013 JCK227"},"content":{"rendered":"<h1>Armb\u00e5gskontakt \u2013 Aluminium \u2013 JCK227<\/h1>\n<p>JCK227 tillh\u00f6r en serie armb\u00e5gskontakter med dubbla tryckytor som g\u00f6r det m\u00f6jligt att koppla t.ex. en extra d\u00f6rr eller ett l\u00e5s.<\/p>\n<p>JCK227 \u00e4r tillverkad i silvereloxerad aluminium med svarta endcaps.<\/p>\n<p>B\u00e5da tryckytorna \u00e4r utformade med fyra taktila rillor och fungerar som extra v\u00e4gledning f\u00f6r personer med synneds\u00e4ttning.<\/p>\n<p>Man kan enkelt k\u00e4nna sig till vart man ska trycka f\u00f6r att aktivera d\u00f6rr\u00f6ppning.<\/p>\n<h4>Teknisk specifikation<\/h4>\n<ul>\n<li>Tillverkad i Sverige.<\/li>\n<li>Material: Alu.6060-T6, POM Plast (Acetalplast).<\/li>\n<li>M\u00e5tt standardversion l\/b\/h: 311x80x23 mm.<\/li>\n<li>Mikrobrytare: 1st NO + 1st NO\/NC. IP67.<\/li>\n<\/ul>","protected":false},"excerpt":{"rendered":"<p>Produktm\u00e5tt: 311 x 80 x 23 mm.<\/p>\n<p>Armb\u00e5gskontakt i silvereloxerad aluminium med svarta endcaps.<\/p>\n<p>Dubbla tryckytor med taktila rillor.<\/p>","protected":false},"featured_media":89231,"template":"","meta":{"_acf_changed":false},"product_brand":[],"product_cat":[391,3661],"product_tag":[],"class_list":{"0":"post-89233","1":"product","2":"type-product","3":"status-publish","4":"has-post-thumbnail","6":"product_cat-armbagskontakter-dorrautomatik","7":"product_cat-metall","8":"product_shipping_class-tunga-paket","9":"pa_brands-jc-kontakter","10":"tm-no-options","12":"first","13":"instock","14":"sale","15":"taxable","16":"shipping-taxable","17":"product-type-simple"},"acf":[],"_links":{"self":[{"href":"https:\/\/stonehouse.se\/en\/wp-json\/wp\/v2\/product\/89233","targetHints":{"allow":["GET"]}}],"collection":[{"href":"https:\/\/stonehouse.se\/en\/wp-json\/wp\/v2\/product"}],"about":[{"href":"https:\/\/stonehouse.se\/en\/wp-json\/wp\/v2\/types\/product"}],"wp:featuredmedia":[{"embeddable":true,"href":"https:\/\/stonehouse.se\/en\/wp-json\/wp\/v2\/media\/89231"}],"wp:attachment":[{"href":"https:\/\/stonehouse.se\/en\/wp-json\/wp\/v2\/media?parent=89233"}],"wp:term":[{"taxonomy":"product_brand","embeddable":true,"href":"https:\/\/stonehouse.se\/en\/wp-json\/wp\/v2\/product_brand?post=89233"},{"taxonomy":"product_cat","embeddable":true,"href":"https:\/\/stonehouse.se\/en\/wp-json\/wp\/v2\/product_cat?post=89233"},{"taxonomy":"product_tag","embeddable":true,"href":"https:\/\/stonehouse.se\/en\/wp-json\/wp\/v2\/product_tag?post=89233"}],"curies":[{"name":"wp","href":"https:\/\/api.w.org\/{rel}","templated":true}]}}