
{"id":89244,"date":"2025-03-10T11:16:40","date_gmt":"2025-03-10T10:16:40","guid":{"rendered":"https:\/\/stonehouse.se\/produkt\/armbagskontakt-aluminium-jck207-600-mm\/"},"modified":"2025-12-31T21:51:12","modified_gmt":"2025-12-31T20:51:12","slug":"armbagskontakt-aluminium-jck207-600-mm","status":"publish","type":"product","link":"https:\/\/stonehouse.se\/en\/product\/armbagskontakt-aluminium-jck207-600-mm\/","title":{"rendered":"Armb\u00e5gskontakt \u2013 Aluminium \u2013 JCK207 600 mm"},"content":{"rendered":"<section>\n<section>\n<h1>Armb\u00e5gskontakt \u2013 Aluminium \u2013 JCK207 600 mm<\/h1>\n<p>JCK207 tillh\u00f6r en serie armb\u00e5gskontakter som har en plan tryckyta med fyra taktila rillor i.<\/p>\n<p>Rillorna fungerar som extra v\u00e4gledning f\u00f6r personer med synneds\u00e4ttning.<\/p>\n<p>Man kan enkelt k\u00e4nna sig till vart man ska trycka f\u00f6r att aktivera d\u00f6rr\u00f6ppning.<\/p>\n<p>JCK207 \u00e4r tillverkad i silvereloxerad aluminium och har m\u00f6rkgr\u00e5 endcaps.<\/p>\n<p>Den levereras med 1st mikrobrytare i IP67, men g\u00e5r \u00e4ven att best\u00e4lla med fler.<\/p>\n<\/section>\n<section>\n<h4>Teknisk specifikation<\/h4>\n<ul>\n<li>Tillverkad i Sverige.<\/li>\n<li>Material: Alu.6060-T6, POM Plast (Acetalplast).<\/li>\n<li>M\u00e5tt standardversion l\/b\/h: 600x80x23 mm.<\/li>\n<li>Mikrobrytare: Standard 1st NO IP67. G\u00e5r att best\u00e4lla med 2st, samt med NO\/NC.<\/li>\n<\/ul>\n<\/section>\n<\/section>","protected":false},"excerpt":{"rendered":"<p>Produktm\u00e5tt: 600 x 80 x 23 mm.<\/p>\n<p>Armb\u00e5gskontakt i silvereloxerad aluminium med m\u00f6rkgr\u00e5 endcaps.<\/p>\n<p>Plan tryckplatta med taktila rillor.<\/p>","protected":false},"featured_media":89243,"template":"","meta":{"_acf_changed":false},"product_brand":[],"product_cat":[391,3661],"product_tag":[],"class_list":{"0":"post-89244","1":"product","2":"type-product","3":"status-publish","4":"has-post-thumbnail","6":"product_cat-armbagskontakter-dorrautomatik","7":"product_cat-metall","8":"product_shipping_class-tunga-paket","9":"pa_brands-jc-kontakter","10":"tm-no-options","12":"first","13":"instock","14":"sale","15":"taxable","16":"shipping-taxable","17":"product-type-simple"},"acf":[],"_links":{"self":[{"href":"https:\/\/stonehouse.se\/en\/wp-json\/wp\/v2\/product\/89244","targetHints":{"allow":["GET"]}}],"collection":[{"href":"https:\/\/stonehouse.se\/en\/wp-json\/wp\/v2\/product"}],"about":[{"href":"https:\/\/stonehouse.se\/en\/wp-json\/wp\/v2\/types\/product"}],"wp:featuredmedia":[{"embeddable":true,"href":"https:\/\/stonehouse.se\/en\/wp-json\/wp\/v2\/media\/89243"}],"wp:attachment":[{"href":"https:\/\/stonehouse.se\/en\/wp-json\/wp\/v2\/media?parent=89244"}],"wp:term":[{"taxonomy":"product_brand","embeddable":true,"href":"https:\/\/stonehouse.se\/en\/wp-json\/wp\/v2\/product_brand?post=89244"},{"taxonomy":"product_cat","embeddable":true,"href":"https:\/\/stonehouse.se\/en\/wp-json\/wp\/v2\/product_cat?post=89244"},{"taxonomy":"product_tag","embeddable":true,"href":"https:\/\/stonehouse.se\/en\/wp-json\/wp\/v2\/product_tag?post=89244"}],"curies":[{"name":"wp","href":"https:\/\/api.w.org\/{rel}","templated":true}]}}