
{"id":89252,"date":"2025-03-10T11:09:09","date_gmt":"2025-03-10T10:09:09","guid":{"rendered":"https:\/\/stonehouse.se\/produkt\/armbagskontakt-aluminium-jck218\/"},"modified":"2025-12-31T21:43:03","modified_gmt":"2025-12-31T20:43:03","slug":"armbagskontakt-aluminium-jck218","status":"publish","type":"product","link":"https:\/\/stonehouse.se\/en\/product\/armbagskontakt-aluminium-jck218\/","title":{"rendered":"Armb\u00e5gskontakt \u2013 Aluminium \u2013 JCK218"},"content":{"rendered":"<h1>Armb\u00e5gskontakt \u2013 Aluminium \u2013 JCK218<\/h1>\n<section>JCK218 tillh\u00f6r en serie armb\u00e5gskontakter som har en plan tryckyta med fyra taktila rillor i. Rillorna fungerar som extra v\u00e4gledning f\u00f6r personer med synneds\u00e4ttning.Man kan enkelt k\u00e4nna sig till vart man ska trycka f\u00f6r att aktivera d\u00f6rr\u00f6ppning.JCK218 \u00e4r tillverkad i vitlackad aluminium och har vita endcaps.<\/p>\n<p>Den levereras med 1st mikrobrytare i IP67, men g\u00e5r \u00e4ven att best\u00e4lla med fler.<\/p>\n<\/section>\n<section>\n<h4>Teknisk specifikation<\/h4>\n<ul>\n<li>Tillverkad i Sverige.<\/li>\n<li>Material: Alu.6060-T6, POM Plast (Acetalplast).<\/li>\n<li>M\u00e5tt standardversion l\/b\/h: 245x80x23 mm.<\/li>\n<li>Mikrobrytare: Standard 1st NO IP67. G\u00e5r att best\u00e4lla med 2st, samt med NO\/NC.<\/li>\n<\/ul>\n<\/section>","protected":false},"excerpt":{"rendered":"<p>Produktm\u00e5tt: 245 x 80 x 23 mm.<\/p>\n<p>Armb\u00e5gskontakt i vitlackad aluminium med tillh\u00f6rande vita endcaps.<\/p>\n<p>Plan tryckplatta med taktila rillor.<\/p>","protected":false},"featured_media":89250,"template":"","meta":{"_acf_changed":false},"product_brand":[],"product_cat":[391,3661],"product_tag":[],"class_list":{"0":"post-89252","1":"product","2":"type-product","3":"status-publish","4":"has-post-thumbnail","6":"product_cat-armbagskontakter-dorrautomatik","7":"product_cat-metall","8":"product_shipping_class-tunga-paket","9":"pa_brands-jc-kontakter","10":"tm-no-options","12":"first","13":"instock","14":"sale","15":"taxable","16":"shipping-taxable","17":"product-type-simple"},"acf":[],"_links":{"self":[{"href":"https:\/\/stonehouse.se\/en\/wp-json\/wp\/v2\/product\/89252","targetHints":{"allow":["GET"]}}],"collection":[{"href":"https:\/\/stonehouse.se\/en\/wp-json\/wp\/v2\/product"}],"about":[{"href":"https:\/\/stonehouse.se\/en\/wp-json\/wp\/v2\/types\/product"}],"wp:featuredmedia":[{"embeddable":true,"href":"https:\/\/stonehouse.se\/en\/wp-json\/wp\/v2\/media\/89250"}],"wp:attachment":[{"href":"https:\/\/stonehouse.se\/en\/wp-json\/wp\/v2\/media?parent=89252"}],"wp:term":[{"taxonomy":"product_brand","embeddable":true,"href":"https:\/\/stonehouse.se\/en\/wp-json\/wp\/v2\/product_brand?post=89252"},{"taxonomy":"product_cat","embeddable":true,"href":"https:\/\/stonehouse.se\/en\/wp-json\/wp\/v2\/product_cat?post=89252"},{"taxonomy":"product_tag","embeddable":true,"href":"https:\/\/stonehouse.se\/en\/wp-json\/wp\/v2\/product_tag?post=89252"}],"curies":[{"name":"wp","href":"https:\/\/api.w.org\/{rel}","templated":true}]}}