
{"id":89256,"date":"2025-03-04T15:26:28","date_gmt":"2025-03-04T14:26:28","guid":{"rendered":"https:\/\/stonehouse.se\/produkt\/armbagskontakt-beroringsfri-jck201\/"},"modified":"2025-12-31T21:44:19","modified_gmt":"2025-12-31T20:44:19","slug":"armbagskontakt-beroringsfri-jck201","status":"publish","type":"product","link":"https:\/\/stonehouse.se\/en\/product\/armbagskontakt-beroringsfri-jck201\/","title":{"rendered":"Armb\u00e5gskontakt \u2013 Ber\u00f6ringsfri \u2013 JCK201"},"content":{"rendered":"<h1>Armb\u00e5gskontakt \u2013 Ber\u00f6ringsfri \u2013 JCK201<\/h1>\n<section>JCK201 \u00e4r en modell med inbyggd IR-sensor, som m\u00f6jligg\u00f6r ber\u00f6ringsfri funktion.IR-sensorn reagerar p\u00e5 ljusskiftningar, vilket g\u00f6r att man aktiverar d\u00f6rr\u00f6ppning genom att bara r\u00f6ra handen framf\u00f6r kontakten.Denna sortens armb\u00e5gskontakt \u00e4r s\u00e4rskilt l\u00e4mplig i milj\u00f6er d\u00e4r man vill begr\u00e4nsa spridning av bakterier, s\u00e5som skolor, sjukhus och andra offentliga byggnader.Modellen \u00e4r \u00e4ven utrustad med LED-ljus som hj\u00e4lper till att visa aktuell status- gr\u00f6nt f\u00f6r standby och bl\u00e5tt vid aktivering.<\/p>\n<p>JCK201 levereras med tv\u00e5 rel\u00e4 och en dipswitch som m\u00f6jligg\u00f6r ett antal olika installationsalternativ.<\/p>\n<\/section>\n<section>\n<h4>Teknisk specifikation<\/h4>\n<ul>\n<li>Tillverkad i Sverige.<\/li>\n<li>Material: Alu.6060-T6, POM Plast(Acetalplast).<\/li>\n<li>M\u00e5tt l\/b\/h: 245 x 80 x 26mm.<\/li>\n<li>IR-sensor.<\/li>\n<li>Led-ljus.<\/li>\n<li>Styrenhet med dipswitch.<\/li>\n<li>Tv\u00e5 rel\u00e4.<\/li>\n<\/ul>\n<\/section>\n<p>&nbsp;<\/p>","protected":false},"excerpt":{"rendered":"<p>Produktm\u00e5tt: 245 x 80 x 26 mm.<\/p>\n<p>Armb\u00e5gskontakt i aluminium med inbyggd IR-sensor f\u00f6r ber\u00f6ringsfri funktion.<\/p>\n<p>LED-ljus som visar standby- och aktiveringsl\u00e4ge.<\/p>","protected":false},"featured_media":89254,"template":"","meta":{"_acf_changed":false},"product_brand":[],"product_cat":[391,3661],"product_tag":[],"class_list":{"0":"post-89256","1":"product","2":"type-product","3":"status-publish","4":"has-post-thumbnail","6":"product_cat-armbagskontakter-dorrautomatik","7":"product_cat-metall","8":"product_shipping_class-tunga-paket","9":"pa_brands-jc-kontakter","10":"tm-no-options","12":"first","13":"instock","14":"sale","15":"taxable","16":"shipping-taxable","17":"product-type-simple"},"acf":[],"_links":{"self":[{"href":"https:\/\/stonehouse.se\/en\/wp-json\/wp\/v2\/product\/89256","targetHints":{"allow":["GET"]}}],"collection":[{"href":"https:\/\/stonehouse.se\/en\/wp-json\/wp\/v2\/product"}],"about":[{"href":"https:\/\/stonehouse.se\/en\/wp-json\/wp\/v2\/types\/product"}],"wp:featuredmedia":[{"embeddable":true,"href":"https:\/\/stonehouse.se\/en\/wp-json\/wp\/v2\/media\/89254"}],"wp:attachment":[{"href":"https:\/\/stonehouse.se\/en\/wp-json\/wp\/v2\/media?parent=89256"}],"wp:term":[{"taxonomy":"product_brand","embeddable":true,"href":"https:\/\/stonehouse.se\/en\/wp-json\/wp\/v2\/product_brand?post=89256"},{"taxonomy":"product_cat","embeddable":true,"href":"https:\/\/stonehouse.se\/en\/wp-json\/wp\/v2\/product_cat?post=89256"},{"taxonomy":"product_tag","embeddable":true,"href":"https:\/\/stonehouse.se\/en\/wp-json\/wp\/v2\/product_tag?post=89256"}],"curies":[{"name":"wp","href":"https:\/\/api.w.org\/{rel}","templated":true}]}}