
{"id":89288,"date":"2025-03-10T12:04:53","date_gmt":"2025-03-10T11:04:53","guid":{"rendered":"https:\/\/stonehouse.se\/produkt\/armbagskontakt-abs-plast-jck107\/"},"modified":"2025-12-31T21:43:16","modified_gmt":"2025-12-31T20:43:16","slug":"armbagskontakt-abs-plast-jck107","status":"publish","type":"product","link":"https:\/\/stonehouse.se\/en\/product\/armbagskontakt-abs-plast-jck107\/","title":{"rendered":"Armb\u00e5gskontakt \u2013 ABS-plast \u2013 JCK107"},"content":{"rendered":"<h1 class=\"product_title entry-title elementor-heading-title elementor-size-default\">Armb\u00e5gskontakt \u2013 ABS-plast \u2013 JCK107<\/h1>\n<p>Stilren armb\u00e5gskontakt i t\u00e5lig ABS-plast.<\/p>\n<p>Modell med plan tryckplatta i rostfri metall och m\u00f6rkgr\u00e5 underdel. JCK107 levereras med 1st mikrobrytare i IP67, men g\u00e5r \u00e4ven att best\u00e4lla med fler.<\/p>\n<h3>Teknisk specifikation<\/h3>\n<ul>\n<li>Tillverkad i Sverige.<\/li>\n<li>Material: \u00c5tervinningsbar ABS-plast. Rostfri metall.<\/li>\n<li>M\u00e5tt l\/b\/h: 250x95x23 mm.<\/li>\n<li>Mikrobrytare: Standard 1st NO IP67. G\u00e5r att best\u00e4lla med 2st, samt med NO\/NC.<\/li>\n<\/ul>","protected":false},"excerpt":{"rendered":"<p>Produktm\u00e5tt: 250 x 95 x 23 mm.<\/p>\n<p>Armb\u00e5gskontakt i plast med plan, rostfri tryckplatta och m\u00f6rkgr\u00e5 ram.<\/p>","protected":false},"featured_media":89286,"template":"","meta":{"_acf_changed":false},"product_brand":[],"product_cat":[3660,391],"product_tag":[2367],"class_list":{"0":"post-89288","1":"product","2":"type-product","3":"status-publish","4":"has-post-thumbnail","6":"product_cat-abs-plast","7":"product_cat-armbagskontakter-dorrautomatik","8":"product_tag-egen-logo-ej-taggar-kort","9":"product_shipping_class-tunga-paket","10":"pa_brands-jc-kontakter","11":"tm-no-options","13":"first","14":"instock","15":"sale","16":"featured","17":"taxable","18":"shipping-taxable","19":"product-type-simple"},"acf":[],"_links":{"self":[{"href":"https:\/\/stonehouse.se\/en\/wp-json\/wp\/v2\/product\/89288","targetHints":{"allow":["GET"]}}],"collection":[{"href":"https:\/\/stonehouse.se\/en\/wp-json\/wp\/v2\/product"}],"about":[{"href":"https:\/\/stonehouse.se\/en\/wp-json\/wp\/v2\/types\/product"}],"wp:featuredmedia":[{"embeddable":true,"href":"https:\/\/stonehouse.se\/en\/wp-json\/wp\/v2\/media\/89286"}],"wp:attachment":[{"href":"https:\/\/stonehouse.se\/en\/wp-json\/wp\/v2\/media?parent=89288"}],"wp:term":[{"taxonomy":"product_brand","embeddable":true,"href":"https:\/\/stonehouse.se\/en\/wp-json\/wp\/v2\/product_brand?post=89288"},{"taxonomy":"product_cat","embeddable":true,"href":"https:\/\/stonehouse.se\/en\/wp-json\/wp\/v2\/product_cat?post=89288"},{"taxonomy":"product_tag","embeddable":true,"href":"https:\/\/stonehouse.se\/en\/wp-json\/wp\/v2\/product_tag?post=89288"}],"curies":[{"name":"wp","href":"https:\/\/api.w.org\/{rel}","templated":true}]}}