
{"id":89294,"date":"2025-03-10T11:53:34","date_gmt":"2025-03-10T10:53:34","guid":{"rendered":"https:\/\/stonehouse.se\/produkt\/armbagskontakt-sparkfunktion-jck138\/"},"modified":"2025-12-31T21:46:42","modified_gmt":"2025-12-31T20:46:42","slug":"armbagskontakt-sparkfunktion-jck138","status":"publish","type":"product","link":"https:\/\/stonehouse.se\/en\/product\/armbagskontakt-sparkfunktion-jck138\/","title":{"rendered":"Armb\u00e5gskontakt \u2013 Sparkfunktion \u2013 JCK138"},"content":{"rendered":"<h1 class=\"product_title entry-title elementor-heading-title elementor-size-default\">Armb\u00e5gskontakt \u2013 Sparkfunktion \u2013 JCK138<\/h1>\n<section>\n<section>Kombinerad armb\u00e5gskontakt\/sparkkontakt.L\u00e5ng modell som \u00e4r tillverkad i aluminium, med silvereloxerad tryckyta upptill och svart sparkyta i botten.JCK138 tillh\u00f6r en serie armb\u00e5gskontakter som \u00e4r kombinerade med sparkkontakt nedtill.Modellerna \u00e4r s\u00e4rskilt utvecklade f\u00f6r att underl\u00e4tta f\u00f6r t.ex. sjukhuspersonal att snabbt och enkelt kunna \u00f6ppna d\u00f6rrar med t.ex. s\u00e4ngen, armb\u00e5gen, h\u00f6ften eller foten.<\/section>\n<section>\n<h4>Teknisk specifikation<\/h4>\n<ul>\n<li>Tillverkad i Sverige.<\/li>\n<li>Material: Alu.6060-T6, POM Plast (Acetalplast).<\/li>\n<li>M\u00e5tt standardversion l\/b\/h: 1200x80x28 mm.<\/li>\n<li>Mikrobrytare: Standard 8 st NO IP Klass 67.<\/li>\n<\/ul>\n<\/section>\n<section>\n<h4>Tillbeh\u00f6r och tillval<\/h4>\n<ul>\n<li>Styrenhet med dubbla utg\u00e5ngar och f\u00f6rdr\u00f6jd signal p\u00e5 en utg\u00e5ng.<\/li>\n<\/ul>\n<\/section>\n<\/section>","protected":false},"excerpt":{"rendered":"<p>Produktm\u00e5tt: 1200 x 80 x 28 mm.<\/p>\n<p>L\u00e5ng armb\u00e5gskontakt i silvereloxerad aluminium med sparkfunktion\/sparkkontakt nedtill i svart.<\/p>","protected":false},"featured_media":89292,"template":"","meta":{"_acf_changed":false},"product_brand":[],"product_cat":[391,3661],"product_tag":[],"class_list":{"0":"post-89294","1":"product","2":"type-product","3":"status-publish","4":"has-post-thumbnail","6":"product_cat-armbagskontakter-dorrautomatik","7":"product_cat-metall","8":"product_shipping_class-tunga-paket","9":"pa_brands-jc-kontakter","10":"tm-no-options","12":"first","13":"instock","14":"sale","15":"taxable","16":"shipping-taxable","17":"product-type-simple"},"acf":[],"_links":{"self":[{"href":"https:\/\/stonehouse.se\/en\/wp-json\/wp\/v2\/product\/89294","targetHints":{"allow":["GET"]}}],"collection":[{"href":"https:\/\/stonehouse.se\/en\/wp-json\/wp\/v2\/product"}],"about":[{"href":"https:\/\/stonehouse.se\/en\/wp-json\/wp\/v2\/types\/product"}],"wp:featuredmedia":[{"embeddable":true,"href":"https:\/\/stonehouse.se\/en\/wp-json\/wp\/v2\/media\/89292"}],"wp:attachment":[{"href":"https:\/\/stonehouse.se\/en\/wp-json\/wp\/v2\/media?parent=89294"}],"wp:term":[{"taxonomy":"product_brand","embeddable":true,"href":"https:\/\/stonehouse.se\/en\/wp-json\/wp\/v2\/product_brand?post=89294"},{"taxonomy":"product_cat","embeddable":true,"href":"https:\/\/stonehouse.se\/en\/wp-json\/wp\/v2\/product_cat?post=89294"},{"taxonomy":"product_tag","embeddable":true,"href":"https:\/\/stonehouse.se\/en\/wp-json\/wp\/v2\/product_tag?post=89294"}],"curies":[{"name":"wp","href":"https:\/\/api.w.org\/{rel}","templated":true}]}}