
{"id":89301,"date":"2025-03-04T16:45:54","date_gmt":"2025-03-04T15:45:54","guid":{"rendered":"https:\/\/stonehouse.se\/produkt\/armbagskontakt-aluminium-jck118-600-mm\/"},"modified":"2025-12-31T21:50:08","modified_gmt":"2025-12-31T20:50:08","slug":"armbagskontakt-aluminium-jck118-600-mm","status":"publish","type":"product","link":"https:\/\/stonehouse.se\/en\/product\/armbagskontakt-aluminium-jck118-600-mm\/","title":{"rendered":"Armb\u00e5gskontakt \u2013 Aluminium \u2013 JCK118 600 mm"},"content":{"rendered":"<h1 class=\"product_title entry-title elementor-heading-title elementor-size-default\">Armb\u00e5gskontakt \u2013 Aluminium \u2013 JCK118 600 mm<\/h1>\n<p>JCK118 \u00e4r en robust armb\u00e5gskontakt i aluminium.<\/p>\n<p>Modellen har en konkav svart tryckplatta med kontrasterande vita endcaps och \u00e4r speciellt l\u00e4mplig att installeras i kr\u00e4vande milj\u00f6er.<\/p>\n<p>JCK118 levereras med 1st mikrobrytare i IP67, men g\u00e5r \u00e4ven att best\u00e4lla med fler.<\/p>\n<section>\n<h3>Teknisk specifikation<\/h3>\n<ul>\n<li>Tillverkad i Sverige.<\/li>\n<li>Material: Alu.6060-T6, POM Plast (Acetalplast).<\/li>\n<li>M\u00e5tt standardversion l\/b\/h: 600x80x28 mm.<\/li>\n<li>Mikrobrytare: NO IP Klass 67. Standard 1 st NO, g\u00e5r att best\u00e4lla med 2 st mikrobrytare och med NO\/NC v\u00e4xlande mikrobrytare.<\/li>\n<\/ul>\n<\/section>","protected":false},"excerpt":{"rendered":"<p>Storlek: 600 x 80 x 28 mm.<\/p>\n<p>Armb\u00e5gskontakt med konkav tryckplatta i svarteloxerad aluminium och vita endcaps.<\/p>","protected":false},"featured_media":89298,"template":"","meta":{"_acf_changed":false},"product_brand":[],"product_cat":[391,3661],"product_tag":[],"class_list":{"0":"post-89301","1":"product","2":"type-product","3":"status-publish","4":"has-post-thumbnail","6":"product_cat-armbagskontakter-dorrautomatik","7":"product_cat-metall","8":"product_shipping_class-tunga-paket","9":"pa_brands-jc-kontakter","10":"tm-no-options","12":"first","13":"instock","14":"sale","15":"taxable","16":"shipping-taxable","17":"product-type-simple"},"acf":[],"_links":{"self":[{"href":"https:\/\/stonehouse.se\/en\/wp-json\/wp\/v2\/product\/89301","targetHints":{"allow":["GET"]}}],"collection":[{"href":"https:\/\/stonehouse.se\/en\/wp-json\/wp\/v2\/product"}],"about":[{"href":"https:\/\/stonehouse.se\/en\/wp-json\/wp\/v2\/types\/product"}],"wp:featuredmedia":[{"embeddable":true,"href":"https:\/\/stonehouse.se\/en\/wp-json\/wp\/v2\/media\/89298"}],"wp:attachment":[{"href":"https:\/\/stonehouse.se\/en\/wp-json\/wp\/v2\/media?parent=89301"}],"wp:term":[{"taxonomy":"product_brand","embeddable":true,"href":"https:\/\/stonehouse.se\/en\/wp-json\/wp\/v2\/product_brand?post=89301"},{"taxonomy":"product_cat","embeddable":true,"href":"https:\/\/stonehouse.se\/en\/wp-json\/wp\/v2\/product_cat?post=89301"},{"taxonomy":"product_tag","embeddable":true,"href":"https:\/\/stonehouse.se\/en\/wp-json\/wp\/v2\/product_tag?post=89301"}],"curies":[{"name":"wp","href":"https:\/\/api.w.org\/{rel}","templated":true}]}}