
{"id":89310,"date":"2025-03-04T16:29:00","date_gmt":"2025-03-04T15:29:00","guid":{"rendered":"https:\/\/stonehouse.se\/produkt\/armbagskontakt-50mm-alu-jck260\/"},"modified":"2025-12-31T21:42:05","modified_gmt":"2025-12-31T20:42:05","slug":"armbagskontakt-50mm-alu-jck260","status":"publish","type":"product","link":"https:\/\/stonehouse.se\/en\/product\/armbagskontakt-50mm-alu-jck260\/","title":{"rendered":"Armb\u00e5gskontakt \u2013 50mm \u2013 Alu \u2013 JCK260"},"content":{"rendered":"<h1 class=\"product_title entry-title elementor-heading-title elementor-size-default\">Armb\u00e5gskontakt \u2013 50mm \u2013 Alu \u2013 JCK260<\/h1>\n<p>JCK260 \u00e4r endast 50mm bred och utvecklad f\u00f6r montering p\u00e5 glaspartier byggda med 50mm profilsystem, samt i andra utrymmen d\u00e4r det \u00e4r begr\u00e4nsat med plats.<\/p>\n<p>Modellen har dubbla tryckytor och \u00e4r tillverkad i silvereloxerad aluminium med svarta endcaps.<\/p>\n<p>V\u00e5ra armb\u00e5gskontakter med dubbla tryckytor \u00e4r utvecklade f\u00f6r milj\u00f6er med dubbla slagd\u00f6rrar och g\u00f6r det m\u00f6jligt att styra varje d\u00f6rr separat med en egen tryckknapp.<\/p>\n<p>Funktionen bidrar till att minska kallras och drag, samt spar energi j\u00e4mf\u00f6rt med att b\u00e5da d\u00f6rrar \u00e5ker upp vid varje \u00f6ppning.<\/p>\n<p>Dessa armb\u00e5gskontakter kan \u00e4ven vara l\u00e4mpliga i en passage d\u00e4r det finns tv\u00e5 ing\u00e5ngar till lokalen.<\/p>\n<h4>Teknisk specifikation<\/h4>\n<ul>\n<li>Tillverkad i Sverige.<\/li>\n<li>Material: Alu.6060-T6, POM Plast (Acetalplast).<\/li>\n<li>M\u00e5tt standardversion l\/b\/h: 311x50x23 mm.<\/li>\n<li>Mikrobrytare: 2st IP67. 1st NO\/NC (liten tryckyta), 1st NO(stor tryckyta).<\/li>\n<\/ul>\n<p>&nbsp;<\/p>","protected":false},"excerpt":{"rendered":"<p>Produktm\u00e5tt: 311 x 50 x 23 mm.<\/p>\n<p>Armb\u00e5gskontakt i silvereloxerad aluminium med svarta endcaps.<\/p>\n<p>Smal modell med dubbla tryckytor.<\/p>","protected":false},"featured_media":89309,"template":"","meta":{"_acf_changed":false},"product_brand":[],"product_cat":[391,3661],"product_tag":[],"class_list":{"0":"post-89310","1":"product","2":"type-product","3":"status-publish","4":"has-post-thumbnail","6":"product_cat-armbagskontakter-dorrautomatik","7":"product_cat-metall","8":"product_shipping_class-tunga-paket","9":"pa_brands-jc-kontakter","10":"tm-no-options","12":"first","13":"instock","14":"sale","15":"taxable","16":"shipping-taxable","17":"product-type-simple"},"acf":[],"_links":{"self":[{"href":"https:\/\/stonehouse.se\/en\/wp-json\/wp\/v2\/product\/89310","targetHints":{"allow":["GET"]}}],"collection":[{"href":"https:\/\/stonehouse.se\/en\/wp-json\/wp\/v2\/product"}],"about":[{"href":"https:\/\/stonehouse.se\/en\/wp-json\/wp\/v2\/types\/product"}],"wp:featuredmedia":[{"embeddable":true,"href":"https:\/\/stonehouse.se\/en\/wp-json\/wp\/v2\/media\/89309"}],"wp:attachment":[{"href":"https:\/\/stonehouse.se\/en\/wp-json\/wp\/v2\/media?parent=89310"}],"wp:term":[{"taxonomy":"product_brand","embeddable":true,"href":"https:\/\/stonehouse.se\/en\/wp-json\/wp\/v2\/product_brand?post=89310"},{"taxonomy":"product_cat","embeddable":true,"href":"https:\/\/stonehouse.se\/en\/wp-json\/wp\/v2\/product_cat?post=89310"},{"taxonomy":"product_tag","embeddable":true,"href":"https:\/\/stonehouse.se\/en\/wp-json\/wp\/v2\/product_tag?post=89310"}],"curies":[{"name":"wp","href":"https:\/\/api.w.org\/{rel}","templated":true}]}}