
{"id":89312,"date":"2025-03-04T16:25:44","date_gmt":"2025-03-04T15:25:44","guid":{"rendered":"https:\/\/stonehouse.se\/produkt\/armbagskontakt-50mm-alu-jck255\/"},"modified":"2025-12-31T21:49:48","modified_gmt":"2025-12-31T20:49:48","slug":"armbagskontakt-50mm-alu-jck255","status":"publish","type":"product","link":"https:\/\/stonehouse.se\/en\/product\/armbagskontakt-50mm-alu-jck255\/","title":{"rendered":"Armb\u00e5gskontakt \u2013 50mm \u2013 Alu \u2013 JCK255"},"content":{"rendered":"<h1>Armb\u00e5gskontakt \u2013 50mm \u2013 Alu \u2013 JCK255<\/h1>\n<p>JCK255 \u00e4r endast 50mm bred och utvecklad f\u00f6r montering p\u00e5 glaspartier byggda med 50mm profilsystem, samt i andra utrymmen d\u00e4r det \u00e4r begr\u00e4nsat med plats.<\/p>\n<section>\n<h4>Teknisk specifikation<\/h4>\n<ul>\n<li>Tillverkad i Sverige.<\/li>\n<li>Material: Alu.6060-T6, POM Plast (Acetalplast).<\/li>\n<li>M\u00e5tt standardversion l\/b\/h: 245x50x23 mm.<\/li>\n<li>Mikrobrytare: Standard 1st NO IP67. G\u00e5r att best\u00e4lla med 2st, samt med NO\/NC.<\/li>\n<\/ul>\n<\/section>","protected":false},"excerpt":{"rendered":"<p>Produktm\u00e5tt: 245 x 50 x 23 mm.<\/p>\n<p>Armb\u00e5gskontakt i svarteloxerad aluminium med vita endcaps.<\/p>\n<p>Smal modell p\u00e5 endast 50mm.<\/p>","protected":false},"featured_media":89311,"template":"","meta":{"_acf_changed":false},"product_brand":[],"product_cat":[391,3661],"product_tag":[],"class_list":{"0":"post-89312","1":"product","2":"type-product","3":"status-publish","4":"has-post-thumbnail","6":"product_cat-armbagskontakter-dorrautomatik","7":"product_cat-metall","8":"product_shipping_class-tunga-paket","9":"pa_brands-jc-kontakter","10":"tm-no-options","12":"first","13":"instock","14":"sale","15":"taxable","16":"shipping-taxable","17":"product-type-simple"},"acf":[],"_links":{"self":[{"href":"https:\/\/stonehouse.se\/en\/wp-json\/wp\/v2\/product\/89312","targetHints":{"allow":["GET"]}}],"collection":[{"href":"https:\/\/stonehouse.se\/en\/wp-json\/wp\/v2\/product"}],"about":[{"href":"https:\/\/stonehouse.se\/en\/wp-json\/wp\/v2\/types\/product"}],"wp:featuredmedia":[{"embeddable":true,"href":"https:\/\/stonehouse.se\/en\/wp-json\/wp\/v2\/media\/89311"}],"wp:attachment":[{"href":"https:\/\/stonehouse.se\/en\/wp-json\/wp\/v2\/media?parent=89312"}],"wp:term":[{"taxonomy":"product_brand","embeddable":true,"href":"https:\/\/stonehouse.se\/en\/wp-json\/wp\/v2\/product_brand?post=89312"},{"taxonomy":"product_cat","embeddable":true,"href":"https:\/\/stonehouse.se\/en\/wp-json\/wp\/v2\/product_cat?post=89312"},{"taxonomy":"product_tag","embeddable":true,"href":"https:\/\/stonehouse.se\/en\/wp-json\/wp\/v2\/product_tag?post=89312"}],"curies":[{"name":"wp","href":"https:\/\/api.w.org\/{rel}","templated":true}]}}