
{"id":89315,"date":"2025-03-04T15:41:48","date_gmt":"2025-03-04T14:41:48","guid":{"rendered":"https:\/\/stonehouse.se\/produkt\/armbagskontakt-led-jck277\/"},"modified":"2025-12-31T21:49:33","modified_gmt":"2025-12-31T20:49:33","slug":"armbagskontakt-led-jck277","status":"publish","type":"product","link":"https:\/\/stonehouse.se\/en\/product\/armbagskontakt-led-jck277\/","title":{"rendered":"Armb\u00e5gskontakt \u2013 LED \u2013 JCK277"},"content":{"rendered":"<h1 class=\"product_title entry-title elementor-heading-title elementor-size-default\">Armb\u00e5gskontakt \u2013 LED \u2013 JCK277<\/h1>\n<p>Modern modell utrustad med v\u00e4gledande LED-ljus(bl\u00e5).<\/p>\n<p>Tillverkad i svarteloxerad aluminium med svarta endcaps.<\/p>\n<h4>Teknisk specifikation<\/h4>\n<ul>\n<li>Tillverkad i Sverige.<\/li>\n<li>Utrustad med LED-ljus(bl\u00e5).<\/li>\n<li>Material: Alu.6060-T6, POM Plast(Acetalplast).<\/li>\n<li>M\u00e5tt standardversion l\/b\/h: 245 x 80 x 23 mm.<\/li>\n<li>Mikrobrytare: Standard 1st NO + 1st NO\/NC IP67.<\/li>\n<\/ul>","protected":false},"excerpt":{"rendered":"<p>Produktm\u00e5tt: 245 x 80 x 23 mm.<\/p>\n<p>Armb\u00e5gskontakt tillverkad av svarteloxerad aluminium med LED-ljus f\u00f6r extra v\u00e4gledning.<\/p>\n<p>Plan modell med svarta endcaps.<\/p>","protected":false},"featured_media":89313,"template":"","meta":{"_acf_changed":false},"product_brand":[],"product_cat":[391,3661],"product_tag":[],"class_list":{"0":"post-89315","1":"product","2":"type-product","3":"status-publish","4":"has-post-thumbnail","6":"product_cat-armbagskontakter-dorrautomatik","7":"product_cat-metall","8":"product_shipping_class-tunga-paket","9":"pa_brands-jc-kontakter","10":"tm-no-options","12":"first","13":"instock","14":"sale","15":"taxable","16":"shipping-taxable","17":"product-type-simple"},"acf":[],"_links":{"self":[{"href":"https:\/\/stonehouse.se\/en\/wp-json\/wp\/v2\/product\/89315","targetHints":{"allow":["GET"]}}],"collection":[{"href":"https:\/\/stonehouse.se\/en\/wp-json\/wp\/v2\/product"}],"about":[{"href":"https:\/\/stonehouse.se\/en\/wp-json\/wp\/v2\/types\/product"}],"wp:featuredmedia":[{"embeddable":true,"href":"https:\/\/stonehouse.se\/en\/wp-json\/wp\/v2\/media\/89313"}],"wp:attachment":[{"href":"https:\/\/stonehouse.se\/en\/wp-json\/wp\/v2\/media?parent=89315"}],"wp:term":[{"taxonomy":"product_brand","embeddable":true,"href":"https:\/\/stonehouse.se\/en\/wp-json\/wp\/v2\/product_brand?post=89315"},{"taxonomy":"product_cat","embeddable":true,"href":"https:\/\/stonehouse.se\/en\/wp-json\/wp\/v2\/product_cat?post=89315"},{"taxonomy":"product_tag","embeddable":true,"href":"https:\/\/stonehouse.se\/en\/wp-json\/wp\/v2\/product_tag?post=89315"}],"curies":[{"name":"wp","href":"https:\/\/api.w.org\/{rel}","templated":true}]}}