
{"id":89321,"date":"2025-03-04T15:33:59","date_gmt":"2025-03-04T14:33:59","guid":{"rendered":"https:\/\/stonehouse.se\/produkt\/armbagskontakt-massing-jck119\/"},"modified":"2026-03-18T17:42:57","modified_gmt":"2026-03-18T16:42:57","slug":"armbagskontakt-massing-jck119","status":"publish","type":"product","link":"https:\/\/stonehouse.se\/en\/product\/armbagskontakt-massing-jck119\/","title":{"rendered":"Armb\u00e5gskontakt \u2013 M\u00e4ssing \u2013 JCK119"},"content":{"rendered":"<h1>Armb\u00e5gskontakt \u2013 M\u00e4ssing \u2013 JCK119<\/h1>\n<p>JCK119 \u00e4r en t\u00e5lig armb\u00e5gskontakt med plan tryckplatta och endcap i m\u00e4ssing, samt underdel i guldeloxerad aluminium.<\/p>\n<p>Modellen \u00e4r utvecklad f\u00f6r att anv\u00e4ndas i exklusiva milj\u00f6er och i \u00e4ldre, k-m\u00e4rkta byggnader.<\/p>\n<p>JCK119 g\u00e5r bra att best\u00e4lla med radiostyrning d\u00e5 det ofta \u00e4r sv\u00e5rt att komma fram med kablage i \u00e4ldre byggnader.<\/p>\n<section>\n<h4>Teknisk specifikation<\/h4>\n<ul>\n<li>Tillverkad i Sverige.<\/li>\n<li>Material: Alu.6060-T6 (guldeloxerad). Tryckknapp och endcap: M\u00e4ssing.<\/li>\n<li>M\u00e5tt standardversion l\/b\/h: 237x80x28 mm.<\/li>\n<li>Mikrobrytare: Standard 1st NO IP67. G\u00e5r att best\u00e4lla med 2st, samt med NO\/NC.<\/li>\n<\/ul>\n<\/section>","protected":false},"excerpt":{"rendered":"<p>Produktm\u00e5tt: 237 x 80 x 28 mm.<\/p>\n<p>Armb\u00e5gskontakt i blankputsad m\u00e4ssing med plan tryckplatta.<\/p>","protected":false},"featured_media":93074,"template":"","meta":{"_acf_changed":false},"product_brand":[],"product_cat":[391,3661],"product_tag":[],"class_list":{"0":"post-89321","1":"product","2":"type-product","3":"status-publish","4":"has-post-thumbnail","6":"product_cat-armbagskontakter-dorrautomatik","7":"product_cat-metall","8":"product_shipping_class-tunga-paket","9":"pa_brands-jc-kontakter","10":"tm-no-options","12":"first","13":"instock","14":"sale","15":"taxable","16":"shipping-taxable","17":"product-type-simple"},"acf":[],"_links":{"self":[{"href":"https:\/\/stonehouse.se\/en\/wp-json\/wp\/v2\/product\/89321","targetHints":{"allow":["GET"]}}],"collection":[{"href":"https:\/\/stonehouse.se\/en\/wp-json\/wp\/v2\/product"}],"about":[{"href":"https:\/\/stonehouse.se\/en\/wp-json\/wp\/v2\/types\/product"}],"wp:featuredmedia":[{"embeddable":true,"href":"https:\/\/stonehouse.se\/en\/wp-json\/wp\/v2\/media\/93074"}],"wp:attachment":[{"href":"https:\/\/stonehouse.se\/en\/wp-json\/wp\/v2\/media?parent=89321"}],"wp:term":[{"taxonomy":"product_brand","embeddable":true,"href":"https:\/\/stonehouse.se\/en\/wp-json\/wp\/v2\/product_brand?post=89321"},{"taxonomy":"product_cat","embeddable":true,"href":"https:\/\/stonehouse.se\/en\/wp-json\/wp\/v2\/product_cat?post=89321"},{"taxonomy":"product_tag","embeddable":true,"href":"https:\/\/stonehouse.se\/en\/wp-json\/wp\/v2\/product_tag?post=89321"}],"curies":[{"name":"wp","href":"https:\/\/api.w.org\/{rel}","templated":true}]}}