
{"id":89721,"date":"2025-03-17T16:44:33","date_gmt":"2025-03-17T15:44:33","guid":{"rendered":"https:\/\/stonehouse.se\/produkt\/mifarelasare-oppna-2100\/"},"modified":"2026-04-08T16:28:47","modified_gmt":"2026-04-08T14:28:47","slug":"mifarelasare-oppna-2100","status":"publish","type":"product","link":"https:\/\/stonehouse.se\/en\/product\/mifarelasare-oppna-2100\/","title":{"rendered":"MIFAREL\u00c4SARE \u00d6PPNA 2100"},"content":{"rendered":"<p>\u00d6ppna 2100 Mifare l\u00e4sare. Egenskaper och f\u00f6rdelar. Utanp\u00e5liggande montage. Belyst nyckelh\u00e5lssymbol. Kan best\u00e4llas med inverterad logotyp. L\u00e4ser ber\u00f6ringsfria kort och nycklar f\u00f6r mifare. Inbyggd summer. Inbyggd sabotagekontakt. Motst\u00e5ndskraftig mot sabotage. F\u00f6r inom- och utomhusbruk. Integrerbar med andra Multiaccess-produkter. Kommunikation mellan centralenhet och l\u00e4sare sker krypterat med 32-bitars nycklar. Str\u00f6mf\u00f6rs\u00f6rjning V AC: 12-24 levereras av centralenheten. F\u00f6rbrukning Watt: min 0,26 max 6,91 vid 24 V (Amp: min 0,011 max 0,288 vid 24 V). Temperatur \u00b0C: -30 till +60. Luftfuktighet %: 10 till 100. Centralenheter med programmering via PC<br \/>\n700XX: Ja, MC1: Ja, Styra 3000: ja. Kortdata: Mifare Classic 1K: Ja, Mifare Classic 4K: Ja, 4 byte UID: Ja, 7 byte UID: Nej, L\u00e4ser kortets serienummer: Ja, L\u00e4ser valfritt block i valfri sektor: Ja, Fj\u00e4rruppgradering fr\u00e5n Multiaccess Styra via Styra 3000: Ja. M\u00e5tt i mm: H\u00f6jd: 123, Bredd: 75, Djup: 23.5. Nettovikt i kg: 0,3. Monteringsh\u00f6jd (kabelintags mittpunkt): 1270 mm.<\/p>","protected":false},"excerpt":{"rendered":"<p>\u00d6ppna 2100 Mifare l\u00e4sare. Egenskaper och f\u00f6rdelar. Utanp\u00e5liggande montage. Belyst nyckelh\u00e5lssymbol. Kan best\u00e4llas med inverterad logotyp. L\u00e4ser ber\u00f6ringsfria kort och<\/p>","protected":false},"featured_media":89720,"template":"","meta":{"_acf_changed":false},"product_brand":[],"product_cat":[3473],"product_tag":[],"class_list":{"0":"post-89721","1":"product","2":"type-product","3":"status-publish","4":"has-post-thumbnail","6":"product_cat-aptus-passer-lasare","7":"product_shipping_class-tunga-paket","8":"tm-no-options","10":"first","11":"instock","12":"sale","13":"taxable","14":"shipping-taxable","15":"product-type-simple"},"acf":[],"_links":{"self":[{"href":"https:\/\/stonehouse.se\/en\/wp-json\/wp\/v2\/product\/89721","targetHints":{"allow":["GET"]}}],"collection":[{"href":"https:\/\/stonehouse.se\/en\/wp-json\/wp\/v2\/product"}],"about":[{"href":"https:\/\/stonehouse.se\/en\/wp-json\/wp\/v2\/types\/product"}],"wp:featuredmedia":[{"embeddable":true,"href":"https:\/\/stonehouse.se\/en\/wp-json\/wp\/v2\/media\/89720"}],"wp:attachment":[{"href":"https:\/\/stonehouse.se\/en\/wp-json\/wp\/v2\/media?parent=89721"}],"wp:term":[{"taxonomy":"product_brand","embeddable":true,"href":"https:\/\/stonehouse.se\/en\/wp-json\/wp\/v2\/product_brand?post=89721"},{"taxonomy":"product_cat","embeddable":true,"href":"https:\/\/stonehouse.se\/en\/wp-json\/wp\/v2\/product_cat?post=89721"},{"taxonomy":"product_tag","embeddable":true,"href":"https:\/\/stonehouse.se\/en\/wp-json\/wp\/v2\/product_tag?post=89721"}],"curies":[{"name":"wp","href":"https:\/\/api.w.org\/{rel}","templated":true}]}}