
{"id":89725,"date":"2025-03-28T15:13:50","date_gmt":"2025-03-28T14:13:50","guid":{"rendered":"https:\/\/stonehouse.se\/?post_type=product&#038;p=89725"},"modified":"2026-04-08T15:08:32","modified_gmt":"2026-04-08T13:08:32","slug":"eltryckeslas-step-120-klassisk-split-sats-12-24v","status":"publish","type":"product","link":"https:\/\/stonehouse.se\/en\/product\/eltryckeslas-step-120-klassisk-split-sats-12-24v\/","title":{"rendered":"Eltryckesl\u00e5s STEP 120 Klassisk Split Sats 12-24V"},"content":{"rendered":"<div>\n<div><\/div>\n<div>STEP 120 \u00e4r ett slitstarkt eltryckesl\u00e5s med splitfunktion. Tillverkat i rostfritt med klassisk kolvplacering och flera flexibla egenskaper. Konstruktionen \u00e4r framtagen med STEPs erk\u00e4nt h\u00f6ga kvalitetskrav vilket s\u00e4kerst\u00e4ller en kraftfull prestanda med h\u00f6g drifts\u00e4kerhet. L\u00e5set kan anv\u00e4ndas i d\u00f6rrmilj\u00f6er med b\u00e5de brand- och utrymningskrav samt \u00e4r anpassat f\u00f6r att kunna anv\u00e4ndas tillsammans med elslutbleck. CE m\u00e4rkt enligt SS-EN 14846:2008 i brandteknisk klass E\/EI120 samt certifierad enligt SS-EN 179:2008 tillsammans med STEP Exit n\u00f6dutrymningsbeslag ST17901, ST17902, ST17903 och ST17904.<\/div>\n<\/div>\n<div><b>Satsf\u00f6rpackningen innh\u00e5ller:<\/b><br \/>Eltryckesl\u00e5s Step 120 24V, anslutningskabel (10 m), samt karm\u00f6verf\u00f6ring.<\/div>\n<div><b><br \/>Egenskaper:<\/b><\/div>\n<div>\n<div>\n<ul>\n<li>Klassisk kolvplacering.<\/li>\n<li>Splitfunktion<\/li>\n<li>Certifierad enligt SS-EN 179:2008 tillsammans med STEP Exit n\u00f6dutrymningsbeslag.<\/li>\n<li>Certifierad f\u00f6r brandmotst\u00e5nd upp till klass E\/EI 120.<\/li>\n<li>Mikrobrytare enpoligt v\u00e4xlande, max. 30 V DC, 1 A.<\/li>\n<li>Inbyggda mikrobrytare indikerar st\u00e4ngt och f\u00f6rreglat l\u00e4ge samt tryckesman\u00f6vrering.<\/li>\n<li>Inbyggd skyddsdiod.<\/li>\n<li>V\u00e4ndbar f\u00f6r att passa h\u00f6ger- och v\u00e4nsterd\u00f6rrar.<\/li>\n<li>Omst\u00e4llbar r\u00e4ttv\u00e4nd\/omv\u00e4nd funktion.<\/li>\n<li>Omst\u00e4llbar elektriskt\/mekaniskt man\u00f6vrerad sida.<\/li>\n<li>Anpassat f\u00f6r runda och ovala skandinaviska cylindrar.<\/li>\n<li>Dorndjup 50 mm.<\/li>\n<li>\u00c5terfj\u00e4drande trycken rekommenderas.<\/li>\n<\/ul>\n<\/div>\n<\/div>\n<div><b><br \/><\/b><\/div>\n<div><b>Teknisk data:<\/b><\/div>\n<div>\n<ul>\n<li>Driftsp\u00e4nning: 24 V DC + 15 % &#8211; 10 %.<\/li>\n<li>Str\u00f6mf\u00f6rbrukning: Max 60 mA.<\/li>\n<li>Durability: Grade X enligt SS-EN 14846.<\/li>\n<\/ul>\n<\/div>\n<div><\/div>","protected":false},"excerpt":{"rendered":"<p>STEP 120 \u00e4r ett slitstarkt eltryckesl\u00e5s med splitfunktion. Tillverkat i rostfritt med klassisk kolvplacering och flera flexibla egenskaper. Konstruktionen \u00e4r<\/p>","protected":false},"featured_media":89724,"template":"","meta":{"_acf_changed":false},"product_brand":[],"product_cat":[2327],"product_tag":[],"class_list":{"0":"post-89725","1":"product","2":"type-product","3":"status-publish","4":"has-post-thumbnail","6":"product_cat-step-ellas","7":"pa_brands-step","8":"tm-no-options","10":"first","11":"instock","12":"sale","13":"taxable","14":"shipping-taxable","15":"product-type-simple"},"acf":[],"_links":{"self":[{"href":"https:\/\/stonehouse.se\/en\/wp-json\/wp\/v2\/product\/89725","targetHints":{"allow":["GET"]}}],"collection":[{"href":"https:\/\/stonehouse.se\/en\/wp-json\/wp\/v2\/product"}],"about":[{"href":"https:\/\/stonehouse.se\/en\/wp-json\/wp\/v2\/types\/product"}],"wp:featuredmedia":[{"embeddable":true,"href":"https:\/\/stonehouse.se\/en\/wp-json\/wp\/v2\/media\/89724"}],"wp:attachment":[{"href":"https:\/\/stonehouse.se\/en\/wp-json\/wp\/v2\/media?parent=89725"}],"wp:term":[{"taxonomy":"product_brand","embeddable":true,"href":"https:\/\/stonehouse.se\/en\/wp-json\/wp\/v2\/product_brand?post=89725"},{"taxonomy":"product_cat","embeddable":true,"href":"https:\/\/stonehouse.se\/en\/wp-json\/wp\/v2\/product_cat?post=89725"},{"taxonomy":"product_tag","embeddable":true,"href":"https:\/\/stonehouse.se\/en\/wp-json\/wp\/v2\/product_tag?post=89725"}],"curies":[{"name":"wp","href":"https:\/\/api.w.org\/{rel}","templated":true}]}}