
{"id":89748,"date":"2025-03-28T15:13:51","date_gmt":"2025-03-28T14:13:51","guid":{"rendered":"https:\/\/stonehouse.se\/?post_type=product&#038;p=89748"},"modified":"2026-04-08T15:10:33","modified_gmt":"2026-04-08T13:10:33","slug":"eltryckeslas-step-130-modern-split-sats-multi","status":"publish","type":"product","link":"https:\/\/stonehouse.se\/en\/product\/eltryckeslas-step-130-modern-split-sats-multi\/","title":{"rendered":"Eltryckesl\u00e5s STEP 130 Modern Split Sats Multi"},"content":{"rendered":"<p>\nSTEP 130 \u00e4r ett eltryckesl\u00e5s med en unik automatikkolv som ger en dubbel funktion. Det m\u00f6jligg\u00f6r att l\u00e5set b\u00e5de kan \u00f6ppnas elektriskt med trycke och d\u00f6rrautomatik.<\/p>\n<div>Givetvis \u00e4r \u00e4ven detta eltryckesl\u00e5s utrustat med v\u00e5r patenterade listtrycksteknik som s\u00e4kerst\u00e4ller att l\u00e5set t\u00e5l ett mycket h\u00f6gt listtryck. Tack vare dessa egenskaper \u00e4r STEP 130 ett sj\u00e4lvklart val f\u00f6r d\u00f6rrmilj\u00f6er med d\u00f6rrautomatik, brand- och utrymningskrav, d\u00e4r du samtidigt vill s\u00e4kerst\u00e4lla en h\u00f6g drifts\u00e4kerhet.\u00a0<\/div>\n<div>STEP 130 har exakt samma fina egenskaper och tekniker som STEP 110. Skillnaden mellan de tv\u00e5 eltryckesl\u00e5sen \u00e4r att STEP 130 har en automatikkolv som viker sig n\u00e4r d\u00f6rren \u00f6ppnas elektriskt. STEP 130 \u00e4r d\u00e4rf\u00f6r anpassad f\u00f6r d\u00f6rrmilj\u00f6er d\u00e4r du vill ha \u00f6kad tillg\u00e4nglighet och\/eller handikappanpassning.<\/div>\n<div><\/div>\n<div><b>Automatikkolvens dubbla funktion<\/b><\/div>\n<div>Automatikkolven ger elslutblecket en dubbel funktion.<\/div>\n<div>N\u00e4r d\u00f6rren \u00f6ppnas med trycke fungerar STEP 130 precis som ett vanligt eltryckesl\u00e5s med fallkolv.<\/div>\n<div>N\u00e4r d\u00f6rren \u00f6ppnas elektriskt kan automatikkolven vika sig och m\u00f6jligg\u00f6r d\u00e4rmed \u00f6ppning med d\u00f6rrautomatik. Direkt efter att d\u00f6rren \u00f6ppnats skjuter automatikkolven ut, blir fast i sin position och fungerar som en vanlig fallkolv igen.<\/div>\n<div><\/div>\n<div><b>Brandigenh\u00e5llning och h\u00f6g slitstyrka<\/b><\/div>\n<div>Eftersom automatikkolven ser ut som en vanlig fallkolv kan den f\u00f6rdela slitstyrkan \u00f6ver hela sin yta. Den ser \u00e4ven till att brandigenh\u00e5llningen uppr\u00e4tth\u00e5lls, \u00e4ven om det skulle uppst\u00e5 en glipa mellan kolven och slutblecket. Detta i kombination med STEP Listtrycksteknik g\u00f6r att STEP 130 t\u00e5l ett h\u00f6gt listtryck och s\u00e4kerst\u00e4ller en h\u00f6g drifts\u00e4kerhet.<\/div>\n<div><\/div>\n<div><b>Med splitfunktion<\/b><\/div>\n<div>STEP 130 \u00e4r utrustad med splitfunktion vilket inneb\u00e4r att du l\u00e5ta valfri sida av l\u00e5set ske med mekanisk utpassering.<\/div>\n<div>Utrymning och h\u00f6g h\u00e5llbarhet s\u00e4kerst\u00e4lls genom att den mekaniskt styrda sidan har en rej\u00e4l fasts\u00e4ttning d\u00e4r splitfunktionen s\u00e4kras av rostfria och h\u00e4rdade detaljer.<\/p>\n<p><b>Satsf\u00f6rpackningen innh\u00e5ller:<\/b><br \/>Eltryckesl\u00e5s STEP 130, anslutningskabel (10 m), samt karm\u00f6verf\u00f6ring.<\/p>\n<p><b>Egenskaper:<\/b><\/p>\n<ul>\n<li>Modern kolvplacering.<\/li>\n<li>Unik automatikkolv<\/li>\n<li>Mikrobrytare enpoligt v\u00e4xlande, max. 30 V DC, 1 A<\/li>\n<li>Multisp\u00e4nning<\/li>\n<li>V\u00e4ndbar f\u00f6r att passa h\u00f6ger- och v\u00e4nsterd\u00f6rrar<\/li>\n<li>Omst\u00e4llbar r\u00e4ttv\u00e4nd\/omv\u00e4nd funktion.<\/li>\n<li>Godk\u00e4nd n\u00f6dutrymning med STEP Exit n\u00f6dutrymningsbeh\u00f6r. Certifierade enligt SS-EN 179:2008.<\/li>\n<li>Med splitfunktion.\u00a0Omst\u00e4llbar elektrisk\/mekaniskt man\u00f6vrerad sida<\/li>\n<li>Med STEP Listtrycksteknik<\/li>\n<li>Inbyggd patenterad DirectDrive\u00ae-funktion ger en direkt man\u00f6vrering av trycket<\/li>\n<li>Inbyggda mikrobrytare indikerar st\u00e4ngt och f\u00f6rreglat l\u00e4ge samt tryckes\u00adman\u00f6vrering<\/li>\n<li>Inbyggd skyddsdiod.<\/li>\n<li>Inbyggd \u00e5terinrymningsfunktion<\/li>\n<li>Anpassat f\u00f6r runda och ovala skandinaviska cylindrar<\/li>\n<li>Dorndjup 50 mm<\/li>\n<li>\u00c5terfj\u00e4drande trycken rekommenderas<\/li>\n<li>Halogenfri kabel<\/li>\n<li>Patents\u00f6kt<\/li>\n<\/ul>\n<\/div>\n<div><b>Funktion:<\/b><\/p>\n<ul>\n<li>Automatikkolven l\u00e5ser\/l\u00e5ser upp elektriskt via \u00f6ppnasignal fr\u00e5n passersystem, kodl\u00e5s, tryckknapp eller liknande.<\/li>\n<li>Automatikkolven dras in mekaniskt via cylinderroddaren med nyckel fr\u00e5n utsidan eller nyckel\/vred fr\u00e5n insidan.<\/li>\n<li>Trycket p\u00e5 utsidan aktiveras elektriskt via passersystem, kodl\u00e5s eller liknande och drar in automatikkolven.<\/li>\n<li>Trycket p\u00e5 insidan \u00e4r alltid mekaniskt aktiv och drar in automatikkolven.<\/li>\n<\/ul>\n<\/div>","protected":false},"excerpt":{"rendered":"<p>STEP 130 \u00e4r ett eltryckesl\u00e5s med en unik automatikkolv som ger en dubbel funktion. Det m\u00f6jligg\u00f6r att l\u00e5set b\u00e5de kan<\/p>","protected":false},"featured_media":89747,"template":"","meta":{"_acf_changed":false},"product_brand":[],"product_cat":[2327],"product_tag":[1623],"class_list":{"0":"post-89748","1":"product","2":"type-product","3":"status-publish","4":"has-post-thumbnail","6":"product_cat-step-ellas","7":"product_tag-ellas-komplett-sats-kpl","8":"pa_brands-step","9":"tm-no-options","11":"first","12":"instock","13":"sale","14":"taxable","15":"shipping-taxable","16":"product-type-simple"},"acf":[],"_links":{"self":[{"href":"https:\/\/stonehouse.se\/en\/wp-json\/wp\/v2\/product\/89748","targetHints":{"allow":["GET"]}}],"collection":[{"href":"https:\/\/stonehouse.se\/en\/wp-json\/wp\/v2\/product"}],"about":[{"href":"https:\/\/stonehouse.se\/en\/wp-json\/wp\/v2\/types\/product"}],"wp:featuredmedia":[{"embeddable":true,"href":"https:\/\/stonehouse.se\/en\/wp-json\/wp\/v2\/media\/89747"}],"wp:attachment":[{"href":"https:\/\/stonehouse.se\/en\/wp-json\/wp\/v2\/media?parent=89748"}],"wp:term":[{"taxonomy":"product_brand","embeddable":true,"href":"https:\/\/stonehouse.se\/en\/wp-json\/wp\/v2\/product_brand?post=89748"},{"taxonomy":"product_cat","embeddable":true,"href":"https:\/\/stonehouse.se\/en\/wp-json\/wp\/v2\/product_cat?post=89748"},{"taxonomy":"product_tag","embeddable":true,"href":"https:\/\/stonehouse.se\/en\/wp-json\/wp\/v2\/product_tag?post=89748"}],"curies":[{"name":"wp","href":"https:\/\/api.w.org\/{rel}","templated":true}]}}