
{"id":89765,"date":"2025-03-28T15:13:50","date_gmt":"2025-03-28T14:13:50","guid":{"rendered":"https:\/\/stonehouse.se\/?post_type=product&#038;p=89765"},"modified":"2026-04-08T15:10:43","modified_gmt":"2026-04-08T13:10:43","slug":"eltryckeslas-step-110-modern-split-12-24v","status":"publish","type":"product","link":"https:\/\/stonehouse.se\/en\/product\/eltryckeslas-step-110-modern-split-12-24v\/","title":{"rendered":"Eltryckesl\u00e5s STEP 110 Modern Split 12-24V"},"content":{"rendered":"<div><\/div>\n<div>STEP 110 \u00e4r ett slitstarkt eltryckesl\u00e5s med splitfunktion. Patents\u00f6kt direktdrift, s\u00e5 kallad Direct Drive TM. Detta medf\u00f6r en mycket mjuk och f\u00f6ljsam upplevelse kring anv\u00e4ndningen av trycket. Det stilrena l\u00e5set har en modern kolvplacering med cylinderfallkolven placerad i centrum av l\u00e5skistan. Konstruktionen \u00e4r framtagen med STEPs erk\u00e4nt h\u00f6ga kvalitetskrav vilket s\u00e4kerst\u00e4ller en kraftfull prestanda med h\u00f6g drifts\u00e4kerhet. Det l\u00e4mpar sig mycket v\u00e4l f\u00f6r anv\u00e4ndning tillsammans med elsutbleck. CE m\u00e4rkt enligt SS-EN 14846:2008 i brandteknisk klass E\/EI120 samt certifierad enligt SS-EN 179:2008 tillsammans med STEP Exit n\u00f6dutrymningsbeslag ST17901, ST17902, ST17903 och ST17904.<\/div>\n<div><\/div>\n<div><b>Egenskaper:\u00a0<\/b><\/div>\n<div>\n<ul>\n<li>Modern kolvplacering motsvara Assas connect<\/li>\n<li>Splitfunktion<\/li>\n<li>Provad och certifierad f\u00f6r brandmotst\u00e5nd upp till klass F E\/EI 120.<\/li>\n<li>Mikrobrytare enpoligt v\u00e4xlande, max. 30 V DC, 1 A.\u00a0<\/li>\n<li>Inbyggd patents\u00f6kt Direct DriveTM &#8211; funktion som ger en direkt man\u00f6vrering av trycket.<\/li>\n<li>Inbyggda mikrobrytare indikerar st\u00e4ngt och f\u00f6rreglat l\u00e4ge samt tryckes\u00adman\u00f6vrering.\u00a0<\/li>\n<li>Skyddsdiod finns inbyggd.<\/li>\n<li>V\u00e4ndbar f\u00f6r att passa h\u00f6ger- och v\u00e4nsterd\u00f6rrar.<\/li>\n<li>Omst\u00e4llbar r\u00e4ttv\u00e4nd\/omv\u00e4nd funktion.<\/li>\n<li>Omst\u00e4llbar elektrisk\/mekaniskt man\u00f6vrerad sida.<\/li>\n<li>Anpassat f\u00f6r runda och ovala skandinaviska cylindrar.<\/li>\n<li>Dorndjup 50 mm.\u00a0<\/li>\n<li>B\u00e5de \u00e5terfj\u00e4drande trycken och icke \u00e5terfj\u00e4dranden trycken kan anv\u00e4ndas.<\/li>\n<li>Halogenfri kabel.\u00a0<\/li>\n<\/ul>\n<\/div>\n<div><\/div>\n<div><b>Teknisk data:<\/b><\/div>\n<div>\n<ul>\n<li>Driftsp\u00e4nning: 24 V DC + 15 % &#8211; 10 %.<\/li>\n<li>Str\u00f6mf\u00f6rbrukning: Max 60 mA.<\/li>\n<li>Durability: Grade X enligt SS-EN 14846.<\/li>\n<\/ul>\n<div><\/div>\n<\/div>","protected":false},"excerpt":{"rendered":"<p>STEP 110 \u00e4r ett slitstarkt eltryckesl\u00e5s med splitfunktion. Patents\u00f6kt direktdrift, s\u00e5 kallad Direct Drive TM. Detta medf\u00f6r en mycket mjuk<\/p>","protected":false},"featured_media":89758,"template":"","meta":{"_acf_changed":false},"product_brand":[],"product_cat":[2327],"product_tag":[],"class_list":{"0":"post-89765","1":"product","2":"type-product","3":"status-publish","4":"has-post-thumbnail","6":"product_cat-step-ellas","7":"pa_brands-step","8":"tm-no-options","10":"first","11":"instock","12":"sale","13":"taxable","14":"shipping-taxable","15":"product-type-simple"},"acf":[],"_links":{"self":[{"href":"https:\/\/stonehouse.se\/en\/wp-json\/wp\/v2\/product\/89765","targetHints":{"allow":["GET"]}}],"collection":[{"href":"https:\/\/stonehouse.se\/en\/wp-json\/wp\/v2\/product"}],"about":[{"href":"https:\/\/stonehouse.se\/en\/wp-json\/wp\/v2\/types\/product"}],"wp:featuredmedia":[{"embeddable":true,"href":"https:\/\/stonehouse.se\/en\/wp-json\/wp\/v2\/media\/89758"}],"wp:attachment":[{"href":"https:\/\/stonehouse.se\/en\/wp-json\/wp\/v2\/media?parent=89765"}],"wp:term":[{"taxonomy":"product_brand","embeddable":true,"href":"https:\/\/stonehouse.se\/en\/wp-json\/wp\/v2\/product_brand?post=89765"},{"taxonomy":"product_cat","embeddable":true,"href":"https:\/\/stonehouse.se\/en\/wp-json\/wp\/v2\/product_cat?post=89765"},{"taxonomy":"product_tag","embeddable":true,"href":"https:\/\/stonehouse.se\/en\/wp-json\/wp\/v2\/product_tag?post=89765"}],"curies":[{"name":"wp","href":"https:\/\/api.w.org\/{rel}","templated":true}]}}