
{"id":89791,"date":"2025-03-18T12:50:48","date_gmt":"2025-03-18T11:50:48","guid":{"rendered":"https:\/\/stonehouse.se\/produkt\/kortlasare-oppna-1105-svart\/"},"modified":"2026-04-08T16:36:58","modified_gmt":"2026-04-08T14:36:58","slug":"kortlasare-oppna-1105-svart","status":"publish","type":"product","link":"https:\/\/stonehouse.se\/en\/product\/kortlasare-oppna-1105-svart\/","title":{"rendered":"KORTL\u00c4SARE \u00d6PPNA 1105 SVART"},"content":{"rendered":"<p>\u00d6PPNA 1105 \u00e4r en svart utanp\u00e5liggande ber\u00f6ringsfri l\u00e4sare f\u00f6r inom och utomhusbruk.<\/p>\n<p>Den \u00e4r tillverkad av komposit ett material som \u00e4r flams\u00e4kert och t\u00e5l p\u00e5frestningar.<\/p>\n<p>L\u00e4ser ber\u00f6ringsfria kort och nycklar och har inbyggd summer och sabotagekontakt.<\/p>\n<p>Den har lysdioder och nyckelh\u00e5lssymbol. Teknisk data: Str\u00f6mf\u00f6rs\u00f6rjning V DC: 12, levereras av centralenheten.<\/p>\n<p>F\u00f6rbrukning Watt: min 0,36 max 1,56 (Amp: min 0,03 max 0,13).<\/p>\n<p>Temperatur \u00b0C: -30 till +60. Luftfuktighet %: 10 till 100.<\/p>\n<p>Anslutning till centralenhet: Centralenheter med programmering via PC, 700XX: Ja,<\/p>\n<p>MC1: Ja.<\/p>\n<p>M\u00e5tt i mm: H\u00f6jd: 116, Bredd: 70, Djup: 20. Nettovikt i kg: 0,3.<\/p>","protected":false},"excerpt":{"rendered":"<p>\u00d6PPNA 1105 \u00e4r en svart utanp\u00e5liggande ber\u00f6ringsfri l\u00e4sare f\u00f6r inom och utomhusbruk. Den \u00e4r tillverkad av komposit ett material som<\/p>","protected":false},"featured_media":89788,"template":"","meta":{"_acf_changed":false},"product_brand":[],"product_cat":[3473],"product_tag":[],"class_list":{"0":"post-89791","1":"product","2":"type-product","3":"status-publish","4":"has-post-thumbnail","6":"product_cat-aptus-passer-lasare","7":"product_shipping_class-tunga-paket","8":"pa_farg-svart","9":"tm-no-options","11":"first","12":"outofstock","13":"sale","14":"taxable","15":"shipping-taxable","16":"product-type-simple"},"acf":[],"_links":{"self":[{"href":"https:\/\/stonehouse.se\/en\/wp-json\/wp\/v2\/product\/89791","targetHints":{"allow":["GET"]}}],"collection":[{"href":"https:\/\/stonehouse.se\/en\/wp-json\/wp\/v2\/product"}],"about":[{"href":"https:\/\/stonehouse.se\/en\/wp-json\/wp\/v2\/types\/product"}],"wp:featuredmedia":[{"embeddable":true,"href":"https:\/\/stonehouse.se\/en\/wp-json\/wp\/v2\/media\/89788"}],"wp:attachment":[{"href":"https:\/\/stonehouse.se\/en\/wp-json\/wp\/v2\/media?parent=89791"}],"wp:term":[{"taxonomy":"product_brand","embeddable":true,"href":"https:\/\/stonehouse.se\/en\/wp-json\/wp\/v2\/product_brand?post=89791"},{"taxonomy":"product_cat","embeddable":true,"href":"https:\/\/stonehouse.se\/en\/wp-json\/wp\/v2\/product_cat?post=89791"},{"taxonomy":"product_tag","embeddable":true,"href":"https:\/\/stonehouse.se\/en\/wp-json\/wp\/v2\/product_tag?post=89791"}],"curies":[{"name":"wp","href":"https:\/\/api.w.org\/{rel}","templated":true}]}}