
{"id":89796,"date":"2025-03-18T12:50:46","date_gmt":"2025-03-18T11:50:46","guid":{"rendered":"https:\/\/stonehouse.se\/produkt\/kortlasare-oppna-1100\/"},"modified":"2026-04-08T16:37:00","modified_gmt":"2026-04-08T14:37:00","slug":"kortlasare-oppna-1100","status":"publish","type":"product","link":"https:\/\/stonehouse.se\/en\/product\/kortlasare-oppna-1100\/","title":{"rendered":"KORTL\u00c4SARE \u00d6PPNA 1100"},"content":{"rendered":"<p>\u00d6PPNA 1100 \u00e4r en utanp\u00e5liggande ber\u00f6ringsfri l\u00e4sare med belyst nyckelh\u00e5lssymbol f\u00f6r inom och utomhusbruk.<\/p>\n<p>Tillverkad av rostfritt st\u00e5l vilket g\u00f6r motst\u00e5ndskraftig mot sabotage.<\/p>\n<p>L\u00e4ser ber\u00f6ringsfria kort och nycklar och har inbyggd summer och sabotagekontakt.<\/p>\n<p>Den har lysdioder och nyckelh\u00e5lssymbol.<\/p>\n<p>Teknisk data: Str\u00f6mf\u00f6rs\u00f6rjning V DC: 12, levereras av centralenheten.<\/p>\n<p>F\u00f6rbrukning Watt: min 0,36 max 1,56 (Amp: min 0,03 max 0,13).<\/p>\n<p>Temperatur \u00b0C: -30 till +60. Luftfuktighet %: 10 till 100.<\/p>\n<p>Anslutning till centralenhet: Centralenheter med programmering via PC, 700XX: Ja,<\/p>\n<p>MC1: Ja.<\/p>\n<p>M\u00e5tt i mm: H\u00f6jd: 116, Bredd: 70, Djup: 20. Nettovikt i kg: 0,3.<\/p>","protected":false},"excerpt":{"rendered":"<p>\u00d6PPNA 1100 \u00e4r en utanp\u00e5liggande ber\u00f6ringsfri l\u00e4sare med belyst nyckelh\u00e5lssymbol f\u00f6r inom och utomhusbruk. Tillverkad av rostfritt st\u00e5l vilket g\u00f6r<\/p>","protected":false},"featured_media":89794,"template":"","meta":{"_acf_changed":false},"product_brand":[],"product_cat":[3473],"product_tag":[],"class_list":{"0":"post-89796","1":"product","2":"type-product","3":"status-publish","4":"has-post-thumbnail","6":"product_cat-aptus-passer-lasare","7":"product_shipping_class-tunga-paket","8":"tm-no-options","10":"first","11":"instock","12":"sale","13":"taxable","14":"shipping-taxable","15":"product-type-simple"},"acf":[],"_links":{"self":[{"href":"https:\/\/stonehouse.se\/en\/wp-json\/wp\/v2\/product\/89796","targetHints":{"allow":["GET"]}}],"collection":[{"href":"https:\/\/stonehouse.se\/en\/wp-json\/wp\/v2\/product"}],"about":[{"href":"https:\/\/stonehouse.se\/en\/wp-json\/wp\/v2\/types\/product"}],"wp:featuredmedia":[{"embeddable":true,"href":"https:\/\/stonehouse.se\/en\/wp-json\/wp\/v2\/media\/89794"}],"wp:attachment":[{"href":"https:\/\/stonehouse.se\/en\/wp-json\/wp\/v2\/media?parent=89796"}],"wp:term":[{"taxonomy":"product_brand","embeddable":true,"href":"https:\/\/stonehouse.se\/en\/wp-json\/wp\/v2\/product_brand?post=89796"},{"taxonomy":"product_cat","embeddable":true,"href":"https:\/\/stonehouse.se\/en\/wp-json\/wp\/v2\/product_cat?post=89796"},{"taxonomy":"product_tag","embeddable":true,"href":"https:\/\/stonehouse.se\/en\/wp-json\/wp\/v2\/product_tag?post=89796"}],"curies":[{"name":"wp","href":"https:\/\/api.w.org\/{rel}","templated":true}]}}