
{"id":89802,"date":"2025-03-18T12:50:45","date_gmt":"2025-03-18T11:50:45","guid":{"rendered":"https:\/\/stonehouse.se\/produkt\/kortlasare-lasa-1189\/"},"modified":"2026-04-08T16:37:03","modified_gmt":"2026-04-08T14:37:03","slug":"kortlasare-lasa-1189","status":"publish","type":"product","link":"https:\/\/stonehouse.se\/en\/product\/kortlasare-lasa-1189\/","title":{"rendered":"KORTL\u00c4SARE L\u00c5SA 1189"},"content":{"rendered":"<p>Ber\u00f6ringsfri kortl\u00e4sare med inbyggt ell\u00e5s.<\/p>\n<p>Utan h\u00e5l f\u00f6r l\u00e5scylinder. D\u00f6rrbladsl\u00e4saren L\u00e5sa 1179 har inbyggt eltryckesl\u00e5s och ber\u00f6ringsfri l\u00e4sare i samma produkt.<\/p>\n<p>Tillverkat i rostfritt st\u00e5l och mattbortstad krom och avsedd f\u00f6r montage p\u00e5 d\u00f6rrblad utan l\u00e5scylinder med inbyggd summer.<\/p>\n<p>Delat montage g\u00f6r att l\u00e4saren sitter skyddad p\u00e5 d\u00f6rrens insida, p\u00e5 utsidan endast antenn och indikering.<\/p>\n<p>Byt ut nuvarande l\u00e5shus mot eltryckesl\u00e5set, ABLOY EL980, som ing\u00e5r i produkten.<\/p>\n<p>L\u00e4ser ber\u00f6ringsfria kort eller nycklar f\u00f6r EM och \u00e4r gjord f\u00f6r utomhus och inomhus montage.<\/p>\n<p>Str\u00f6mf\u00f6rs\u00f6rjning V DC: 12- 24 levereras av centralenheten<\/p>\n<p>F\u00f6rbrukning Amp A: min 1,3 max 8,0Amp: min 0,11 max 0,66<\/p>\n<p>Temperatur insida \u00b0C: 0 till +40Luftfuktighet insida %: 10 till 90Temperatur utsida \u00b0C: -30 till +60<\/p>\n<p>Luftfuktighet utsida %: 10 till 100<\/p>\n<p>Centralenheter med manuell programmering AC 280: NejAC 360: Nej<\/p>\n<p>Centralenheter med programmering via PC 500 XX: Nej600 XX: Nej700 XX: JaMC1: Ja<\/p>","protected":false},"excerpt":{"rendered":"<p>Ber\u00f6ringsfri kortl\u00e4sare med inbyggt ell\u00e5s. Utan h\u00e5l f\u00f6r l\u00e5scylinder. D\u00f6rrbladsl\u00e4saren L\u00e5sa 1179 har inbyggt eltryckesl\u00e5s och ber\u00f6ringsfri l\u00e4sare i samma<\/p>","protected":false},"featured_media":89801,"template":"","meta":{"_acf_changed":false},"product_brand":[],"product_cat":[3473],"product_tag":[],"class_list":{"0":"post-89802","1":"product","2":"type-product","3":"status-publish","4":"has-post-thumbnail","6":"product_cat-aptus-passer-lasare","7":"product_shipping_class-tunga-paket","8":"tm-no-options","10":"first","11":"instock","12":"sale","13":"taxable","14":"shipping-taxable","15":"product-type-simple"},"acf":[],"_links":{"self":[{"href":"https:\/\/stonehouse.se\/en\/wp-json\/wp\/v2\/product\/89802","targetHints":{"allow":["GET"]}}],"collection":[{"href":"https:\/\/stonehouse.se\/en\/wp-json\/wp\/v2\/product"}],"about":[{"href":"https:\/\/stonehouse.se\/en\/wp-json\/wp\/v2\/types\/product"}],"wp:featuredmedia":[{"embeddable":true,"href":"https:\/\/stonehouse.se\/en\/wp-json\/wp\/v2\/media\/89801"}],"wp:attachment":[{"href":"https:\/\/stonehouse.se\/en\/wp-json\/wp\/v2\/media?parent=89802"}],"wp:term":[{"taxonomy":"product_brand","embeddable":true,"href":"https:\/\/stonehouse.se\/en\/wp-json\/wp\/v2\/product_brand?post=89802"},{"taxonomy":"product_cat","embeddable":true,"href":"https:\/\/stonehouse.se\/en\/wp-json\/wp\/v2\/product_cat?post=89802"},{"taxonomy":"product_tag","embeddable":true,"href":"https:\/\/stonehouse.se\/en\/wp-json\/wp\/v2\/product_tag?post=89802"}],"curies":[{"name":"wp","href":"https:\/\/api.w.org\/{rel}","templated":true}]}}