
{"id":90067,"date":"2025-04-03T14:21:11","date_gmt":"2025-04-03T12:21:11","guid":{"rendered":"https:\/\/stonehouse.se\/produkt\/apollo-pp5067-intelligent-testutrustning-for-soteria-serien\/"},"modified":"2026-04-09T11:23:50","modified_gmt":"2026-04-09T09:23:50","slug":"apollo-pp5067-intelligent-testutrustning-for-soteria-serien","status":"publish","type":"product","link":"https:\/\/stonehouse.se\/en\/product\/apollo-pp5067-intelligent-testutrustning-for-soteria-serien\/","title":{"rendered":"Apollo PP5067 Intelligent testutrustning f\u00f6r Soteria-serien"},"content":{"rendered":"<h1>Apollo PP5067 Intelligent testutrustning f\u00f6r Soteria-serien<\/h1>\n<p class=\"\" data-start=\"443\" data-end=\"816\">Apollo PP5067 Intelligent testutrustning \u00e4r en b\u00e4rbar testenhet med en 7-tums LCD peksk\u00e4rm som ger anv\u00e4ndaren m\u00f6jlighet att enkelt interagera, styra och underh\u00e5lla alla enheter anslutna till enheten.<\/p>\n<p class=\"\" data-start=\"443\" data-end=\"816\">Den fungerar b\u00e5de f\u00f6r enskilda enheter och hela kretsar av analoga adresserbara enheter i Apollo-serierna, inklusive CoreProtocol, Discovery och XP95.<\/p>\n<p class=\"\" data-start=\"818\" data-end=\"1193\">Denna enhet g\u00f6r det m\u00f6jligt att testa loopintegritet och diagnostik, vilket \u00e4r avg\u00f6rande under b\u00e5de drifts\u00e4ttning och vid l\u00f6pande underh\u00e5ll.<\/p>\n<p class=\"\" data-start=\"818\" data-end=\"1193\">Utrustningen st\u00f6der uppdateringar via USB och erbjuder flerspr\u00e5kigt st\u00f6d f\u00f6r att passa olika regionala behov.<\/p>\n<p class=\"\" data-start=\"818\" data-end=\"1193\">Den levereras i ett robust b\u00e4rfodral med ett universellt laddare, anslutningskabel, och en XPERT8 intelligent monteringsbas.<\/p>\n<p class=\"\" data-start=\"1195\" data-end=\"1215\"><strong data-start=\"1195\" data-end=\"1214\">Specifikationer<\/strong>:<\/p>\n<ul data-start=\"1216\" data-end=\"1656\">\n<li class=\"\" data-start=\"1216\" data-end=\"1291\">\n<p class=\"\" data-start=\"1218\" data-end=\"1291\"><strong data-start=\"1218\" data-end=\"1232\">Str\u00f6mk\u00e4lla<\/strong>: Litium-jon batteripaket eller 12 V str\u00f6mf\u00f6rs\u00f6rjningsenhet<\/p>\n<\/li>\n<li class=\"\" data-start=\"1292\" data-end=\"1333\">\n<p class=\"\" data-start=\"1294\" data-end=\"1333\"><strong data-start=\"1294\" data-end=\"1317\">Batteriladdningstid<\/strong>: Cirka 3 timmar<\/p>\n<\/li>\n<li class=\"\" data-start=\"1334\" data-end=\"1370\">\n<p class=\"\" data-start=\"1336\" data-end=\"1370\"><strong data-start=\"1336\" data-end=\"1355\">Drifttemperatur<\/strong>: 0\u00baC till 40\u00baC<\/p>\n<\/li>\n<li class=\"\" data-start=\"1371\" data-end=\"1435\">\n<p class=\"\" data-start=\"1373\" data-end=\"1435\"><strong data-start=\"1373\" data-end=\"1386\">Fuktighet<\/strong>: 10 till 95 % RH (utan kondens eller isbildning)<\/p>\n<\/li>\n<li class=\"\" data-start=\"1436\" data-end=\"1478\">\n<p class=\"\" data-start=\"1438\" data-end=\"1478\"><strong data-start=\"1438\" data-end=\"1453\">Dimensioner<\/strong>: 215 mm x 165 mm x 50 mm<\/p>\n<\/li>\n<li class=\"\" data-start=\"1479\" data-end=\"1496\">\n<p class=\"\" data-start=\"1481\" data-end=\"1496\"><strong data-start=\"1481\" data-end=\"1489\">Vikt<\/strong>: 935 g<\/p>\n<\/li>\n<li class=\"\" data-start=\"1497\" data-end=\"1531\">\n<p class=\"\" data-start=\"1499\" data-end=\"1531\"><strong data-start=\"1499\" data-end=\"1510\">Display<\/strong>: 7-tums LCD peksk\u00e4rm<\/p>\n<\/li>\n<li class=\"\" data-start=\"1532\" data-end=\"1592\">\n<p class=\"\" data-start=\"1534\" data-end=\"1592\"><strong data-start=\"1534\" data-end=\"1562\">Programvaruuppdateringar<\/strong>: Via USB och Apollo-webbplats<\/p>\n<\/li>\n<li class=\"\" data-start=\"1593\" data-end=\"1656\">\n<p class=\"\" data-start=\"1595\" data-end=\"1656\"><strong data-start=\"1595\" data-end=\"1613\">Kompatibilitet<\/strong>: XP95, Discovery och CoreProtocol-serierna<\/p>\n<\/li>\n<\/ul>","protected":false},"excerpt":{"rendered":"<p>Apollo PP5067 Intelligent testutrustning f\u00f6r Soteria-serien g\u00f6r det m\u00f6jligt att testa loopintegritet och diagnostik vid drifts\u00e4ttning och underh\u00e5ll.<\/p>\n<p>Den b\u00e4rbara enheten med peksk\u00e4rm visar enhetsinformation och kontrollerar funktionsl\u00e4gen f\u00f6r enskilda enheter eller sammansatta kretsar av analoga adresserbara enheter i Apollo-serierna.<\/p>","protected":false},"featured_media":90066,"template":"","meta":{"_acf_changed":false},"product_brand":[],"product_cat":[3692],"product_tag":[],"class_list":{"0":"post-90067","1":"product","2":"type-product","3":"status-publish","4":"has-post-thumbnail","6":"product_cat-soteria-serien","7":"pa_brands-apollo-fire-detectors","8":"tm-no-options","10":"first","11":"instock","12":"sale","13":"taxable","14":"shipping-taxable","15":"product-type-simple"},"acf":[],"_links":{"self":[{"href":"https:\/\/stonehouse.se\/en\/wp-json\/wp\/v2\/product\/90067","targetHints":{"allow":["GET"]}}],"collection":[{"href":"https:\/\/stonehouse.se\/en\/wp-json\/wp\/v2\/product"}],"about":[{"href":"https:\/\/stonehouse.se\/en\/wp-json\/wp\/v2\/types\/product"}],"wp:featuredmedia":[{"embeddable":true,"href":"https:\/\/stonehouse.se\/en\/wp-json\/wp\/v2\/media\/90066"}],"wp:attachment":[{"href":"https:\/\/stonehouse.se\/en\/wp-json\/wp\/v2\/media?parent=90067"}],"wp:term":[{"taxonomy":"product_brand","embeddable":true,"href":"https:\/\/stonehouse.se\/en\/wp-json\/wp\/v2\/product_brand?post=90067"},{"taxonomy":"product_cat","embeddable":true,"href":"https:\/\/stonehouse.se\/en\/wp-json\/wp\/v2\/product_cat?post=90067"},{"taxonomy":"product_tag","embeddable":true,"href":"https:\/\/stonehouse.se\/en\/wp-json\/wp\/v2\/product_tag?post=90067"}],"curies":[{"name":"wp","href":"https:\/\/api.w.org\/{rel}","templated":true}]}}