
{"id":90069,"date":"2025-04-03T14:21:08","date_gmt":"2025-04-03T12:21:08","guid":{"rendered":"https:\/\/stonehouse.se\/produkt\/apollo-sa5100-810apo-soteria-tri-sensor-detector-dual-optical-heat-co\/"},"modified":"2026-04-09T11:23:55","modified_gmt":"2026-04-09T09:23:55","slug":"apollo-sa5100-810apo-soteria-tri-sensor-detector-dual-optical-heat-co","status":"publish","type":"product","link":"https:\/\/stonehouse.se\/en\/product\/apollo-sa5100-810apo-soteria-tri-sensor-detector-dual-optical-heat-co\/","title":{"rendered":"Apollo SA5100-810APO Soteria Tri-Sensor Detector Dual Optical \/ Heat \/ CO"},"content":{"rendered":"<h1>Apollo SA5100-810APO Soteria Tri-Sensor Detector Dual Optical \/ Heat \/ CO<\/h1>\n<p class=\"\" data-start=\"445\" data-end=\"1031\">Apollo SA5100-810APO Soteria Tri-Sensor Detector \u00e4r en avancerad enhet som kombinerar tre detekteringsmetoder: dubbel optisk detektering, v\u00e4rmesensor och koldioxidsensor (CO).<\/p>\n<p class=\"\" data-start=\"445\" data-end=\"1031\">Denna m\u00e5ngsidiga detektor har fem olika k\u00e4nslighetsmodeller f\u00f6r att optimera prestanda i olika milj\u00f6er, inklusive NT (Normal Sensitivity) och MT (Medium Sensitivity) inst\u00e4llningar.<\/p>\n<p class=\"\" data-start=\"445\" data-end=\"1031\">Enheten anv\u00e4nder en avancerad optisk r\u00f6ksensor med IR-emitter\u2013mottagare och en sekund\u00e4r foto-diod f\u00f6r att f\u00e5 flera vinklar av ljusspridning, vilket f\u00f6rb\u00e4ttrar kapaciteten att filtrera bort st\u00f6rande signaler.<\/p>\n<p class=\"\" data-start=\"1033\" data-end=\"1479\">Dess v\u00e4rmesensor, en NTC-termistor, ger exakt temperatur\u00f6vervakning, medan CO-sensorn, baserad p\u00e5 elektrokemisk cellteknik, m\u00e4ter koldioxidniv\u00e5er f\u00f6r att ytterligare st\u00f6dja branddetektering.<\/p>\n<p class=\"\" data-start=\"1033\" data-end=\"1479\">Detektorn har \u00e4ven en inbyggd isolator och FasTest\u00ae-funktion som g\u00f6r tester snabbare och enklare, vilket minskar underh\u00e5llstiden.<\/p>\n<p class=\"\" data-start=\"1033\" data-end=\"1479\">Dessutom m\u00f6jligg\u00f6r DIL-omkopplare f\u00f6r adressering och en trikolor LED-statusindikator f\u00f6r att visa alarmstatus och driftl\u00e4ge.<\/p>\n<p class=\"\" data-start=\"1481\" data-end=\"1501\"><strong data-start=\"1481\" data-end=\"1500\">Specifikationer<\/strong>:<\/p>\n<ul data-start=\"1502\" data-end=\"1959\">\n<li class=\"\" data-start=\"1502\" data-end=\"1532\">\n<p class=\"\" data-start=\"1504\" data-end=\"1532\"><strong data-start=\"1504\" data-end=\"1518\">Str\u00f6mk\u00e4lla<\/strong>: 17V \u2013 35V DC<\/p>\n<\/li>\n<li class=\"\" data-start=\"1533\" data-end=\"1583\">\n<p class=\"\" data-start=\"1535\" data-end=\"1583\"><strong data-start=\"1535\" data-end=\"1558\">Modulationssp\u00e4nning<\/strong>: 5V \u2013 13V topp till topp<\/p>\n<\/li>\n<li class=\"\" data-start=\"1584\" data-end=\"1627\">\n<p class=\"\" data-start=\"1586\" data-end=\"1627\"><strong data-start=\"1586\" data-end=\"1610\">L\u00e5g str\u00f6mf\u00f6rbrukning<\/strong>: 600 \u00b5A vid vila<\/p>\n<\/li>\n<li class=\"\" data-start=\"1628\" data-end=\"1662\">\n<p class=\"\" data-start=\"1630\" data-end=\"1662\"><strong data-start=\"1630\" data-end=\"1656\">Str\u00f6mtopp vid uppstart<\/strong>: 2 mA<\/p>\n<\/li>\n<li class=\"\" data-start=\"1663\" data-end=\"1704\">\n<p class=\"\" data-start=\"1665\" data-end=\"1704\"><strong data-start=\"1665\" data-end=\"1679\">Alarmstr\u00f6m<\/strong>: 4 mA vid LED-upplysning<\/p>\n<\/li>\n<li class=\"\" data-start=\"1705\" data-end=\"1750\">\n<p class=\"\" data-start=\"1707\" data-end=\"1750\"><strong data-start=\"1707\" data-end=\"1733\">Operativa temperaturer<\/strong>: \u201310\u00b0C till 55\u00b0C<\/p>\n<\/li>\n<li class=\"\" data-start=\"1751\" data-end=\"1814\">\n<p class=\"\" data-start=\"1753\" data-end=\"1814\"><strong data-start=\"1753\" data-end=\"1766\">Fuktighet<\/strong>: 0% till 90% RH (utan kondens eller isbildning)<\/p>\n<\/li>\n<li class=\"\" data-start=\"1815\" data-end=\"1842\">\n<p class=\"\" data-start=\"1817\" data-end=\"1842\"><strong data-start=\"1817\" data-end=\"1825\">M\u00e5tt<\/strong>: \u00d8103 mm x 55 mm<\/p>\n<\/li>\n<li class=\"\" data-start=\"1843\" data-end=\"1860\">\n<p class=\"\" data-start=\"1845\" data-end=\"1860\"><strong data-start=\"1845\" data-end=\"1853\">Vikt<\/strong>: 105 g<\/p>\n<\/li>\n<li class=\"\" data-start=\"1861\" data-end=\"1909\">\n<p class=\"\" data-start=\"1863\" data-end=\"1909\"><strong data-start=\"1863\" data-end=\"1881\">Kompatibilitet<\/strong>: Discovery och CoreProtocol<\/p>\n<\/li>\n<li class=\"\" data-start=\"1910\" data-end=\"1930\">\n<p class=\"\" data-start=\"1912\" data-end=\"1930\"><strong data-start=\"1912\" data-end=\"1924\">IP-klass<\/strong>: IP40<\/p>\n<\/li>\n<li class=\"\" data-start=\"1931\" data-end=\"1959\">\n<p class=\"\" data-start=\"1933\" data-end=\"1959\"><strong data-start=\"1933\" data-end=\"1945\">Material<\/strong>: ABS, POM, PC<\/p>\n<\/li>\n<\/ul>","protected":false},"excerpt":{"rendered":"<p>Apollo SA5100-810APO Soteria Tri-Sensor Detector anv\u00e4nder dubbel optisk detekteringsteknik tillsammans med v\u00e4rmesensor och CO-sensor f\u00f6r exakt r\u00f6kdetektering och att minimera risken f\u00f6r falsklarm.<\/p>\n<p>Enheten \u00e4r kompatibel med b\u00e5de Discovery och CoreProtocol och erbjuder fem k\u00e4nslighetsmodeller.<\/p>","protected":false},"featured_media":90068,"template":"","meta":{"_acf_changed":false},"product_brand":[],"product_cat":[3692],"product_tag":[],"class_list":{"0":"post-90069","1":"product","2":"type-product","3":"status-publish","4":"has-post-thumbnail","6":"product_cat-soteria-serien","7":"pa_brands-apollo-fire-detectors","8":"tm-no-options","10":"first","11":"onbackorder","12":"sale","13":"taxable","14":"shipping-taxable","15":"product-type-simple"},"acf":[],"_links":{"self":[{"href":"https:\/\/stonehouse.se\/en\/wp-json\/wp\/v2\/product\/90069","targetHints":{"allow":["GET"]}}],"collection":[{"href":"https:\/\/stonehouse.se\/en\/wp-json\/wp\/v2\/product"}],"about":[{"href":"https:\/\/stonehouse.se\/en\/wp-json\/wp\/v2\/types\/product"}],"wp:featuredmedia":[{"embeddable":true,"href":"https:\/\/stonehouse.se\/en\/wp-json\/wp\/v2\/media\/90068"}],"wp:attachment":[{"href":"https:\/\/stonehouse.se\/en\/wp-json\/wp\/v2\/media?parent=90069"}],"wp:term":[{"taxonomy":"product_brand","embeddable":true,"href":"https:\/\/stonehouse.se\/en\/wp-json\/wp\/v2\/product_brand?post=90069"},{"taxonomy":"product_cat","embeddable":true,"href":"https:\/\/stonehouse.se\/en\/wp-json\/wp\/v2\/product_cat?post=90069"},{"taxonomy":"product_tag","embeddable":true,"href":"https:\/\/stonehouse.se\/en\/wp-json\/wp\/v2\/product_tag?post=90069"}],"curies":[{"name":"wp","href":"https:\/\/api.w.org\/{rel}","templated":true}]}}