
{"id":90071,"date":"2025-04-03T14:21:07","date_gmt":"2025-04-03T12:21:07","guid":{"rendered":"https:\/\/stonehouse.se\/produkt\/apollo-pp2516-soteria-series-purelight-optisk-och-varmekanslig-multisensordetektor-vit\/"},"modified":"2026-04-09T11:24:00","modified_gmt":"2026-04-09T09:24:00","slug":"apollo-pp2516-soteria-series-purelight-optisk-och-varmekanslig-multisensordetektor-vit","status":"publish","type":"product","link":"https:\/\/stonehouse.se\/en\/product\/apollo-pp2516-soteria-series-purelight-optisk-och-varmekanslig-multisensordetektor-vit\/","title":{"rendered":"Apollo PP2516 Soteria Series PureLight optisk och v\u00e4rmek\u00e4nslig multisensordetektor, vit"},"content":{"rendered":"<h1>Apollo PP2516 Soteria Series PureLight optisk och v\u00e4rmek\u00e4nslig multisensordetektor, vit<\/h1>\n<p class=\"\" data-start=\"476\" data-end=\"883\">Apollo PP2516 Soteria Series PureLight Optisk och V\u00e4rmek\u00e4nslig Multisensordetektor anv\u00e4nder den innovativa PureLight-teknologin f\u00f6r att uppt\u00e4cka r\u00f6kpartiklar med h\u00f6g k\u00e4nslighet och minimera risken f\u00f6r falsklarm.<\/p>\n<p class=\"\" data-start=\"476\" data-end=\"883\">Den \u00e4r utrustad med tv\u00e5 v\u00e4rmesensorer f\u00f6r att m\u00e4ta temperaturf\u00f6r\u00e4ndringar och erbjuda en flexibel detektering som kan st\u00e4llas in f\u00f6r r\u00f6k, v\u00e4rme eller en kombination av b\u00e5da.<\/p>\n<p class=\"\" data-start=\"885\" data-end=\"1290\">Denna multisensordetektor \u00e4r idealisk f\u00f6r installation i en rad olika milj\u00f6er som sovrum, hotell, sjukhus och kontor.<\/p>\n<p class=\"\" data-start=\"885\" data-end=\"1290\">Den erbjuder f\u00f6rdelar som snabbare testning med FasTest\u00ae, drift med digital CoreProtocol-kommunikation, och \u00e4r kompatibel med b\u00e5de XP95 och Discovery-system.<\/p>\n<p class=\"\" data-start=\"885\" data-end=\"1290\">Den har ocks\u00e5 ett inbyggt driftkompensationssystem och en tri-f\u00e4rgad LED-statusindikator f\u00f6r att visa brand- och funktionsstatus.<\/p>\n<p class=\"\" data-start=\"1292\" data-end=\"1312\"><strong data-start=\"1292\" data-end=\"1311\">Specifikationer<\/strong>:<\/p>\n<ul data-start=\"1313\" data-end=\"1808\">\n<li class=\"\" data-start=\"1313\" data-end=\"1337\">\n<p class=\"\" data-start=\"1315\" data-end=\"1337\"><strong data-start=\"1315\" data-end=\"1329\">Str\u00f6mk\u00e4lla<\/strong>: 13V DC<\/p>\n<\/li>\n<li class=\"\" data-start=\"1338\" data-end=\"1412\">\n<p class=\"\" data-start=\"1340\" data-end=\"1412\"><strong data-start=\"1340\" data-end=\"1367\">Kommunikationsprotokoll<\/strong>: CoreProtocol, XP95 och Discovery-kompatibel<\/p>\n<\/li>\n<li class=\"\" data-start=\"1413\" data-end=\"1466\">\n<p class=\"\" data-start=\"1415\" data-end=\"1466\"><strong data-start=\"1415\" data-end=\"1427\">Sensorer<\/strong>: Optisk (PureLight), V\u00e4rme (Termistor)<\/p>\n<\/li>\n<li class=\"\" data-start=\"1467\" data-end=\"1511\">\n<p class=\"\" data-start=\"1469\" data-end=\"1511\"><strong data-start=\"1469\" data-end=\"1491\">Detekterbar medium<\/strong>: Brand (R\u00f6k, V\u00e4rme)<\/p>\n<\/li>\n<li class=\"\" data-start=\"1512\" data-end=\"1545\">\n<p class=\"\" data-start=\"1514\" data-end=\"1545\"><strong data-start=\"1514\" data-end=\"1528\">Temperatur<\/strong>: \u201340\u00b0C till 70\u00b0C<\/p>\n<\/li>\n<li class=\"\" data-start=\"1546\" data-end=\"1603\">\n<p class=\"\" data-start=\"1548\" data-end=\"1603\"><strong data-start=\"1548\" data-end=\"1561\">Fuktighet<\/strong>: 0\u201395% RH (utan kondens eller isbildning)<\/p>\n<\/li>\n<li class=\"\" data-start=\"1604\" data-end=\"1631\">\n<p class=\"\" data-start=\"1606\" data-end=\"1631\"><strong data-start=\"1606\" data-end=\"1614\">M\u00e5tt<\/strong>: \u00d8100 mm x 38 mm<\/p>\n<\/li>\n<li class=\"\" data-start=\"1632\" data-end=\"1648\">\n<p class=\"\" data-start=\"1634\" data-end=\"1648\"><strong data-start=\"1634\" data-end=\"1642\">Vikt<\/strong>: 83 g<\/p>\n<\/li>\n<li class=\"\" data-start=\"1649\" data-end=\"1667\">\n<p class=\"\" data-start=\"1651\" data-end=\"1667\"><strong data-start=\"1651\" data-end=\"1659\">F\u00e4rg<\/strong>: Silver<\/p>\n<\/li>\n<li class=\"\" data-start=\"1668\" data-end=\"1688\">\n<p class=\"\" data-start=\"1670\" data-end=\"1688\"><strong data-start=\"1670\" data-end=\"1682\">IP-klass<\/strong>: IP54<\/p>\n<\/li>\n<li class=\"\" data-start=\"1689\" data-end=\"1728\">\n<p class=\"\" data-start=\"1691\" data-end=\"1728\"><strong data-start=\"1691\" data-end=\"1702\">Garanti<\/strong>: Begr\u00e4nsad 10 \u00e5rs garanti<\/p>\n<\/li>\n<li class=\"\" data-start=\"1729\" data-end=\"1776\">\n<p class=\"\" data-start=\"1731\" data-end=\"1776\"><strong data-start=\"1731\" data-end=\"1749\">Kompatibilitet<\/strong>: XP95 och Discovery system<\/p>\n<\/li>\n<li class=\"\" data-start=\"1777\" data-end=\"1808\">\n<p class=\"\" data-start=\"1779\" data-end=\"1808\"><strong data-start=\"1779\" data-end=\"1800\">Anslutningsteknik<\/strong>: Tr\u00e5dad<\/p>\n<\/li>\n<\/ul>","protected":false},"excerpt":{"rendered":"<p>Apollo PP2516 Soteria Series PureLight multisensordetektor kombinerar optisk r\u00f6kdetektering med v\u00e4rmesensorer f\u00f6r exakt branddetektering och reducerade falsklarm.<\/p>\n<p>Utrustad med FasTest\u00ae f\u00f6r snabbare testning, denna detektor anv\u00e4nder digital Core Protocol-kommunikation och \u00e4r kompatibel med XP95 och Discovery system.<\/p>","protected":false},"featured_media":90070,"template":"","meta":{"_acf_changed":false},"product_brand":[],"product_cat":[3692],"product_tag":[],"class_list":{"0":"post-90071","1":"product","2":"type-product","3":"status-publish","4":"has-post-thumbnail","6":"product_cat-soteria-serien","7":"pa_brands-apollo-fire-detectors","8":"tm-no-options","10":"first","11":"instock","12":"sale","13":"taxable","14":"shipping-taxable","15":"product-type-simple"},"acf":[],"_links":{"self":[{"href":"https:\/\/stonehouse.se\/en\/wp-json\/wp\/v2\/product\/90071","targetHints":{"allow":["GET"]}}],"collection":[{"href":"https:\/\/stonehouse.se\/en\/wp-json\/wp\/v2\/product"}],"about":[{"href":"https:\/\/stonehouse.se\/en\/wp-json\/wp\/v2\/types\/product"}],"wp:featuredmedia":[{"embeddable":true,"href":"https:\/\/stonehouse.se\/en\/wp-json\/wp\/v2\/media\/90070"}],"wp:attachment":[{"href":"https:\/\/stonehouse.se\/en\/wp-json\/wp\/v2\/media?parent=90071"}],"wp:term":[{"taxonomy":"product_brand","embeddable":true,"href":"https:\/\/stonehouse.se\/en\/wp-json\/wp\/v2\/product_brand?post=90071"},{"taxonomy":"product_cat","embeddable":true,"href":"https:\/\/stonehouse.se\/en\/wp-json\/wp\/v2\/product_cat?post=90071"},{"taxonomy":"product_tag","embeddable":true,"href":"https:\/\/stonehouse.se\/en\/wp-json\/wp\/v2\/product_tag?post=90071"}],"curies":[{"name":"wp","href":"https:\/\/api.w.org\/{rel}","templated":true}]}}