
{"id":90075,"date":"2025-04-03T14:19:28","date_gmt":"2025-04-03T12:19:28","guid":{"rendered":"https:\/\/stonehouse.se\/produkt\/apollo-55000-217apo-65-series-rokdetektor-med-jonisering-vit\/"},"modified":"2026-04-01T16:34:34","modified_gmt":"2026-04-01T14:34:34","slug":"apollo-55000-217apo-65-series-rokdetektor-med-jonisering-vit","status":"publish","type":"product","link":"https:\/\/stonehouse.se\/en\/product\/apollo-55000-217apo-65-series-rokdetektor-med-jonisering-vit\/","title":{"rendered":"Apollo 55000-217APO 65 Series, r\u00f6kdetektor med jonisering, vit"},"content":{"rendered":"<h1>Apollo 55000-217APO 65 Series, r\u00f6kdetektor med jonisering, vit<\/h1>\n<p class=\"\" data-start=\"393\" data-end=\"837\">Apollo 55000-217APO 65 Series R\u00f6kdetektor anv\u00e4nder en l\u00e5gaktiv radioaktiv folie f\u00f6r att detektera r\u00f6k genom att bestr\u00e5la luften i r\u00f6kkammaren, vilket resulterar i ett str\u00f6mfl\u00f6de.<\/p>\n<p class=\"\" data-start=\"393\" data-end=\"837\">N\u00e4r r\u00f6k tr\u00e4nger in i kammaren minskar str\u00f6mfl\u00f6det, vilket aktiverar larmet. Denna detektor har en bred driftsp\u00e4nning fr\u00e5n 9-33V och anv\u00e4nder avancerad elektronisk teknik som g\u00f6r den b\u00e5de effektiv och p\u00e5litlig f\u00f6r en m\u00e4ngd olika till\u00e4mpningar.<\/p>\n<p class=\"\" data-start=\"839\" data-end=\"1228\">En av de viktigaste funktionerna \u00e4r det valfria blinkande LED-alternativet som ger en visuell indikation i standby-l\u00e4ge.<\/p>\n<p class=\"\" data-start=\"839\" data-end=\"1228\">Detektorn \u00e4r ocks\u00e5 utrustad med ett magnetiskt testomkopplare-alternativ som g\u00f6r det enklare att kontrollera dess funktion.<\/p>\n<p class=\"\" data-start=\"839\" data-end=\"1228\">Den \u00e4r designad f\u00f6r att uppfylla internationella godk\u00e4nnanden och \u00e4r idealisk f\u00f6r anv\u00e4ndning b\u00e5de i branddetekteringssystem och s\u00e4kerhetssystem.<\/p>\n<p class=\"\" data-start=\"1230\" data-end=\"1250\"><strong data-start=\"1230\" data-end=\"1249\">Specifikationer<\/strong>:<\/p>\n<ul data-start=\"1251\" data-end=\"1717\">\n<li class=\"\" data-start=\"1251\" data-end=\"1277\">\n<p class=\"\" data-start=\"1253\" data-end=\"1277\"><strong data-start=\"1253\" data-end=\"1267\">Str\u00f6mk\u00e4lla<\/strong>: 9-33V DC<\/p>\n<\/li>\n<li class=\"\" data-start=\"1278\" data-end=\"1308\">\n<p class=\"\" data-start=\"1280\" data-end=\"1308\"><strong data-start=\"1280\" data-end=\"1303\">Detekterbart medium<\/strong>: R\u00f6k<\/p>\n<\/li>\n<li class=\"\" data-start=\"1309\" data-end=\"1324\">\n<p class=\"\" data-start=\"1311\" data-end=\"1324\"><strong data-start=\"1311\" data-end=\"1319\">F\u00e4rg<\/strong>: Vit<\/p>\n<\/li>\n<li class=\"\" data-start=\"1325\" data-end=\"1359\">\n<p class=\"\" data-start=\"1327\" data-end=\"1359\"><strong data-start=\"1327\" data-end=\"1334\">Typ<\/strong>: Joniserande r\u00f6kdetektor<\/p>\n<\/li>\n<li class=\"\" data-start=\"1360\" data-end=\"1417\">\n<p class=\"\" data-start=\"1362\" data-end=\"1417\"><strong data-start=\"1362\" data-end=\"1376\">Alternativ<\/strong>: Blinkande LED, Magnetisk testomkopplare<\/p>\n<\/li>\n<li class=\"\" data-start=\"1418\" data-end=\"1469\">\n<p class=\"\" data-start=\"1420\" data-end=\"1469\"><strong data-start=\"1420\" data-end=\"1428\">M\u00e5tt<\/strong>: Standardstorlek f\u00f6r serie 65 detektorer<\/p>\n<\/li>\n<li class=\"\" data-start=\"1470\" data-end=\"1518\">\n<p class=\"\" data-start=\"1472\" data-end=\"1518\"><strong data-start=\"1472\" data-end=\"1480\">Vikt<\/strong>: Standardvikt f\u00f6r serie 65 detektorer<\/p>\n<\/li>\n<li class=\"\" data-start=\"1519\" data-end=\"1565\">\n<p class=\"\" data-start=\"1521\" data-end=\"1565\"><strong data-start=\"1521\" data-end=\"1539\">Testfunktioner<\/strong>: Magnetisk testomkopplare<\/p>\n<\/li>\n<li class=\"\" data-start=\"1566\" data-end=\"1633\">\n<p class=\"\" data-start=\"1568\" data-end=\"1633\"><strong data-start=\"1568\" data-end=\"1586\">Kompatibilitet<\/strong>: Fungerar med Apollo-serie 65 baser och system<\/p>\n<\/li>\n<li class=\"\" data-start=\"1634\" data-end=\"1717\">\n<p class=\"\" data-start=\"1636\" data-end=\"1717\"><strong data-start=\"1636\" data-end=\"1652\">Certifiering<\/strong>: Testad och godk\u00e4nd enligt EN 54-7 standarden f\u00f6r r\u00f6kdetektorer.<\/p>\n<\/li>\n<\/ul>","protected":false},"excerpt":{"rendered":"<p>Apollo 55000-217APO 65 Series \u00e4r en joniserande r\u00f6kdetektor med avancerad elektronisk teknik och bred driftsp\u00e4nning.<\/p>\n<p>Utrustad med en radioaktiv folie och blinkande LED-alternativ, detekterar den r\u00f6k genom att minska str\u00f6mfl\u00f6det n\u00e4r r\u00f6k tr\u00e4nger in i kammaren.<\/p>","protected":false},"featured_media":90074,"template":"","meta":{"_acf_changed":false},"product_brand":[],"product_cat":[3689],"product_tag":[],"class_list":{"0":"post-90075","1":"product","2":"type-product","3":"status-publish","4":"has-post-thumbnail","6":"product_cat-65-serien","7":"pa_brands-apollo-fire-detectors","8":"tm-no-options","10":"first","11":"outofstock","12":"sale","13":"taxable","14":"shipping-taxable","15":"product-type-simple"},"acf":[],"_links":{"self":[{"href":"https:\/\/stonehouse.se\/en\/wp-json\/wp\/v2\/product\/90075","targetHints":{"allow":["GET"]}}],"collection":[{"href":"https:\/\/stonehouse.se\/en\/wp-json\/wp\/v2\/product"}],"about":[{"href":"https:\/\/stonehouse.se\/en\/wp-json\/wp\/v2\/types\/product"}],"wp:featuredmedia":[{"embeddable":true,"href":"https:\/\/stonehouse.se\/en\/wp-json\/wp\/v2\/media\/90074"}],"wp:attachment":[{"href":"https:\/\/stonehouse.se\/en\/wp-json\/wp\/v2\/media?parent=90075"}],"wp:term":[{"taxonomy":"product_brand","embeddable":true,"href":"https:\/\/stonehouse.se\/en\/wp-json\/wp\/v2\/product_brand?post=90075"},{"taxonomy":"product_cat","embeddable":true,"href":"https:\/\/stonehouse.se\/en\/wp-json\/wp\/v2\/product_cat?post=90075"},{"taxonomy":"product_tag","embeddable":true,"href":"https:\/\/stonehouse.se\/en\/wp-json\/wp\/v2\/product_tag?post=90075"}],"curies":[{"name":"wp","href":"https:\/\/api.w.org\/{rel}","templated":true}]}}