
{"id":90077,"date":"2025-04-03T14:19:27","date_gmt":"2025-04-03T12:19:27","guid":{"rendered":"https:\/\/stonehouse.se\/produkt\/apollo-55000-137apo-65-series-cs-varmedetektor-vit\/"},"modified":"2026-04-09T11:23:42","modified_gmt":"2026-04-09T09:23:42","slug":"apollo-55000-137apo-65-series-cs-varmedetektor-vit","status":"publish","type":"product","link":"https:\/\/stonehouse.se\/en\/product\/apollo-55000-137apo-65-series-cs-varmedetektor-vit\/","title":{"rendered":"Apollo 55000-137APO 65 Series, CS v\u00e4rmedetektor, vit"},"content":{"rendered":"<h1>Apollo 55000-137APO 65 Series, CS v\u00e4rmedetektor, vit<\/h1>\n<p class=\"\" data-start=\"453\" data-end=\"821\">Apollo 55000-137APO 65 Series CS V\u00e4rmedetektor anv\u00e4nder ett NTC-termistorn\u00e4tverk f\u00f6r att \u00f6vervaka temperaturen och ger en sp\u00e4nningsutg\u00e5ng som \u00e4r proportionell mot den externa lufttemperaturen.<\/p>\n<p class=\"\" data-start=\"453\" data-end=\"821\">Den \u00e4r perfekt f\u00f6r applikationer d\u00e4r r\u00f6kdetektorer inte kan anv\u00e4ndas, exempelvis i smutsiga eller r\u00f6kiga milj\u00f6er d\u00e4r s\u00e5dana detektorer kan ge falsklarm.<\/p>\n<p class=\"\" data-start=\"823\" data-end=\"1197\">Den har en bred driftsp\u00e4nning p\u00e5 9\u201333V DC och kan anv\u00e4ndas i olika milj\u00f6er, inklusive de med h\u00f6g luftfuktighet (0%\u201395% RH) och d\u00e4r det kr\u00e4vs p\u00e5litlig temperatur\u00f6vervakning.<\/p>\n<p class=\"\" data-start=\"823\" data-end=\"1197\">CS-versionen har en enkel NTC-termistor f\u00f6r snabbare och effektivare temperaturm\u00e4tning. V\u00e4rmedetektorn \u00e4r ocks\u00e5 IP54-klassad, vilket g\u00f6r den l\u00e4mplig f\u00f6r b\u00e5de inomhus- och utomhusbruk i tuffare milj\u00f6er.<\/p>\n<p class=\"\" data-start=\"1199\" data-end=\"1219\"><strong data-start=\"1199\" data-end=\"1218\">Specifikationer<\/strong>:<\/p>\n<ul data-start=\"1220\" data-end=\"1705\">\n<li class=\"\" data-start=\"1220\" data-end=\"1246\">\n<p class=\"\" data-start=\"1222\" data-end=\"1246\"><strong data-start=\"1222\" data-end=\"1236\">Str\u00f6mk\u00e4lla<\/strong>: 9\u201333V DC<\/p>\n<\/li>\n<li class=\"\" data-start=\"1247\" data-end=\"1274\">\n<p class=\"\" data-start=\"1249\" data-end=\"1274\"><strong data-start=\"1249\" data-end=\"1257\">M\u00e5tt<\/strong>: \u00d8100 mm x 42 mm<\/p>\n<\/li>\n<li class=\"\" data-start=\"1275\" data-end=\"1291\">\n<p class=\"\" data-start=\"1277\" data-end=\"1291\"><strong data-start=\"1277\" data-end=\"1285\">Vikt<\/strong>: 80 g<\/p>\n<\/li>\n<li class=\"\" data-start=\"1292\" data-end=\"1307\">\n<p class=\"\" data-start=\"1294\" data-end=\"1307\"><strong data-start=\"1294\" data-end=\"1302\">F\u00e4rg<\/strong>: Vit<\/p>\n<\/li>\n<li class=\"\" data-start=\"1308\" data-end=\"1394\">\n<p class=\"\" data-start=\"1310\" data-end=\"1394\"><strong data-start=\"1310\" data-end=\"1324\">Temperatur<\/strong>: A1R: \u201320\u00b0C till +50\u00b0C, BR: \u201320\u00b0C till +65\u00b0C, CS\/CR: \u201320\u00b0C till +80\u00b0C<\/p>\n<\/li>\n<li class=\"\" data-start=\"1395\" data-end=\"1458\">\n<p class=\"\" data-start=\"1397\" data-end=\"1458\"><strong data-start=\"1397\" data-end=\"1410\">Fuktighet<\/strong>: 0% till 95% RH (utan kondens eller isbildning)<\/p>\n<\/li>\n<li class=\"\" data-start=\"1459\" data-end=\"1479\">\n<p class=\"\" data-start=\"1461\" data-end=\"1479\"><strong data-start=\"1461\" data-end=\"1473\">IP-klass<\/strong>: IP54<\/p>\n<\/li>\n<li class=\"\" data-start=\"1480\" data-end=\"1519\">\n<p class=\"\" data-start=\"1482\" data-end=\"1519\"><strong data-start=\"1482\" data-end=\"1493\">Garanti<\/strong>: Begr\u00e4nsad 10 \u00e5rs garanti<\/p>\n<\/li>\n<li class=\"\" data-start=\"1520\" data-end=\"1571\">\n<p class=\"\" data-start=\"1522\" data-end=\"1571\"><strong data-start=\"1522\" data-end=\"1540\">Kompatibilitet<\/strong>: Series 60 och Series 65 baser<\/p>\n<\/li>\n<li class=\"\" data-start=\"1572\" data-end=\"1603\">\n<p class=\"\" data-start=\"1574\" data-end=\"1603\"><strong data-start=\"1574\" data-end=\"1595\">Anslutningsteknik<\/strong>: Tr\u00e5dad<\/p>\n<\/li>\n<li class=\"\" data-start=\"1604\" data-end=\"1705\">\n<p class=\"\" data-start=\"1606\" data-end=\"1705\"><strong data-start=\"1606\" data-end=\"1618\">F\u00f6rdelar<\/strong>: Perfekt f\u00f6r milj\u00f6er d\u00e4r r\u00f6kdetektorer inte \u00e4r l\u00e4mpliga, smutsiga eller r\u00f6kiga omr\u00e5den<\/p>\n<\/li>\n<\/ul>\n<p>&nbsp;<\/p>","protected":false},"excerpt":{"rendered":"<p>Apollo 55000-137APO 65 Series CS V\u00e4rmedetektor \u00e4r en p\u00e5litlig detektor f\u00f6r temperatur\u00f6vervakning med hj\u00e4lp av ett NTC-termistorn\u00e4tverk.<\/p>\n<p>Den \u00e4r idealisk f\u00f6r anv\u00e4ndning i milj\u00f6er d\u00e4r r\u00f6kdetektorer \u00e4r ol\u00e4mpliga, s\u00e5som smutsiga eller r\u00f6kiga omr\u00e5den.<\/p>\n<p>Den har en bred driftsp\u00e4nning och uppfyller internationella s\u00e4kerhetsstandarder.<\/p>","protected":false},"featured_media":90076,"template":"","meta":{"_acf_changed":false},"product_brand":[],"product_cat":[3689],"product_tag":[],"class_list":{"0":"post-90077","1":"product","2":"type-product","3":"status-publish","4":"has-post-thumbnail","6":"product_cat-65-serien","7":"pa_brands-apollo-fire-detectors","8":"tm-no-options","10":"first","11":"instock","12":"sale","13":"taxable","14":"shipping-taxable","15":"product-type-simple"},"acf":[],"_links":{"self":[{"href":"https:\/\/stonehouse.se\/en\/wp-json\/wp\/v2\/product\/90077","targetHints":{"allow":["GET"]}}],"collection":[{"href":"https:\/\/stonehouse.se\/en\/wp-json\/wp\/v2\/product"}],"about":[{"href":"https:\/\/stonehouse.se\/en\/wp-json\/wp\/v2\/types\/product"}],"wp:featuredmedia":[{"embeddable":true,"href":"https:\/\/stonehouse.se\/en\/wp-json\/wp\/v2\/media\/90076"}],"wp:attachment":[{"href":"https:\/\/stonehouse.se\/en\/wp-json\/wp\/v2\/media?parent=90077"}],"wp:term":[{"taxonomy":"product_brand","embeddable":true,"href":"https:\/\/stonehouse.se\/en\/wp-json\/wp\/v2\/product_brand?post=90077"},{"taxonomy":"product_cat","embeddable":true,"href":"https:\/\/stonehouse.se\/en\/wp-json\/wp\/v2\/product_cat?post=90077"},{"taxonomy":"product_tag","embeddable":true,"href":"https:\/\/stonehouse.se\/en\/wp-json\/wp\/v2\/product_tag?post=90077"}],"curies":[{"name":"wp","href":"https:\/\/api.w.org\/{rel}","templated":true}]}}