
{"id":90079,"date":"2025-04-03T14:19:26","date_gmt":"2025-04-03T12:19:26","guid":{"rendered":"https:\/\/stonehouse.se\/produkt\/apollo-55000-136apo-65-series-cs-varmedetektor-med-blinkande-led-vit\/"},"modified":"2026-04-09T11:23:47","modified_gmt":"2026-04-09T09:23:47","slug":"apollo-55000-136apo-65-series-cs-varmedetektor-med-blinkande-led-vit","status":"publish","type":"product","link":"https:\/\/stonehouse.se\/en\/product\/apollo-55000-136apo-65-series-cs-varmedetektor-med-blinkande-led-vit\/","title":{"rendered":"Apollo 55000-136APO 65 Series, CS v\u00e4rmedetektor med blinkande LED, vit"},"content":{"rendered":"<h1>Apollo 55000-136APO 65 Series, CS v\u00e4rmedetektor med blinkande LED, vit<\/h1>\n<p class=\"\" data-start=\"416\" data-end=\"813\">Apollo 55000-136APO 65 Series CS V\u00e4rmedetektor med blinkande LED anv\u00e4nder ett avancerat termistorn\u00e4tverk f\u00f6r att \u00f6vervaka lufttemperaturen och ge ett larm om det sker en pl\u00f6tslig temperatur\u00f6kning.<\/p>\n<p class=\"\" data-start=\"416\" data-end=\"813\">Detektorn \u00e4r designad f\u00f6r anv\u00e4ndning i milj\u00f6er d\u00e4r traditionella r\u00f6kdetektorer inte kan anv\u00e4ndas, exempelvis i omr\u00e5den som \u00e4r r\u00f6kiga eller smutsiga under naturliga f\u00f6rh\u00e5llanden.<\/p>\n<p class=\"\" data-start=\"815\" data-end=\"1214\">Den \u00e4r utrustad med en integrerad LED som blinkar n\u00e4r detektorn \u00e4r i vilol\u00e4ge och t\u00e4nds vid larm. Den breda driftsp\u00e4nningen (9-33V DC) g\u00f6r att den \u00e4r kompatibel med ett brett spektrum av system.<\/p>\n<p class=\"\" data-start=\"815\" data-end=\"1214\">Materialet i h\u00f6ljet \u00e4r vitt polykarbonat, vilket ger b\u00e5de styrka och f\u00e4rgstabilitet. Detektorn \u00e4r ocks\u00e5 IP54-klassad och fungerar effektivt i olika temperatur- och fuktighetsf\u00f6rh\u00e5llanden (0% till 95% RH).<\/p>\n<p class=\"\" data-start=\"1216\" data-end=\"1395\">Med sin bepr\u00f6vade prestanda och l\u00e5nga h\u00e5llbarhet (10 \u00e5rs garanti) \u00e4r denna detektor ett utm\u00e4rkt val f\u00f6r att \u00f6vervaka temperatur i applikationer d\u00e4r r\u00f6kdetektorer inte \u00e4r l\u00e4mpliga.<\/p>\n<p class=\"\" data-start=\"1397\" data-end=\"1417\"><strong data-start=\"1397\" data-end=\"1416\">Specifikationer<\/strong>:<\/p>\n<ul data-start=\"1418\" data-end=\"1778\">\n<li class=\"\" data-start=\"1418\" data-end=\"1444\">\n<p class=\"\" data-start=\"1420\" data-end=\"1444\"><strong data-start=\"1420\" data-end=\"1434\">Str\u00f6mk\u00e4lla<\/strong>: 9\u201333V DC<\/p>\n<\/li>\n<li class=\"\" data-start=\"1445\" data-end=\"1472\">\n<p class=\"\" data-start=\"1447\" data-end=\"1472\"><strong data-start=\"1447\" data-end=\"1455\">M\u00e5tt<\/strong>: \u00d8100 mm x 42 mm<\/p>\n<\/li>\n<li class=\"\" data-start=\"1473\" data-end=\"1489\">\n<p class=\"\" data-start=\"1475\" data-end=\"1489\"><strong data-start=\"1475\" data-end=\"1483\">Vikt<\/strong>: 80 g<\/p>\n<\/li>\n<li class=\"\" data-start=\"1490\" data-end=\"1505\">\n<p class=\"\" data-start=\"1492\" data-end=\"1505\"><strong data-start=\"1492\" data-end=\"1500\">F\u00e4rg<\/strong>: Vit<\/p>\n<\/li>\n<li class=\"\" data-start=\"1506\" data-end=\"1540\">\n<p class=\"\" data-start=\"1508\" data-end=\"1540\"><strong data-start=\"1508\" data-end=\"1522\">Temperatur<\/strong>: \u201320\u00b0C till +60\u00b0C<\/p>\n<\/li>\n<li class=\"\" data-start=\"1541\" data-end=\"1604\">\n<p class=\"\" data-start=\"1543\" data-end=\"1604\"><strong data-start=\"1543\" data-end=\"1556\">Fuktighet<\/strong>: 0% till 95% RH (utan kondens eller isbildning)<\/p>\n<\/li>\n<li class=\"\" data-start=\"1605\" data-end=\"1625\">\n<p class=\"\" data-start=\"1607\" data-end=\"1625\"><strong data-start=\"1607\" data-end=\"1619\">IP-klass<\/strong>: IP54<\/p>\n<\/li>\n<li class=\"\" data-start=\"1626\" data-end=\"1665\">\n<p class=\"\" data-start=\"1628\" data-end=\"1665\"><strong data-start=\"1628\" data-end=\"1639\">Garanti<\/strong>: Begr\u00e4nsad 10 \u00e5rs garanti<\/p>\n<\/li>\n<li class=\"\" data-start=\"1666\" data-end=\"1694\">\n<p class=\"\" data-start=\"1668\" data-end=\"1694\"><strong data-start=\"1668\" data-end=\"1680\">Material<\/strong>: Polykarbonat<\/p>\n<\/li>\n<li class=\"\" data-start=\"1695\" data-end=\"1746\">\n<p class=\"\" data-start=\"1697\" data-end=\"1746\"><strong data-start=\"1697\" data-end=\"1715\">Kompatibilitet<\/strong>: Series 60 och Series 65 baser<\/p>\n<\/li>\n<li class=\"\" data-start=\"1747\" data-end=\"1778\">\n<p class=\"\" data-start=\"1749\" data-end=\"1778\"><strong data-start=\"1749\" data-end=\"1770\">Anslutningsteknik<\/strong>: Tr\u00e5dad<\/p>\n<\/li>\n<\/ul>","protected":false},"excerpt":{"rendered":"<p>Apollo 55000-136APO 65 Series CS V\u00e4rmedetektor med blinkande LED \u00e4r idealisk f\u00f6r milj\u00f6er d\u00e4r r\u00f6kdetektorer \u00e4r ol\u00e4mpliga, som smutsiga eller r\u00f6kiga omr\u00e5den.<\/p>\n<p>Med bred driftsp\u00e4nning och bepr\u00f6vad detektionsprestanda s\u00e4kerst\u00e4ller denna detektor p\u00e5litlig temperatur\u00f6vervakning.<\/p>","protected":false},"featured_media":90078,"template":"","meta":{"_acf_changed":false},"product_brand":[],"product_cat":[3689],"product_tag":[],"class_list":{"0":"post-90079","1":"product","2":"type-product","3":"status-publish","4":"has-post-thumbnail","6":"product_cat-65-serien","7":"pa_brands-apollo-fire-detectors","8":"tm-no-options","10":"first","11":"instock","12":"sale","13":"taxable","14":"shipping-taxable","15":"product-type-simple"},"acf":[],"_links":{"self":[{"href":"https:\/\/stonehouse.se\/en\/wp-json\/wp\/v2\/product\/90079","targetHints":{"allow":["GET"]}}],"collection":[{"href":"https:\/\/stonehouse.se\/en\/wp-json\/wp\/v2\/product"}],"about":[{"href":"https:\/\/stonehouse.se\/en\/wp-json\/wp\/v2\/types\/product"}],"wp:featuredmedia":[{"embeddable":true,"href":"https:\/\/stonehouse.se\/en\/wp-json\/wp\/v2\/media\/90078"}],"wp:attachment":[{"href":"https:\/\/stonehouse.se\/en\/wp-json\/wp\/v2\/media?parent=90079"}],"wp:term":[{"taxonomy":"product_brand","embeddable":true,"href":"https:\/\/stonehouse.se\/en\/wp-json\/wp\/v2\/product_brand?post=90079"},{"taxonomy":"product_cat","embeddable":true,"href":"https:\/\/stonehouse.se\/en\/wp-json\/wp\/v2\/product_cat?post=90079"},{"taxonomy":"product_tag","embeddable":true,"href":"https:\/\/stonehouse.se\/en\/wp-json\/wp\/v2\/product_tag?post=90079"}],"curies":[{"name":"wp","href":"https:\/\/api.w.org\/{rel}","templated":true}]}}