
{"id":90081,"date":"2025-04-03T14:19:25","date_gmt":"2025-04-03T12:19:25","guid":{"rendered":"https:\/\/stonehouse.se\/produkt\/apollo-55000-127apo-65-series-br-varmedetektor-vit\/"},"modified":"2026-04-09T11:23:52","modified_gmt":"2026-04-09T09:23:52","slug":"apollo-55000-127apo-65-series-br-varmedetektor-vit","status":"publish","type":"product","link":"https:\/\/stonehouse.se\/en\/product\/apollo-55000-127apo-65-series-br-varmedetektor-vit\/","title":{"rendered":"Apollo 55000-127APO 65 Series, BR v\u00e4rmedetektor, vit"},"content":{"rendered":"<h1>Apollo 55000-127APO 65 Series, BR v\u00e4rmedetektor, vit<\/h1>\n<p class=\"\" data-start=\"358\" data-end=\"887\">Apollo 55000-127APO 65 Series BR V\u00e4rmedetektor \u00e4r utformad f\u00f6r att \u00f6vervaka lufttemperaturen genom ett dubbelt termistorn\u00e4tverk. Detta n\u00e4tverk ger en sp\u00e4nningsutg\u00e5ng som \u00e4r proportionell mot den externa lufttemperaturen, vilket g\u00f6r det m\u00f6jligt f\u00f6r detektorn att reagera p\u00e5 snabba temperatur\u00f6kningar. Den \u00e4r s\u00e4rskilt anv\u00e4ndbar i milj\u00f6er d\u00e4r r\u00f6kdetektorer inte kan anv\u00e4ndas effektivt, som i smutsiga eller r\u00f6kiga omr\u00e5den. Den breda driftsp\u00e4nningen p\u00e5 9-33V g\u00f6r den kompatibel med ett brett spektrum av system.<\/p>\n<p class=\"\" data-start=\"889\" data-end=\"909\"><strong data-start=\"889\" data-end=\"908\">Specifikationer<\/strong>:<\/p>\n<ul data-start=\"910\" data-end=\"1241\">\n<li class=\"\" data-start=\"910\" data-end=\"936\">\n<p class=\"\" data-start=\"912\" data-end=\"936\"><strong data-start=\"912\" data-end=\"926\">Str\u00f6mk\u00e4lla<\/strong>: 9\u201333V DC<\/p>\n<\/li>\n<li class=\"\" data-start=\"937\" data-end=\"964\">\n<p class=\"\" data-start=\"939\" data-end=\"964\"><strong data-start=\"939\" data-end=\"947\">M\u00e5tt<\/strong>: \u00d8100 mm x 42 mm<\/p>\n<\/li>\n<li class=\"\" data-start=\"965\" data-end=\"981\">\n<p class=\"\" data-start=\"967\" data-end=\"981\"><strong data-start=\"967\" data-end=\"975\">Vikt<\/strong>: 80 g<\/p>\n<\/li>\n<li class=\"\" data-start=\"982\" data-end=\"997\">\n<p class=\"\" data-start=\"984\" data-end=\"997\"><strong data-start=\"984\" data-end=\"992\">F\u00e4rg<\/strong>: Vit<\/p>\n<\/li>\n<li class=\"\" data-start=\"998\" data-end=\"1032\">\n<p class=\"\" data-start=\"1000\" data-end=\"1032\"><strong data-start=\"1000\" data-end=\"1014\">Temperatur<\/strong>: \u201320\u00b0C till +65\u00b0C<\/p>\n<\/li>\n<li class=\"\" data-start=\"1033\" data-end=\"1096\">\n<p class=\"\" data-start=\"1035\" data-end=\"1096\"><strong data-start=\"1035\" data-end=\"1048\">Fuktighet<\/strong>: 0% till 95% RH (utan kondens eller isbildning)<\/p>\n<\/li>\n<li class=\"\" data-start=\"1097\" data-end=\"1117\">\n<p class=\"\" data-start=\"1099\" data-end=\"1117\"><strong data-start=\"1099\" data-end=\"1111\">IP-klass<\/strong>: IP54<\/p>\n<\/li>\n<li class=\"\" data-start=\"1118\" data-end=\"1157\">\n<p class=\"\" data-start=\"1120\" data-end=\"1157\"><strong data-start=\"1120\" data-end=\"1131\">Garanti<\/strong>: Begr\u00e4nsad 10 \u00e5rs garanti<\/p>\n<\/li>\n<li class=\"\" data-start=\"1158\" data-end=\"1209\">\n<p class=\"\" data-start=\"1160\" data-end=\"1209\"><strong data-start=\"1160\" data-end=\"1178\">Kompatibilitet<\/strong>: Series 60 och Series 65 baser<\/p>\n<\/li>\n<li class=\"\" data-start=\"1210\" data-end=\"1241\">\n<p class=\"\" data-start=\"1212\" data-end=\"1241\"><strong data-start=\"1212\" data-end=\"1233\">Anslutningsteknik<\/strong>: Tr\u00e5dad<\/p>\n<\/li>\n<\/ul>","protected":false},"excerpt":{"rendered":"<p>Apollo 55000-127APO 65 Series BR V\u00e4rmedetektor \u00e4r idealisk f\u00f6r anv\u00e4ndning d\u00e4r r\u00f6kdetektorer \u00e4r ol\u00e4mpliga, s\u00e5som smutsiga eller r\u00f6kiga milj\u00f6er.<\/p>\n<p>Den anv\u00e4nder ett dubbelt termistorn\u00e4tverk f\u00f6r att \u00f6vervaka temperatur och har bred driftsp\u00e4nning.<\/p>","protected":false},"featured_media":90080,"template":"","meta":{"_acf_changed":false},"product_brand":[],"product_cat":[3689],"product_tag":[],"class_list":{"0":"post-90081","1":"product","2":"type-product","3":"status-publish","4":"has-post-thumbnail","6":"product_cat-65-serien","7":"pa_brands-apollo-fire-detectors","8":"tm-no-options","10":"first","11":"instock","12":"sale","13":"taxable","14":"shipping-taxable","15":"product-type-simple"},"acf":[],"_links":{"self":[{"href":"https:\/\/stonehouse.se\/en\/wp-json\/wp\/v2\/product\/90081","targetHints":{"allow":["GET"]}}],"collection":[{"href":"https:\/\/stonehouse.se\/en\/wp-json\/wp\/v2\/product"}],"about":[{"href":"https:\/\/stonehouse.se\/en\/wp-json\/wp\/v2\/types\/product"}],"wp:featuredmedia":[{"embeddable":true,"href":"https:\/\/stonehouse.se\/en\/wp-json\/wp\/v2\/media\/90080"}],"wp:attachment":[{"href":"https:\/\/stonehouse.se\/en\/wp-json\/wp\/v2\/media?parent=90081"}],"wp:term":[{"taxonomy":"product_brand","embeddable":true,"href":"https:\/\/stonehouse.se\/en\/wp-json\/wp\/v2\/product_brand?post=90081"},{"taxonomy":"product_cat","embeddable":true,"href":"https:\/\/stonehouse.se\/en\/wp-json\/wp\/v2\/product_cat?post=90081"},{"taxonomy":"product_tag","embeddable":true,"href":"https:\/\/stonehouse.se\/en\/wp-json\/wp\/v2\/product_tag?post=90081"}],"curies":[{"name":"wp","href":"https:\/\/api.w.org\/{rel}","templated":true}]}}