
{"id":90085,"date":"2025-04-03T14:19:19","date_gmt":"2025-04-03T12:19:19","guid":{"rendered":"https:\/\/stonehouse.se\/produkt\/apollo-45681-245apo-monteringsbas-for-detektorer-i-65-serien-envagsanpassad-med-relautgang-vit\/"},"modified":"2026-04-09T11:24:33","modified_gmt":"2026-04-09T09:24:33","slug":"apollo-45681-245apo-monteringsbas-for-detektorer-i-65-serien-envagsanpassad-med-relautgang-vit","status":"publish","type":"product","link":"https:\/\/stonehouse.se\/en\/product\/apollo-45681-245apo-monteringsbas-for-detektorer-i-65-serien-envagsanpassad-med-relautgang-vit\/","title":{"rendered":"Apollo 45681-245APO Monteringsbas f\u00f6r detektorer i 65-serien, env\u00e4gsanpassad, med rel\u00e4utg\u00e5ng, vit"},"content":{"rendered":"<h1>Apollo 45681-245APO Monteringsbas f\u00f6r detektorer i 65-serien, env\u00e4gsanpassad, med rel\u00e4utg\u00e5ng, vit<\/h1>\n<p class=\"\" data-start=\"452\" data-end=\"886\">Apollo 45681-245APO Monteringsbas \u00e4r en funktionell och p\u00e5litlig basl\u00f6sning f\u00f6r anv\u00e4ndning med detektorer fr\u00e5n Serie 65.<\/p>\n<p class=\"\" data-start=\"452\" data-end=\"886\">Den har en env\u00e4gs passform som g\u00f6r det enkelt att installera och ansluta detektorn.<\/p>\n<p class=\"\" data-start=\"452\" data-end=\"886\">L\u00e5smekanismen s\u00e4kerst\u00e4ller att detektorn h\u00e5lls p\u00e5 plats f\u00f6r s\u00e4ker drift.<\/p>\n<p class=\"\" data-start=\"452\" data-end=\"886\">Denna monteringsbas \u00e4r utrustad med en rel\u00e4utg\u00e5ng, vilket g\u00f6r att den kan anv\u00e4ndas f\u00f6r att skicka signaler till andra system vid larm.<\/p>\n<p class=\"\" data-start=\"888\" data-end=\"1228\">Monteringsbasen \u00e4r idealisk f\u00f6r anv\u00e4ndning i s\u00e4kerhetssystem och kan \u00e4ven anv\u00e4ndas i tv\u00e5- och fyrtr\u00e5dsystem f\u00f6r att tillhandah\u00e5lla sp\u00e4nningsfria styrsignaler till auxili\u00e4ra system, s\u00e5som automatiska d\u00f6rrst\u00e4ngare.<\/p>\n<p class=\"\" data-start=\"888\" data-end=\"1228\">Serie 65-rel\u00e4basen \u00e4r ocks\u00e5 kompatibel med Serie 60-system, vilket g\u00f6r den flexibel och kompatibel med \u00e4ldre installationss\u00e4tt.<\/p>\n<p class=\"\" data-start=\"1230\" data-end=\"1250\"><strong data-start=\"1230\" data-end=\"1249\">Specifikationer<\/strong>:<\/p>\n<ul data-start=\"1251\" data-end=\"1670\">\n<li class=\"\" data-start=\"1251\" data-end=\"1277\">\n<p class=\"\" data-start=\"1253\" data-end=\"1277\"><strong data-start=\"1253\" data-end=\"1267\">Str\u00f6mk\u00e4lla<\/strong>: 9\u201333V DC<\/p>\n<\/li>\n<li class=\"\" data-start=\"1278\" data-end=\"1324\">\n<p class=\"\" data-start=\"1280\" data-end=\"1324\"><strong data-start=\"1280\" data-end=\"1288\">M\u00e5tt<\/strong>: Standardstorlek f\u00f6r Serie 65 baser<\/p>\n<\/li>\n<li class=\"\" data-start=\"1325\" data-end=\"1340\">\n<p class=\"\" data-start=\"1327\" data-end=\"1340\"><strong data-start=\"1327\" data-end=\"1335\">F\u00e4rg<\/strong>: Vit<\/p>\n<\/li>\n<li class=\"\" data-start=\"1341\" data-end=\"1387\">\n<p class=\"\" data-start=\"1343\" data-end=\"1387\"><strong data-start=\"1343\" data-end=\"1361\">Kompatibilitet<\/strong>: R\u00f6kdetektorer i Serie 65<\/p>\n<\/li>\n<li class=\"\" data-start=\"1388\" data-end=\"1433\">\n<p class=\"\" data-start=\"1390\" data-end=\"1433\"><strong data-start=\"1390\" data-end=\"1404\">Rel\u00e4utg\u00e5ng<\/strong>: Form C (v\u00e4xlande kontakter)<\/p>\n<\/li>\n<li class=\"\" data-start=\"1434\" data-end=\"1531\">\n<p class=\"\" data-start=\"1436\" data-end=\"1531\"><strong data-start=\"1436\" data-end=\"1456\">Funktionsprincip<\/strong>: F\u00f6r anv\u00e4ndning med 4-tr\u00e5ds detektorf\u00f6rs\u00f6rjning och larminitieringskretsar<\/p>\n<\/li>\n<li class=\"\" data-start=\"1532\" data-end=\"1566\">\n<p class=\"\" data-start=\"1534\" data-end=\"1566\"><strong data-start=\"1534\" data-end=\"1548\">Temperatur<\/strong>: \u201320\u00b0C till +60\u00b0C<\/p>\n<\/li>\n<li class=\"\" data-start=\"1567\" data-end=\"1598\">\n<p class=\"\" data-start=\"1569\" data-end=\"1598\"><strong data-start=\"1569\" data-end=\"1585\">Certifiering<\/strong>: CE-m\u00e4rkning<\/p>\n<\/li>\n<li class=\"\" data-start=\"1599\" data-end=\"1648\">\n<p class=\"\" data-start=\"1601\" data-end=\"1648\"><strong data-start=\"1601\" data-end=\"1619\">Jordanslutning<\/strong>: Inget kr\u00e4vs f\u00f6r s\u00e4ker drift<\/p>\n<\/li>\n<li class=\"\" data-start=\"1649\" data-end=\"1670\">\n<p class=\"\" data-start=\"1651\" data-end=\"1670\"><strong data-start=\"1651\" data-end=\"1666\">Milj\u00f6v\u00e4nlig<\/strong>: Ja<\/p>\n<\/li>\n<\/ul>","protected":false},"excerpt":{"rendered":"<p>Apollo 45681-245APO Monteringsbas f\u00f6r detektorer i 65-serien \u00e4r en env\u00e4gsanpassad bas med en l\u00e5smekanism f\u00f6r detektor och en rel\u00e4utg\u00e5ng.<\/p>\n<p>Den \u00e4r kompatibel med r\u00f6kdetektorer och har en bred driftsp\u00e4nning, vilket g\u00f6r den idealisk f\u00f6r b\u00e5de s\u00e4kerhetssystem och vanliga detektionsapplikationer.<\/p>","protected":false},"featured_media":90084,"template":"","meta":{"_acf_changed":false},"product_brand":[],"product_cat":[3689],"product_tag":[],"class_list":{"0":"post-90085","1":"product","2":"type-product","3":"status-publish","4":"has-post-thumbnail","6":"product_cat-65-serien","7":"pa_brands-apollo-fire-detectors","8":"tm-no-options","10":"first","11":"instock","12":"sale","13":"taxable","14":"shipping-taxable","15":"product-type-simple"},"acf":[],"_links":{"self":[{"href":"https:\/\/stonehouse.se\/en\/wp-json\/wp\/v2\/product\/90085","targetHints":{"allow":["GET"]}}],"collection":[{"href":"https:\/\/stonehouse.se\/en\/wp-json\/wp\/v2\/product"}],"about":[{"href":"https:\/\/stonehouse.se\/en\/wp-json\/wp\/v2\/types\/product"}],"wp:featuredmedia":[{"embeddable":true,"href":"https:\/\/stonehouse.se\/en\/wp-json\/wp\/v2\/media\/90084"}],"wp:attachment":[{"href":"https:\/\/stonehouse.se\/en\/wp-json\/wp\/v2\/media?parent=90085"}],"wp:term":[{"taxonomy":"product_brand","embeddable":true,"href":"https:\/\/stonehouse.se\/en\/wp-json\/wp\/v2\/product_brand?post=90085"},{"taxonomy":"product_cat","embeddable":true,"href":"https:\/\/stonehouse.se\/en\/wp-json\/wp\/v2\/product_cat?post=90085"},{"taxonomy":"product_tag","embeddable":true,"href":"https:\/\/stonehouse.se\/en\/wp-json\/wp\/v2\/product_tag?post=90085"}],"curies":[{"name":"wp","href":"https:\/\/api.w.org\/{rel}","templated":true}]}}