
{"id":90087,"date":"2025-04-03T14:19:22","date_gmt":"2025-04-03T12:19:22","guid":{"rendered":"https:\/\/stonehouse.se\/produkt\/apollo-53546-021apo-monteringslada-for-kanaldetektor-s-65\/"},"modified":"2026-04-09T11:24:09","modified_gmt":"2026-04-09T09:24:09","slug":"apollo-53546-021apo-monteringslada-for-kanaldetektor-s-65","status":"publish","type":"product","link":"https:\/\/stonehouse.se\/en\/product\/apollo-53546-021apo-monteringslada-for-kanaldetektor-s-65\/","title":{"rendered":"Apollo 53546-021APO Monteringsl\u00e5da f\u00f6r kanaldetektor S 65"},"content":{"rendered":"<h1>Apollo 53546-021APO Monteringsl\u00e5da f\u00f6r kanaldetektor S 65<\/h1>\n<p class=\"\" data-start=\"439\" data-end=\"882\">Apollo 53546-021APO Monteringsl\u00e5da f\u00f6r Kanaldetektor S 65 \u00e4r utformad f\u00f6r anv\u00e4ndning med detektorer fr\u00e5n serien 65 eller Orbis och erbjuder en p\u00e5litlig l\u00f6sning f\u00f6r att uppt\u00e4cka r\u00f6k i luftfl\u00f6det genom HVAC-system i kommersiella och industriella milj\u00f6er.<\/p>\n<p class=\"\" data-start=\"439\" data-end=\"882\">Monteringsl\u00e5dan ger tidig detektering av r\u00f6k och f\u00f6rhindrar \u00e5tercirkulation av r\u00f6k fr\u00e5n ett brandomr\u00e5de till andra delar av byggnaden som inte har p\u00e5verkats av branden.<\/p>\n<p class=\"\" data-start=\"884\" data-end=\"1189\">Den integrerade \u00f6ppningen f\u00f6r r\u00f6ktest g\u00f6r det enkelt att kontrollera detektorns funktion, och det transparenta locket ger visuell \u00e5tkomst till detektorhuvudets LED.<\/p>\n<p class=\"\" data-start=\"884\" data-end=\"1189\">Monteringsl\u00e5dan \u00e4r kompatibel med lufthastigheter fr\u00e5n 0,5 m\/s till 20 m\/s och erbjuder voltfria kontakter f\u00f6r enkel integration i systemet.<\/p>\n<p class=\"\" data-start=\"1191\" data-end=\"1211\"><strong data-start=\"1191\" data-end=\"1210\">Specifikationer<\/strong>:<\/p>\n<ul data-start=\"1212\" data-end=\"1595\">\n<li class=\"\" data-start=\"1212\" data-end=\"1286\">\n<p class=\"\" data-start=\"1214\" data-end=\"1286\"><strong data-start=\"1214\" data-end=\"1232\">Kompatibilitet<\/strong>: F\u00f6r anv\u00e4ndning med detektorer i serie 65 eller Orbis<\/p>\n<\/li>\n<li class=\"\" data-start=\"1287\" data-end=\"1339\">\n<p class=\"\" data-start=\"1289\" data-end=\"1339\"><strong data-start=\"1289\" data-end=\"1318\">Arbetar i lufthastigheter<\/strong>: 0,5 m\/s till 20 m\/s<\/p>\n<\/li>\n<li class=\"\" data-start=\"1340\" data-end=\"1404\">\n<p class=\"\" data-start=\"1342\" data-end=\"1404\"><strong data-start=\"1342\" data-end=\"1350\">Lock<\/strong>: Transparent lock f\u00f6r visning av detektorhuvudets LED<\/p>\n<\/li>\n<li class=\"\" data-start=\"1405\" data-end=\"1450\">\n<p class=\"\" data-start=\"1407\" data-end=\"1450\"><strong data-start=\"1407\" data-end=\"1418\">R\u00f6ktest<\/strong>: Integrerad \u00f6ppning f\u00f6r r\u00f6ktest<\/p>\n<\/li>\n<li class=\"\" data-start=\"1451\" data-end=\"1486\">\n<p class=\"\" data-start=\"1453\" data-end=\"1486\"><strong data-start=\"1453\" data-end=\"1466\">Kontakter<\/strong>: Voltfria kontakter<\/p>\n<\/li>\n<li class=\"\" data-start=\"1487\" data-end=\"1502\">\n<p class=\"\" data-start=\"1489\" data-end=\"1502\"><strong data-start=\"1489\" data-end=\"1497\">F\u00e4rg<\/strong>: Gr\u00e5<\/p>\n<\/li>\n<li class=\"\" data-start=\"1503\" data-end=\"1525\">\n<p class=\"\" data-start=\"1505\" data-end=\"1525\"><strong data-start=\"1505\" data-end=\"1521\">Produktserie<\/strong>: 65<\/p>\n<\/li>\n<li class=\"\" data-start=\"1526\" data-end=\"1566\">\n<p class=\"\" data-start=\"1528\" data-end=\"1566\"><strong data-start=\"1528\" data-end=\"1552\">Tillverkarens art.nr<\/strong>: 53546-021APO<\/p>\n<\/li>\n<li class=\"\" data-start=\"1567\" data-end=\"1595\">\n<p class=\"\" data-start=\"1569\" data-end=\"1595\"><strong data-start=\"1569\" data-end=\"1582\">Varum\u00e4rke<\/strong>: Apollo Fire<\/p>\n<\/li>\n<\/ul>","protected":false},"excerpt":{"rendered":"<p>Apollo 53546-021APO Monteringsl\u00e5da f\u00f6r Kanaldetektor S 65 anv\u00e4nds tillsammans med detektorer fr\u00e5n serie 65 eller Orbis f\u00f6r att effektivt uppt\u00e4cka r\u00f6k i v\u00e4rme- och ventilationskanaler (HVAC).<\/p>\n<p>Den har ett transparent lock f\u00f6r visning av detektorhuvudets LED och arbetar i lufthastigheter fr\u00e5n 0,5 m\/s till 20 m\/s.<\/p>","protected":false},"featured_media":90086,"template":"","meta":{"_acf_changed":false},"product_brand":[],"product_cat":[3689],"product_tag":[],"class_list":{"0":"post-90087","1":"product","2":"type-product","3":"status-publish","4":"has-post-thumbnail","6":"product_cat-65-serien","7":"pa_brands-apollo-fire-detectors","8":"tm-no-options","10":"first","11":"instock","12":"sale","13":"taxable","14":"shipping-taxable","15":"product-type-simple"},"acf":[],"_links":{"self":[{"href":"https:\/\/stonehouse.se\/en\/wp-json\/wp\/v2\/product\/90087","targetHints":{"allow":["GET"]}}],"collection":[{"href":"https:\/\/stonehouse.se\/en\/wp-json\/wp\/v2\/product"}],"about":[{"href":"https:\/\/stonehouse.se\/en\/wp-json\/wp\/v2\/types\/product"}],"wp:featuredmedia":[{"embeddable":true,"href":"https:\/\/stonehouse.se\/en\/wp-json\/wp\/v2\/media\/90086"}],"wp:attachment":[{"href":"https:\/\/stonehouse.se\/en\/wp-json\/wp\/v2\/media?parent=90087"}],"wp:term":[{"taxonomy":"product_brand","embeddable":true,"href":"https:\/\/stonehouse.se\/en\/wp-json\/wp\/v2\/product_brand?post=90087"},{"taxonomy":"product_cat","embeddable":true,"href":"https:\/\/stonehouse.se\/en\/wp-json\/wp\/v2\/product_cat?post=90087"},{"taxonomy":"product_tag","embeddable":true,"href":"https:\/\/stonehouse.se\/en\/wp-json\/wp\/v2\/product_tag?post=90087"}],"curies":[{"name":"wp","href":"https:\/\/api.w.org\/{rel}","templated":true}]}}