
{"id":90095,"date":"2025-04-03T14:15:42","date_gmt":"2025-04-03T12:15:42","guid":{"rendered":"https:\/\/stonehouse.se\/produkt\/apollo-58000-300apo-discovery-series-kolmonoxiddetektor-vit\/"},"modified":"2026-04-09T11:24:03","modified_gmt":"2026-04-09T09:24:03","slug":"apollo-58000-300apo-discovery-series-kolmonoxiddetektor-vit","status":"publish","type":"product","link":"https:\/\/stonehouse.se\/en\/product\/apollo-58000-300apo-discovery-series-kolmonoxiddetektor-vit\/","title":{"rendered":"Apollo 58000-300APO Discovery Series, kolmonoxiddetektor, vit"},"content":{"rendered":"<h1>Apollo 58000-300APO Discovery Series, kolmonoxiddetektor<\/h1>\n<p class=\"\" data-start=\"426\" data-end=\"872\">Apollo 58000-300APO Discovery Series kolmonoxiddetektor \u00e4r en avancerad branddetektor som anv\u00e4nder en elektro-kemisk sensor f\u00f6r att uppt\u00e4cka kolmonoxid (CO), vilket g\u00f6r den s\u00e4rskilt effektiv f\u00f6r att identifiera pyrande br\u00e4nder d\u00e4r r\u00f6kdetektorer kan vara mindre tillf\u00f6rlitliga.<\/p>\n<p class=\"\" data-start=\"426\" data-end=\"872\">Detektorn \u00e4r mycket k\u00e4nslig f\u00f6r snabba CO-h\u00f6jningar, vilket ofta \u00e4r associerat med heta br\u00e4nder, och ger en snabb respons under dessa f\u00f6rh\u00e5llanden.<\/p>\n<p class=\"\" data-start=\"874\" data-end=\"1279\">Med en bred driftskompatibilitet, inklusive st\u00f6d f\u00f6r XP95 och Discovery-system, \u00e4r denna detektor utformad f\u00f6r att ge en tidig varning om farliga niv\u00e5er av CO i omgivningen, vilket \u00f6kar s\u00e4kerheten i b\u00e5de bost\u00e4der och kommersiella milj\u00f6er.<\/p>\n<p class=\"\" data-start=\"874\" data-end=\"1279\">Detektorn \u00e4r ocks\u00e5 mer motst\u00e5ndskraftig mot falsklarm fr\u00e5n vanliga \u00e5ngor eller partiklar i luften, vilket g\u00f6r den mer p\u00e5litlig i vissa applikationer \u00e4n r\u00f6kdetektorer.<\/p>\n<p class=\"\" data-start=\"1281\" data-end=\"1301\"><strong data-start=\"1281\" data-end=\"1300\">Specifikationer<\/strong>:<\/p>\n<ul data-start=\"1302\" data-end=\"1929\">\n<li class=\"\" data-start=\"1302\" data-end=\"1329\">\n<p class=\"\" data-start=\"1304\" data-end=\"1329\"><strong data-start=\"1304\" data-end=\"1318\">Str\u00f6mk\u00e4lla<\/strong>: 17\u201328V DC<\/p>\n<\/li>\n<li class=\"\" data-start=\"1330\" data-end=\"1357\">\n<p class=\"\" data-start=\"1332\" data-end=\"1357\"><strong data-start=\"1332\" data-end=\"1340\">M\u00e5tt<\/strong>: \u00d8100 mm x 42 mm<\/p>\n<\/li>\n<li class=\"\" data-start=\"1358\" data-end=\"1373\">\n<p class=\"\" data-start=\"1360\" data-end=\"1373\"><strong data-start=\"1360\" data-end=\"1368\">F\u00e4rg<\/strong>: Vit<\/p>\n<\/li>\n<li class=\"\" data-start=\"1374\" data-end=\"1391\">\n<p class=\"\" data-start=\"1376\" data-end=\"1391\"><strong data-start=\"1376\" data-end=\"1384\">Vikt<\/strong>: 105 g<\/p>\n<\/li>\n<li class=\"\" data-start=\"1392\" data-end=\"1430\">\n<p class=\"\" data-start=\"1394\" data-end=\"1430\"><strong data-start=\"1394\" data-end=\"1413\">Detekterbar gas<\/strong>: Kolmonoxid (CO)<\/p>\n<\/li>\n<li class=\"\" data-start=\"1431\" data-end=\"1504\">\n<p class=\"\" data-start=\"1433\" data-end=\"1504\"><strong data-start=\"1433\" data-end=\"1447\">Temperatur<\/strong>: \u201320\u00b0C till +50\u00b0C (transienttillst\u00e5nd: \u201320\u00b0C till +55\u00b0C)<\/p>\n<\/li>\n<li class=\"\" data-start=\"1505\" data-end=\"1537\">\n<p class=\"\" data-start=\"1507\" data-end=\"1537\"><strong data-start=\"1507\" data-end=\"1520\">Fuktighet<\/strong>: 15% till 90% RH<\/p>\n<\/li>\n<li class=\"\" data-start=\"1538\" data-end=\"1558\">\n<p class=\"\" data-start=\"1540\" data-end=\"1558\"><strong data-start=\"1540\" data-end=\"1552\">IP-klass<\/strong>: IP44<\/p>\n<\/li>\n<li class=\"\" data-start=\"1559\" data-end=\"1610\">\n<p class=\"\" data-start=\"1561\" data-end=\"1610\"><strong data-start=\"1561\" data-end=\"1579\">Certifieringar<\/strong>: EN 54-11, EN 54-17, CPR, LPCB<\/p>\n<\/li>\n<li class=\"\" data-start=\"1611\" data-end=\"1666\">\n<p class=\"\" data-start=\"1613\" data-end=\"1666\"><strong data-start=\"1613\" data-end=\"1631\">Maximalt tryck<\/strong>: Installation upp till 2000 m h\u00f6jd<\/p>\n<\/li>\n<li class=\"\" data-start=\"1667\" data-end=\"1738\">\n<p class=\"\" data-start=\"1669\" data-end=\"1738\"><strong data-start=\"1669\" data-end=\"1696\">Kommunikationsprotokoll<\/strong>: XP95, Discovery, CoreProtocol-kompatibel<\/p>\n<\/li>\n<li class=\"\" data-start=\"1739\" data-end=\"1763\">\n<p class=\"\" data-start=\"1741\" data-end=\"1763\"><strong data-start=\"1741\" data-end=\"1753\">M\u00e4rkning<\/strong>: CE-m\u00e4rkt<\/p>\n<\/li>\n<li class=\"\" data-start=\"1764\" data-end=\"1806\">\n<p class=\"\" data-start=\"1766\" data-end=\"1806\"><strong data-start=\"1766\" data-end=\"1780\">Batteritid<\/strong>: 5 \u00e5r (cellens livsl\u00e4ngd)<\/p>\n<\/li>\n<li class=\"\" data-start=\"1807\" data-end=\"1853\">\n<p class=\"\" data-start=\"1809\" data-end=\"1853\"><strong data-start=\"1809\" data-end=\"1821\">Material<\/strong>: Polykarbonat (flamskyddsmedel)<\/p>\n<\/li>\n<li class=\"\" data-start=\"1854\" data-end=\"1929\">\n<p class=\"\" data-start=\"1856\" data-end=\"1929\"><strong data-start=\"1856\" data-end=\"1870\">Funktioner<\/strong>: \u00c5terst\u00e4llbart element, LED-indikator, Remote testfunktion<\/p>\n<\/li>\n<\/ul>","protected":false},"excerpt":{"rendered":"<p>Apollo 58000-300APO Discovery Series kolmonoxiddetektor \u00e4r s\u00e4rskilt utformad f\u00f6r att uppt\u00e4cka pyrande br\u00e4nder och ge tidig varning, s\u00e4rskilt f\u00f6r gl\u00f6dande eldar.<\/p>\n<p>Den \u00e4r mindre k\u00e4nslig f\u00f6r falsklarm fr\u00e5n \u00e5nga \u00e4n r\u00f6kdetektorer och \u00e4r idealisk f\u00f6r anv\u00e4ndning i milj\u00f6er d\u00e4r dessa f\u00f6rh\u00e5llanden f\u00f6rekommer.<\/p>","protected":false},"featured_media":90094,"template":"","meta":{"_acf_changed":false},"product_brand":[],"product_cat":[3690],"product_tag":[],"class_list":{"0":"post-90095","1":"product","2":"type-product","3":"status-publish","4":"has-post-thumbnail","6":"product_cat-discovery-serien","7":"pa_brands-apollo-fire-detectors","8":"tm-no-options","10":"first","11":"onbackorder","12":"sale","13":"taxable","14":"shipping-taxable","15":"product-type-simple"},"acf":[],"_links":{"self":[{"href":"https:\/\/stonehouse.se\/en\/wp-json\/wp\/v2\/product\/90095","targetHints":{"allow":["GET"]}}],"collection":[{"href":"https:\/\/stonehouse.se\/en\/wp-json\/wp\/v2\/product"}],"about":[{"href":"https:\/\/stonehouse.se\/en\/wp-json\/wp\/v2\/types\/product"}],"wp:featuredmedia":[{"embeddable":true,"href":"https:\/\/stonehouse.se\/en\/wp-json\/wp\/v2\/media\/90094"}],"wp:attachment":[{"href":"https:\/\/stonehouse.se\/en\/wp-json\/wp\/v2\/media?parent=90095"}],"wp:term":[{"taxonomy":"product_brand","embeddable":true,"href":"https:\/\/stonehouse.se\/en\/wp-json\/wp\/v2\/product_brand?post=90095"},{"taxonomy":"product_cat","embeddable":true,"href":"https:\/\/stonehouse.se\/en\/wp-json\/wp\/v2\/product_cat?post=90095"},{"taxonomy":"product_tag","embeddable":true,"href":"https:\/\/stonehouse.se\/en\/wp-json\/wp\/v2\/product_tag?post=90095"}],"curies":[{"name":"wp","href":"https:\/\/api.w.org\/{rel}","templated":true}]}}