
{"id":90097,"date":"2025-04-03T14:15:41","date_gmt":"2025-04-03T12:15:41","guid":{"rendered":"https:\/\/stonehouse.se\/produkt\/apollo-58000-400apo-discovery-series-varmedetektor-vit\/"},"modified":"2026-04-09T11:24:15","modified_gmt":"2026-04-09T09:24:15","slug":"apollo-58000-400apo-discovery-series-varmedetektor-vit","status":"publish","type":"product","link":"https:\/\/stonehouse.se\/en\/product\/apollo-58000-400apo-discovery-series-varmedetektor-vit\/","title":{"rendered":"Apollo 58000-400APO Discovery Series, v\u00e4rmedetektor, vit"},"content":{"rendered":"<h1>Apollo 58000-400APO Discovery Series, v\u00e4rmedetektor<\/h1>\n<p class=\"\" data-start=\"397\" data-end=\"871\">Apollo 58000-400APO Discovery Series v\u00e4rmedetektor anv\u00e4nder en enda termistor f\u00f6r att noggrant m\u00e4ta lufttemperaturen vid detektorns position.<\/p>\n<p class=\"\" data-start=\"397\" data-end=\"871\">Med hj\u00e4lp av ett resistorn\u00e4tverk genereras en temperaturberoende sp\u00e4nningsutg\u00e5ng som ger en linj\u00e4r respons mellan 10\u00b0C och 80\u00b0C.<\/p>\n<p class=\"\" data-start=\"397\" data-end=\"871\">Detektorn \u00e4r mycket exakt och op\u00e5verkad av externa faktorer som vind eller atmosf\u00e4riskt tryck, vilket g\u00f6r den s\u00e4rskilt l\u00e4mplig f\u00f6r anv\u00e4ndning i milj\u00f6er som \u00e4r smutsiga eller r\u00f6kiga.<\/p>\n<p class=\"\" data-start=\"873\" data-end=\"1239\">Den har fem olika svarsl\u00e4gen som \u00e4r godk\u00e4nda enligt EN54-5, vilket g\u00f6r det m\u00f6jligt att anpassa k\u00e4nsligheten beroende p\u00e5 applikationen.<\/p>\n<p class=\"\" data-start=\"873\" data-end=\"1239\">V\u00e4rmedetektorn \u00e4r kompatibel med b\u00e5de XP95 och Discovery-system och kan kopplas till dessa via tv\u00e5tr\u00e5diga anslutningar. Den har ocks\u00e5 en integrerad testfunktion som g\u00f6r det enkelt att testa detektorns funktion fr\u00e5n kontrollpanelen.<\/p>\n<p class=\"\" data-start=\"1241\" data-end=\"1261\"><strong data-start=\"1241\" data-end=\"1260\">Specifikationer<\/strong>:<\/p>\n<ul data-start=\"1262\" data-end=\"1824\">\n<li class=\"\" data-start=\"1262\" data-end=\"1289\">\n<p class=\"\" data-start=\"1264\" data-end=\"1289\"><strong data-start=\"1264\" data-end=\"1278\">Str\u00f6mk\u00e4lla<\/strong>: 17\u201328V DC<\/p>\n<\/li>\n<li class=\"\" data-start=\"1290\" data-end=\"1317\">\n<p class=\"\" data-start=\"1292\" data-end=\"1317\"><strong data-start=\"1292\" data-end=\"1300\">M\u00e5tt<\/strong>: \u00d8100 mm x 42 mm<\/p>\n<\/li>\n<li class=\"\" data-start=\"1318\" data-end=\"1333\">\n<p class=\"\" data-start=\"1320\" data-end=\"1333\"><strong data-start=\"1320\" data-end=\"1328\">F\u00e4rg<\/strong>: Vit<\/p>\n<\/li>\n<li class=\"\" data-start=\"1334\" data-end=\"1351\">\n<p class=\"\" data-start=\"1336\" data-end=\"1351\"><strong data-start=\"1336\" data-end=\"1344\">Vikt<\/strong>: 105 g<\/p>\n<\/li>\n<li class=\"\" data-start=\"1352\" data-end=\"1425\">\n<p class=\"\" data-start=\"1354\" data-end=\"1425\"><strong data-start=\"1354\" data-end=\"1368\">Temperatur<\/strong>: \u201320\u00b0C till +50\u00b0C (transienttillst\u00e5nd: \u201320\u00b0C till +55\u00b0C)<\/p>\n<\/li>\n<li class=\"\" data-start=\"1426\" data-end=\"1489\">\n<p class=\"\" data-start=\"1428\" data-end=\"1489\"><strong data-start=\"1428\" data-end=\"1441\">Fuktighet<\/strong>: 0% till 95% RH (utan kondens eller isbildning)<\/p>\n<\/li>\n<li class=\"\" data-start=\"1490\" data-end=\"1510\">\n<p class=\"\" data-start=\"1492\" data-end=\"1510\"><strong data-start=\"1492\" data-end=\"1504\">IP-klass<\/strong>: IP44<\/p>\n<\/li>\n<li class=\"\" data-start=\"1511\" data-end=\"1549\">\n<p class=\"\" data-start=\"1513\" data-end=\"1549\"><strong data-start=\"1513\" data-end=\"1531\">Kompatibilitet<\/strong>: XP95 och Soteria<\/p>\n<\/li>\n<li class=\"\" data-start=\"1550\" data-end=\"1624\">\n<p class=\"\" data-start=\"1552\" data-end=\"1624\"><strong data-start=\"1552\" data-end=\"1579\">Kommunikationsprotokoll<\/strong>: Discovery, XP95 och CoreProtocol-kompatibel<\/p>\n<\/li>\n<li class=\"\" data-start=\"1625\" data-end=\"1677\">\n<p class=\"\" data-start=\"1627\" data-end=\"1677\"><strong data-start=\"1627\" data-end=\"1645\">Certifieringar<\/strong>: EN 54-5, CPR, LPCB, VdS, BOSEC<\/p>\n<\/li>\n<li class=\"\" data-start=\"1678\" data-end=\"1728\">\n<p class=\"\" data-start=\"1680\" data-end=\"1728\"><strong data-start=\"1680\" data-end=\"1710\">Maximal lagringstemperatur<\/strong>: \u201310\u00b0C till +30\u00b0C<\/p>\n<\/li>\n<li class=\"\" data-start=\"1729\" data-end=\"1777\">\n<p class=\"\" data-start=\"1731\" data-end=\"1777\"><strong data-start=\"1731\" data-end=\"1749\">Jordanslutning<\/strong>: Inget krav f\u00f6r s\u00e4ker drift<\/p>\n<\/li>\n<li class=\"\" data-start=\"1778\" data-end=\"1824\">\n<p class=\"\" data-start=\"1780\" data-end=\"1824\"><strong data-start=\"1780\" data-end=\"1792\">Material<\/strong>: Polykarbonat (flamskyddsmedel)<\/p>\n<\/li>\n<\/ul>","protected":false},"excerpt":{"rendered":"<p>Apollo 58000-400APO Discovery Series v\u00e4rmedetektor \u00e4r idealisk f\u00f6r anv\u00e4ndning i milj\u00f6er d\u00e4r r\u00f6kdetektorer kan vara ol\u00e4mpliga, s\u00e5som smutsiga eller r\u00f6kiga omr\u00e5den.<\/p>\n<p>Den \u00e4r v\u00e4l l\u00e4mpad f\u00f6r lager, lastkajer och parkeringsplatser, och \u00e4r op\u00e5verkad av vind eller atmosf\u00e4riskt tryck.<\/p>","protected":false},"featured_media":90096,"template":"","meta":{"_acf_changed":false},"product_brand":[],"product_cat":[3690],"product_tag":[],"class_list":{"0":"post-90097","1":"product","2":"type-product","3":"status-publish","4":"has-post-thumbnail","6":"product_cat-discovery-serien","7":"pa_brands-apollo-fire-detectors","8":"tm-no-options","10":"first","11":"instock","12":"sale","13":"taxable","14":"shipping-taxable","15":"product-type-simple"},"acf":[],"_links":{"self":[{"href":"https:\/\/stonehouse.se\/en\/wp-json\/wp\/v2\/product\/90097","targetHints":{"allow":["GET"]}}],"collection":[{"href":"https:\/\/stonehouse.se\/en\/wp-json\/wp\/v2\/product"}],"about":[{"href":"https:\/\/stonehouse.se\/en\/wp-json\/wp\/v2\/types\/product"}],"wp:featuredmedia":[{"embeddable":true,"href":"https:\/\/stonehouse.se\/en\/wp-json\/wp\/v2\/media\/90096"}],"wp:attachment":[{"href":"https:\/\/stonehouse.se\/en\/wp-json\/wp\/v2\/media?parent=90097"}],"wp:term":[{"taxonomy":"product_brand","embeddable":true,"href":"https:\/\/stonehouse.se\/en\/wp-json\/wp\/v2\/product_brand?post=90097"},{"taxonomy":"product_cat","embeddable":true,"href":"https:\/\/stonehouse.se\/en\/wp-json\/wp\/v2\/product_cat?post=90097"},{"taxonomy":"product_tag","embeddable":true,"href":"https:\/\/stonehouse.se\/en\/wp-json\/wp\/v2\/product_tag?post=90097"}],"curies":[{"name":"wp","href":"https:\/\/api.w.org\/{rel}","templated":true}]}}