
{"id":90101,"date":"2025-04-03T14:15:38","date_gmt":"2025-04-03T12:15:38","guid":{"rendered":"https:\/\/stonehouse.se\/produkt\/apollo-58000-600apo-optisk-rokdetektor-i-discovery-serien-vit\/"},"modified":"2026-04-09T12:29:11","modified_gmt":"2026-04-09T10:29:11","slug":"apollo-58000-600apo-optisk-rokdetektor-i-discovery-serien-vit","status":"publish","type":"product","link":"https:\/\/stonehouse.se\/en\/product\/apollo-58000-600apo-optisk-rokdetektor-i-discovery-serien-vit\/","title":{"rendered":"Apollo 58000-600APO Optisk r\u00f6kdetektor i Discovery-serien, vit"},"content":{"rendered":"<h1>Apollo 58000-600APO Optisk r\u00f6kdetektor i Discovery-serien<\/h1>\n<p class=\"\" data-start=\"395\" data-end=\"835\">Apollo 58000-600APO Discovery-serien optisk r\u00f6kdetektor \u00e4r en avancerad enhet som anv\u00e4nder optisk och fotoelektrisk teknologi f\u00f6r att detektera r\u00f6k.<\/p>\n<p class=\"\" data-start=\"395\" data-end=\"835\">Den har ett vitt gjutet polykarbonath\u00f6lje och vindbest\u00e4ndiga r\u00f6kintag f\u00f6r att s\u00e4kerst\u00e4lla effektiv detektering \u00e4ven i utmanande milj\u00f6er.<\/p>\n<p class=\"\" data-start=\"395\" data-end=\"835\">Den infrar\u00f6da lysdioden avger kollimerat ljus varje sekund och fotodioden m\u00e4ter m\u00e4ngden ljus som sprids av r\u00f6k i detektorns kammare.<\/p>\n<p class=\"\" data-start=\"837\" data-end=\"1243\">Denna detektor \u00e4r idealisk f\u00f6r milj\u00f6er d\u00e4r temperaturvariationer kan f\u00f6rekomma, eftersom den fungerar effektivt i temperaturer fr\u00e5n -40\u00b0C till 70\u00b0C.<\/p>\n<p class=\"\" data-start=\"837\" data-end=\"1243\">Den har fem olika driftl\u00e4gen, vilket g\u00f6r den l\u00e4mplig f\u00f6r en m\u00e4ngd olika applikationer, inklusive sovrum, kontor, hotell, sjukhus, och mer.<\/p>\n<p class=\"\" data-start=\"837\" data-end=\"1243\">Driftkompensationen s\u00e4kerst\u00e4ller att detektorn h\u00e5ller konstant k\u00e4nslighet \u00f6ver tid och minimerar risken f\u00f6r falsklarm.<\/p>\n<p class=\"\" data-start=\"1245\" data-end=\"1265\"><strong data-start=\"1245\" data-end=\"1264\">Specifikationer<\/strong>:<\/p>\n<ul data-start=\"1266\" data-end=\"1866\">\n<li class=\"\" data-start=\"1266\" data-end=\"1290\">\n<p class=\"\" data-start=\"1268\" data-end=\"1290\"><strong data-start=\"1268\" data-end=\"1282\">Str\u00f6mk\u00e4lla<\/strong>: 28V DC<\/p>\n<\/li>\n<li class=\"\" data-start=\"1291\" data-end=\"1318\">\n<p class=\"\" data-start=\"1293\" data-end=\"1318\"><strong data-start=\"1293\" data-end=\"1301\">M\u00e5tt<\/strong>: \u00d8100 mm x 42 mm<\/p>\n<\/li>\n<li class=\"\" data-start=\"1319\" data-end=\"1334\">\n<p class=\"\" data-start=\"1321\" data-end=\"1334\"><strong data-start=\"1321\" data-end=\"1329\">F\u00e4rg<\/strong>: Vit<\/p>\n<\/li>\n<li class=\"\" data-start=\"1335\" data-end=\"1352\">\n<p class=\"\" data-start=\"1337\" data-end=\"1352\"><strong data-start=\"1337\" data-end=\"1345\">Vikt<\/strong>: 105 g<\/p>\n<\/li>\n<li class=\"\" data-start=\"1353\" data-end=\"1387\">\n<p class=\"\" data-start=\"1355\" data-end=\"1387\"><strong data-start=\"1355\" data-end=\"1369\">Temperatur<\/strong>: \u201340\u00b0C till +70\u00b0C<\/p>\n<\/li>\n<li class=\"\" data-start=\"1388\" data-end=\"1445\">\n<p class=\"\" data-start=\"1390\" data-end=\"1445\"><strong data-start=\"1390\" data-end=\"1403\">Fuktighet<\/strong>: 0\u201395% RH (utan kondens eller isbildning)<\/p>\n<\/li>\n<li class=\"\" data-start=\"1446\" data-end=\"1484\">\n<p class=\"\" data-start=\"1448\" data-end=\"1484\"><strong data-start=\"1448\" data-end=\"1467\">Detekterbar gas<\/strong>: Kolmonoxid (CO)<\/p>\n<\/li>\n<li class=\"\" data-start=\"1485\" data-end=\"1523\">\n<p class=\"\" data-start=\"1487\" data-end=\"1523\"><strong data-start=\"1487\" data-end=\"1510\">Detekterbart medium<\/strong>: Brand (R\u00f6k)<\/p>\n<\/li>\n<li class=\"\" data-start=\"1524\" data-end=\"1560\">\n<p class=\"\" data-start=\"1526\" data-end=\"1560\"><strong data-start=\"1526\" data-end=\"1553\">Kommunikationsprotokoll<\/strong>: Wired<\/p>\n<\/li>\n<li class=\"\" data-start=\"1561\" data-end=\"1615\">\n<p class=\"\" data-start=\"1563\" data-end=\"1615\"><strong data-start=\"1563\" data-end=\"1577\">Funktioner<\/strong>: Optisk och fotoelektrisk detektering<\/p>\n<\/li>\n<li class=\"\" data-start=\"1616\" data-end=\"1672\">\n<p class=\"\" data-start=\"1618\" data-end=\"1672\"><strong data-start=\"1618\" data-end=\"1639\">Milj\u00f6certifiering<\/strong>: BOSEC, CPR, FG, LPCB, SBSC, VdS<\/p>\n<\/li>\n<li class=\"\" data-start=\"1673\" data-end=\"1712\">\n<p class=\"\" data-start=\"1675\" data-end=\"1712\"><strong data-start=\"1675\" data-end=\"1686\">Garanti<\/strong>: Begr\u00e4nsad 10 \u00e5rs garanti<\/p>\n<\/li>\n<li class=\"\" data-start=\"1713\" data-end=\"1733\">\n<p class=\"\" data-start=\"1715\" data-end=\"1733\"><strong data-start=\"1715\" data-end=\"1727\">IP-klass<\/strong>: IP44<\/p>\n<\/li>\n<li class=\"\" data-start=\"1734\" data-end=\"1774\">\n<p class=\"\" data-start=\"1736\" data-end=\"1774\"><strong data-start=\"1736\" data-end=\"1754\">Kompatibilitet<\/strong>: XP95 och Discovery<\/p>\n<\/li>\n<li class=\"\" data-start=\"1775\" data-end=\"1866\">\n<p class=\"\" data-start=\"1777\" data-end=\"1866\"><strong data-start=\"1777\" data-end=\"1791\">Anv\u00e4ndning<\/strong>: F\u00f6r sovrum, hotell, sjukhus, kontor, lager och andra kommersiella milj\u00f6er<\/p>\n<\/li>\n<\/ul>","protected":false},"excerpt":{"rendered":"<p>Apollo 58000-600APO optisk r\u00f6kdetektor i Discovery-serien ger p\u00e5litlig branddetektering i ett brett temperaturintervall fr\u00e5n -40\u00b0C till 70\u00b0C.<\/p>\n<p>Den \u00e4r utrustad med fem driftl\u00e4gen f\u00f6r olika applikationer och har driftkompensation f\u00f6r att s\u00e4kerst\u00e4lla konstant k\u00e4nslighet.<\/p>","protected":false},"featured_media":90100,"template":"","meta":{"_acf_changed":false},"product_brand":[],"product_cat":[3690],"product_tag":[],"class_list":{"0":"post-90101","1":"product","2":"type-product","3":"status-publish","4":"has-post-thumbnail","6":"product_cat-discovery-serien","7":"pa_brands-apollo-fire-detectors","8":"tm-no-options","10":"first","11":"instock","12":"sale","13":"taxable","14":"shipping-taxable","15":"product-type-simple"},"acf":[],"_links":{"self":[{"href":"https:\/\/stonehouse.se\/en\/wp-json\/wp\/v2\/product\/90101","targetHints":{"allow":["GET"]}}],"collection":[{"href":"https:\/\/stonehouse.se\/en\/wp-json\/wp\/v2\/product"}],"about":[{"href":"https:\/\/stonehouse.se\/en\/wp-json\/wp\/v2\/types\/product"}],"wp:featuredmedia":[{"embeddable":true,"href":"https:\/\/stonehouse.se\/en\/wp-json\/wp\/v2\/media\/90100"}],"wp:attachment":[{"href":"https:\/\/stonehouse.se\/en\/wp-json\/wp\/v2\/media?parent=90101"}],"wp:term":[{"taxonomy":"product_brand","embeddable":true,"href":"https:\/\/stonehouse.se\/en\/wp-json\/wp\/v2\/product_brand?post=90101"},{"taxonomy":"product_cat","embeddable":true,"href":"https:\/\/stonehouse.se\/en\/wp-json\/wp\/v2\/product_cat?post=90101"},{"taxonomy":"product_tag","embeddable":true,"href":"https:\/\/stonehouse.se\/en\/wp-json\/wp\/v2\/product_tag?post=90101"}],"curies":[{"name":"wp","href":"https:\/\/api.w.org\/{rel}","templated":true}]}}