
{"id":90107,"date":"2025-04-03T14:12:35","date_gmt":"2025-04-03T12:12:35","guid":{"rendered":"https:\/\/stonehouse.se\/produkt\/apollo-55100-021mar-konventionell-manuell-anropssignal-for-sjofarten-en-54-11-certifierad-rod\/"},"modified":"2026-04-09T12:32:37","modified_gmt":"2026-04-09T10:32:37","slug":"apollo-55100-021mar-konventionell-manuell-anropssignal-for-sjofarten-en-54-11-certifierad-rod","status":"publish","type":"product","link":"https:\/\/stonehouse.se\/en\/product\/apollo-55100-021mar-konventionell-manuell-anropssignal-for-sjofarten-en-54-11-certifierad-rod\/","title":{"rendered":"Apollo 55100-021MAR Konventionell manuell anropssignal f\u00f6r sj\u00f6farten, EN 54-11-certifierad, r\u00f6d"},"content":{"rendered":"<h1>Apollo 55100-021MAR Konventionell manuell anropssignal f\u00f6r sj\u00f6farten<\/h1>\n<p class=\"\" data-start=\"403\" data-end=\"825\">Apollo 55100-021MAR konventionell manuell anropssignal \u00e4r designad f\u00f6r anv\u00e4ndning i marina branddetekteringssystem.<\/p>\n<p class=\"\" data-start=\"403\" data-end=\"825\">Den har en l\u00e4tt \u00e5terst\u00e4llbar mekanism ist\u00e4llet f\u00f6r glas, vilket g\u00f6r den mer h\u00e5llbar och s\u00e4ker f\u00f6r anv\u00e4ndning p\u00e5 fartyg och marina anl\u00e4ggningar.<\/p>\n<p class=\"\" data-start=\"403\" data-end=\"825\">Anropssignalen levereras med en backbox f\u00f6r ytmontering och en &#8220;Plug and Play&#8221;-installation, vilket g\u00f6r kabeldragningen snabb och effektiv.<\/p>\n<p class=\"\" data-start=\"827\" data-end=\"1168\">Denna enhet \u00e4r utrustad med en kontinuitetsl\u00e4nk som m\u00f6jligg\u00f6r kabeltestning f\u00f6re idrifttagning, vilket f\u00f6rb\u00e4ttrar b\u00e5de s\u00e4kerheten och installationseffektiviteten.<\/p>\n<p class=\"\" data-start=\"827\" data-end=\"1168\">N\u00e4r anropssignalen \u00e4r aktiverad, kan den \u00e5terst\u00e4llas genom att s\u00e4tta in en testnyckel i enhetens botten och klicka p\u00e5 plats.<\/p>\n<p class=\"\" data-start=\"827\" data-end=\"1168\">Den r\u00f6da indikatorn lyser n\u00e4r enheten har aktiverats.<\/p>\n<p class=\"\" data-start=\"1170\" data-end=\"1327\">Det h\u00e4r anropssignalen \u00e4r godk\u00e4nd enligt EN 54-11 och Marine Equipment Directive 96\/98\/EC, vilket g\u00f6r den p\u00e5litlig och s\u00e4ker f\u00f6r anv\u00e4ndning i marina milj\u00f6er.<\/p>\n<p class=\"\" data-start=\"1329\" data-end=\"1349\"><strong data-start=\"1329\" data-end=\"1348\">Specifikationer<\/strong>:<\/p>\n<ul data-start=\"1350\" data-end=\"1869\">\n<li class=\"\" data-start=\"1350\" data-end=\"1374\">\n<p class=\"\" data-start=\"1352\" data-end=\"1374\"><strong data-start=\"1352\" data-end=\"1366\">Str\u00f6mk\u00e4lla<\/strong>: 30V DC<\/p>\n<\/li>\n<li class=\"\" data-start=\"1375\" data-end=\"1402\">\n<p class=\"\" data-start=\"1377\" data-end=\"1402\"><strong data-start=\"1377\" data-end=\"1385\">M\u00e5tt<\/strong>: 93 mm x 59.5 mm<\/p>\n<\/li>\n<li class=\"\" data-start=\"1403\" data-end=\"1418\">\n<p class=\"\" data-start=\"1405\" data-end=\"1418\"><strong data-start=\"1405\" data-end=\"1413\">F\u00e4rg<\/strong>: R\u00f6d<\/p>\n<\/li>\n<li class=\"\" data-start=\"1419\" data-end=\"1436\">\n<p class=\"\" data-start=\"1421\" data-end=\"1436\"><strong data-start=\"1421\" data-end=\"1429\">Vikt<\/strong>: 180 g<\/p>\n<\/li>\n<li class=\"\" data-start=\"1437\" data-end=\"1505\">\n<p class=\"\" data-start=\"1439\" data-end=\"1505\"><strong data-start=\"1439\" data-end=\"1453\">Temperatur<\/strong>: Inomhus \u201310\u00b0C till +55\u00b0C, Utomhus \u201325\u00b0C till +70\u00b0C<\/p>\n<\/li>\n<li class=\"\" data-start=\"1506\" data-end=\"1546\">\n<p class=\"\" data-start=\"1508\" data-end=\"1546\"><strong data-start=\"1508\" data-end=\"1521\">Fuktighet<\/strong>: 0-93% RH (utan kondens)<\/p>\n<\/li>\n<li class=\"\" data-start=\"1547\" data-end=\"1592\">\n<p class=\"\" data-start=\"1549\" data-end=\"1592\"><strong data-start=\"1549\" data-end=\"1561\">IP-klass<\/strong>: Inomhus: IP24D, Utomhus: IP67<\/p>\n<\/li>\n<li class=\"\" data-start=\"1593\" data-end=\"1652\">\n<p class=\"\" data-start=\"1595\" data-end=\"1652\"><strong data-start=\"1595\" data-end=\"1607\">Material<\/strong>: Polykarbonat eller ABS beroende p\u00e5 funktion<\/p>\n<\/li>\n<li class=\"\" data-start=\"1653\" data-end=\"1719\">\n<p class=\"\" data-start=\"1655\" data-end=\"1719\"><strong data-start=\"1655\" data-end=\"1673\">Certifieringar<\/strong>: EN54-11, Marine Equipment Directive 96\/98\/EC<\/p>\n<\/li>\n<li class=\"\" data-start=\"1720\" data-end=\"1766\">\n<p class=\"\" data-start=\"1722\" data-end=\"1766\"><strong data-start=\"1722\" data-end=\"1740\">Kompatibilitet<\/strong>: XP95 Protocol Translator<\/p>\n<\/li>\n<li class=\"\" data-start=\"1767\" data-end=\"1829\">\n<p class=\"\" data-start=\"1769\" data-end=\"1829\"><strong data-start=\"1769\" data-end=\"1783\">Funktioner<\/strong>: \u00c5terst\u00e4llbar, &#8220;Plug and Play&#8221;, Surface Mount<\/p>\n<\/li>\n<li class=\"\" data-start=\"1830\" data-end=\"1869\">\n<p class=\"\" data-start=\"1832\" data-end=\"1869\"><strong data-start=\"1832\" data-end=\"1843\">Garanti<\/strong>: Begr\u00e4nsad 10 \u00e5rs garanti<\/p>\n<\/li>\n<\/ul>","protected":false},"excerpt":{"rendered":"<p>Apollo 55100-021MAR konventionell manuell anropssignal f\u00f6r sj\u00f6farten \u00e4r EN 54-11-certifierad och har &#8220;Plug and Play&#8221;-terminalanslutningar f\u00f6r snabb installation.<\/p>\n<p>Den \u00e4r idealisk f\u00f6r marina applikationer och har en kontinuitetsl\u00e4nk f\u00f6r kabeltest f\u00f6re drifts\u00e4ttning.<\/p>","protected":false},"featured_media":90106,"template":"","meta":{"_acf_changed":false},"product_brand":[],"product_cat":[3691],"product_tag":[],"class_list":{"0":"post-90107","1":"product","2":"type-product","3":"status-publish","4":"has-post-thumbnail","6":"product_cat-orbis-serien","7":"pa_brands-apollo-fire-detectors","8":"tm-no-options","10":"first","11":"instock","12":"sale","13":"taxable","14":"shipping-taxable","15":"product-type-simple"},"acf":[],"_links":{"self":[{"href":"https:\/\/stonehouse.se\/en\/wp-json\/wp\/v2\/product\/90107","targetHints":{"allow":["GET"]}}],"collection":[{"href":"https:\/\/stonehouse.se\/en\/wp-json\/wp\/v2\/product"}],"about":[{"href":"https:\/\/stonehouse.se\/en\/wp-json\/wp\/v2\/types\/product"}],"wp:featuredmedia":[{"embeddable":true,"href":"https:\/\/stonehouse.se\/en\/wp-json\/wp\/v2\/media\/90106"}],"wp:attachment":[{"href":"https:\/\/stonehouse.se\/en\/wp-json\/wp\/v2\/media?parent=90107"}],"wp:term":[{"taxonomy":"product_brand","embeddable":true,"href":"https:\/\/stonehouse.se\/en\/wp-json\/wp\/v2\/product_brand?post=90107"},{"taxonomy":"product_cat","embeddable":true,"href":"https:\/\/stonehouse.se\/en\/wp-json\/wp\/v2\/product_cat?post=90107"},{"taxonomy":"product_tag","embeddable":true,"href":"https:\/\/stonehouse.se\/en\/wp-json\/wp\/v2\/product_tag?post=90107"}],"curies":[{"name":"wp","href":"https:\/\/api.w.org\/{rel}","templated":true}]}}