
{"id":90146,"date":"2025-04-03T14:11:22","date_gmt":"2025-04-03T12:11:22","guid":{"rendered":"https:\/\/stonehouse.se\/produkt\/apollo-orb-ht-41018-mar-orbis-series-cs-marin-varmedetektor-med-blinkande-led-vit\/"},"modified":"2026-04-09T12:24:40","modified_gmt":"2026-04-09T10:24:40","slug":"apollo-orb-ht-41018-mar-orbis-series-cs-marin-varmedetektor-med-blinkande-led-vit","status":"publish","type":"product","link":"https:\/\/stonehouse.se\/en\/product\/apollo-orb-ht-41018-mar-orbis-series-cs-marin-varmedetektor-med-blinkande-led-vit\/","title":{"rendered":"Apollo ORB-HT-41018-MAR Orbis Series CS marin v\u00e4rmedetektor med blinkande LED, vit"},"content":{"rendered":"<h1>Apollo ORB-HT-41018-MAR Orbis Series CS marin v\u00e4rmedetektor med blinkande LED<\/h1>\n<p class=\"\" data-start=\"445\" data-end=\"922\">Apollo ORB-HT-41018-MAR Orbis Series CS marin v\u00e4rmedetektor \u00e4r en v\u00e4rmesensor som anv\u00e4nder en termistor f\u00f6r att \u00f6vervaka lufttemperaturen i omgivningen.<\/p>\n<p class=\"\" data-start=\"445\" data-end=\"922\">Den \u00e4r s\u00e4rskilt anv\u00e4ndbar i milj\u00f6er d\u00e4r r\u00f6kdetektorer \u00e4r ol\u00e4mpliga, s\u00e5som smutsiga eller r\u00f6kiga omr\u00e5den, samt f\u00f6r marin anv\u00e4ndning.<\/p>\n<p class=\"\" data-start=\"445\" data-end=\"922\">Den h\u00e4r detektorn \u00e4r ett idealiskt val f\u00f6r hotellrum, sjukhusavdelningar och andra omr\u00e5den d\u00e4r noggrann temperatur\u00f6vervakning \u00e4r avg\u00f6rande f\u00f6r att s\u00e4kerst\u00e4lla s\u00e4kerheten.<\/p>\n<p class=\"\" data-start=\"924\" data-end=\"1187\">Med blinkande LED som varnar f\u00f6r behovet av reng\u00f6ring eller n\u00e4r driftkompensation har n\u00e5tt gr\u00e4nsen, g\u00f6r denna detektor det enkelt att h\u00e5lla den i optimalt skick.<\/p>\n<p class=\"\" data-start=\"924\" data-end=\"1187\">Den \u00e4r ocks\u00e5 kompatibel med de flesta konventionella system och kan anslutas till tv\u00e5tr\u00e5diga kablar.<\/p>\n<p class=\"\" data-start=\"1189\" data-end=\"1209\"><strong data-start=\"1189\" data-end=\"1208\">Specifikationer<\/strong>:<\/p>\n<ul data-start=\"1210\" data-end=\"1841\">\n<li class=\"\" data-start=\"1210\" data-end=\"1236\">\n<p class=\"\" data-start=\"1212\" data-end=\"1236\"><strong data-start=\"1212\" data-end=\"1226\">Str\u00f6mk\u00e4lla<\/strong>: 5\u201333V DC<\/p>\n<\/li>\n<li class=\"\" data-start=\"1237\" data-end=\"1263\">\n<p class=\"\" data-start=\"1239\" data-end=\"1263\"><strong data-start=\"1239\" data-end=\"1247\">M\u00e5tt<\/strong>: \u00d897 mm x 36 mm<\/p>\n<\/li>\n<li class=\"\" data-start=\"1264\" data-end=\"1279\">\n<p class=\"\" data-start=\"1266\" data-end=\"1279\"><strong data-start=\"1266\" data-end=\"1274\">F\u00e4rg<\/strong>: Vit<\/p>\n<\/li>\n<li class=\"\" data-start=\"1280\" data-end=\"1296\">\n<p class=\"\" data-start=\"1282\" data-end=\"1296\"><strong data-start=\"1282\" data-end=\"1290\">Vikt<\/strong>: 80 g<\/p>\n<\/li>\n<li class=\"\" data-start=\"1297\" data-end=\"1331\">\n<p class=\"\" data-start=\"1299\" data-end=\"1331\"><strong data-start=\"1299\" data-end=\"1313\">Temperatur<\/strong>: \u201340\u00b0C till +70\u00b0C<\/p>\n<\/li>\n<li class=\"\" data-start=\"1332\" data-end=\"1357\">\n<p class=\"\" data-start=\"1334\" data-end=\"1357\"><strong data-start=\"1334\" data-end=\"1347\">Fuktighet<\/strong>: 0\u201398% RH<\/p>\n<\/li>\n<li class=\"\" data-start=\"1358\" data-end=\"1398\">\n<p class=\"\" data-start=\"1360\" data-end=\"1398\"><strong data-start=\"1360\" data-end=\"1383\">Detekterbart medium<\/strong>: Brand (V\u00e4rme)<\/p>\n<\/li>\n<li class=\"\" data-start=\"1399\" data-end=\"1446\">\n<p class=\"\" data-start=\"1401\" data-end=\"1446\"><strong data-start=\"1401\" data-end=\"1421\">Avk\u00e4nningsteknik<\/strong>: Termistor (V\u00e4rmesensor)<\/p>\n<\/li>\n<li class=\"\" data-start=\"1447\" data-end=\"1565\">\n<p class=\"\" data-start=\"1449\" data-end=\"1565\"><strong data-start=\"1449\" data-end=\"1463\">Funktioner<\/strong>: DirtAlert (F\u00f6r reng\u00f6ringsindikering), SensAlert (F\u00f6r driftproblem), blinkande LED f\u00f6r visuell status<\/p>\n<\/li>\n<li class=\"\" data-start=\"1566\" data-end=\"1647\">\n<p class=\"\" data-start=\"1568\" data-end=\"1647\"><strong data-start=\"1568\" data-end=\"1586\">Kompatibilitet<\/strong>: Apollo Series 65 och tidigare konventionella detektorserier<\/p>\n<\/li>\n<li class=\"\" data-start=\"1648\" data-end=\"1687\">\n<p class=\"\" data-start=\"1650\" data-end=\"1687\"><strong data-start=\"1650\" data-end=\"1661\">Garanti<\/strong>: Begr\u00e4nsad 10 \u00e5rs garanti<\/p>\n<\/li>\n<li class=\"\" data-start=\"1688\" data-end=\"1779\">\n<p class=\"\" data-start=\"1690\" data-end=\"1779\"><strong data-start=\"1690\" data-end=\"1702\">IP-klass<\/strong>: IP23D (Skyddad mot intr\u00e5ng av f\u00f6rem\u00e5l st\u00f6rre \u00e4n 12 mm och droppande vatten)<\/p>\n<\/li>\n<li class=\"\" data-start=\"1780\" data-end=\"1841\">\n<p class=\"\" data-start=\"1782\" data-end=\"1841\"><strong data-start=\"1782\" data-end=\"1800\">Certifieringar<\/strong>: EN 54-5, MED, DNV-GL, BV, CCS, KRS, CRS<\/p>\n<\/li>\n<\/ul>","protected":false},"excerpt":{"rendered":"<p>Apollo ORB-HT-41018-MAR Orbis Series CS marin v\u00e4rmedetektor med blinkande LED \u00e4r designad f\u00f6r anv\u00e4ndning i marina milj\u00f6er d\u00e4r r\u00f6kdetektorer inte \u00e4r l\u00e4mpliga.<\/p>\n<p>Den har en h\u00f6g k\u00e4nslighet f\u00f6r temperaturf\u00f6r\u00e4ndringar och inkluderar funktioner f\u00f6r att f\u00f6rb\u00e4ttra driftens p\u00e5litlighet och minska falsklarm.<\/p>","protected":false},"featured_media":90145,"template":"","meta":{"_acf_changed":false},"product_brand":[],"product_cat":[3691],"product_tag":[],"class_list":{"0":"post-90146","1":"product","2":"type-product","3":"status-publish","4":"has-post-thumbnail","6":"product_cat-orbis-serien","7":"pa_brands-apollo-fire-detectors","8":"tm-no-options","10":"first","11":"instock","12":"sale","13":"taxable","14":"shipping-taxable","15":"product-type-simple"},"acf":[],"_links":{"self":[{"href":"https:\/\/stonehouse.se\/en\/wp-json\/wp\/v2\/product\/90146","targetHints":{"allow":["GET"]}}],"collection":[{"href":"https:\/\/stonehouse.se\/en\/wp-json\/wp\/v2\/product"}],"about":[{"href":"https:\/\/stonehouse.se\/en\/wp-json\/wp\/v2\/types\/product"}],"wp:featuredmedia":[{"embeddable":true,"href":"https:\/\/stonehouse.se\/en\/wp-json\/wp\/v2\/media\/90145"}],"wp:attachment":[{"href":"https:\/\/stonehouse.se\/en\/wp-json\/wp\/v2\/media?parent=90146"}],"wp:term":[{"taxonomy":"product_brand","embeddable":true,"href":"https:\/\/stonehouse.se\/en\/wp-json\/wp\/v2\/product_brand?post=90146"},{"taxonomy":"product_cat","embeddable":true,"href":"https:\/\/stonehouse.se\/en\/wp-json\/wp\/v2\/product_cat?post=90146"},{"taxonomy":"product_tag","embeddable":true,"href":"https:\/\/stonehouse.se\/en\/wp-json\/wp\/v2\/product_tag?post=90146"}],"curies":[{"name":"wp","href":"https:\/\/api.w.org\/{rel}","templated":true}]}}