
{"id":90150,"date":"2025-04-03T14:11:19","date_gmt":"2025-04-03T12:11:19","guid":{"rendered":"https:\/\/stonehouse.se\/produkt\/apollo-orb-ht-11001-apo-orbis-series-a1r-varmedetektor-med-blinkande-lysdiod-vit\/"},"modified":"2026-04-09T11:29:12","modified_gmt":"2026-04-09T09:29:12","slug":"apollo-orb-ht-11001-apo-orbis-series-a1r-varmedetektor-med-blinkande-lysdiod-vit","status":"publish","type":"product","link":"https:\/\/stonehouse.se\/en\/product\/apollo-orb-ht-11001-apo-orbis-series-a1r-varmedetektor-med-blinkande-lysdiod-vit\/","title":{"rendered":"Apollo ORB-HT-11001-APO Orbis Series, A1R v\u00e4rmedetektor med blinkande lysdiod, vit"},"content":{"rendered":"<h1>Apollo ORB-HT-11001-APO Orbis Series, A1R v\u00e4rmedetektor med blinkande lysdiod<\/h1>\n<p class=\"\" data-start=\"471\" data-end=\"878\">Apollo ORB-HT-11001-APO Orbis Series A1R v\u00e4rmedetektor erbjuder en utm\u00e4rkt l\u00f6sning f\u00f6r att detektera brand genom temperatur\u00f6kning i milj\u00f6er d\u00e4r r\u00f6kdetektorer inte kan anv\u00e4ndas, t.ex. smutsiga eller r\u00f6kiga omr\u00e5den.<\/p>\n<p class=\"\" data-start=\"471\" data-end=\"878\">Detektorn anv\u00e4nder en termistor f\u00f6r att m\u00e4ta temperaturf\u00f6r\u00e4ndringar och kan identifiera \u00f6kning i temperaturen genom att j\u00e4mf\u00f6ra dessa v\u00e4rden med f\u00f6rinst\u00e4llda larmtr\u00f6sklar.<\/p>\n<p class=\"\" data-start=\"880\" data-end=\"1206\">Den \u00e4r utrustad med en r\u00f6d blinkande LED vid uppstart f\u00f6r att bekr\u00e4fta att enheten \u00e4r i drift, vilket g\u00f6r den l\u00e4tt att \u00f6vervaka och s\u00e4kerst\u00e4lla att den fungerar korrekt.<\/p>\n<p class=\"\" data-start=\"880\" data-end=\"1206\">F\u00f6r att f\u00f6rb\u00e4ttra tillf\u00f6rlitligheten och minska risken f\u00f6r falsklarm, \u00e4r detektorn ocks\u00e5 utrustad med DirtAlert\u00ae, som varnar n\u00e4r detektorn beh\u00f6ver reng\u00f6ras.<\/p>\n<p class=\"\" data-start=\"1208\" data-end=\"1425\">Den \u00e4r designad f\u00f6r att vara flexibel och anv\u00e4nds i en rad olika applikationer, inklusive hotellrum, sjukhusavdelningar och andra omr\u00e5den d\u00e4r exakt temperatur\u00f6vervakning \u00e4r avg\u00f6rande f\u00f6r att s\u00e4kerst\u00e4lla brandtrygghet.<\/p>\n<p class=\"\" data-start=\"1427\" data-end=\"1447\"><strong data-start=\"1427\" data-end=\"1446\">Specifikationer<\/strong>:<\/p>\n<ul data-start=\"1448\" data-end=\"2022\">\n<li class=\"\" data-start=\"1448\" data-end=\"1474\">\n<p class=\"\" data-start=\"1450\" data-end=\"1474\"><strong data-start=\"1450\" data-end=\"1464\">Str\u00f6mk\u00e4lla<\/strong>: 5\u201333V DC<\/p>\n<\/li>\n<li class=\"\" data-start=\"1475\" data-end=\"1501\">\n<p class=\"\" data-start=\"1477\" data-end=\"1501\"><strong data-start=\"1477\" data-end=\"1485\">M\u00e5tt<\/strong>: \u00d897 mm x 36 mm<\/p>\n<\/li>\n<li class=\"\" data-start=\"1502\" data-end=\"1517\">\n<p class=\"\" data-start=\"1504\" data-end=\"1517\"><strong data-start=\"1504\" data-end=\"1512\">F\u00e4rg<\/strong>: Vit<\/p>\n<\/li>\n<li class=\"\" data-start=\"1518\" data-end=\"1534\">\n<p class=\"\" data-start=\"1520\" data-end=\"1534\"><strong data-start=\"1520\" data-end=\"1528\">Vikt<\/strong>: 70 g<\/p>\n<\/li>\n<li class=\"\" data-start=\"1535\" data-end=\"1569\">\n<p class=\"\" data-start=\"1537\" data-end=\"1569\"><strong data-start=\"1537\" data-end=\"1551\">Temperatur<\/strong>: \u201340\u00b0C till +70\u00b0C<\/p>\n<\/li>\n<li class=\"\" data-start=\"1570\" data-end=\"1595\">\n<p class=\"\" data-start=\"1572\" data-end=\"1595\"><strong data-start=\"1572\" data-end=\"1585\">Fuktighet<\/strong>: 0\u201398% RH<\/p>\n<\/li>\n<li class=\"\" data-start=\"1596\" data-end=\"1636\">\n<p class=\"\" data-start=\"1598\" data-end=\"1636\"><strong data-start=\"1598\" data-end=\"1621\">Detekterbart medium<\/strong>: Brand (V\u00e4rme)<\/p>\n<\/li>\n<li class=\"\" data-start=\"1637\" data-end=\"1684\">\n<p class=\"\" data-start=\"1639\" data-end=\"1684\"><strong data-start=\"1639\" data-end=\"1659\">Avk\u00e4nningsteknik<\/strong>: Termistor (V\u00e4rmesensor)<\/p>\n<\/li>\n<li class=\"\" data-start=\"1685\" data-end=\"1747\">\n<p class=\"\" data-start=\"1687\" data-end=\"1747\"><strong data-start=\"1687\" data-end=\"1701\">Funktioner<\/strong>: DirtAlert, blinkande LED, SensAlert, FasTest<\/p>\n<\/li>\n<li class=\"\" data-start=\"1748\" data-end=\"1787\">\n<p class=\"\" data-start=\"1750\" data-end=\"1787\"><strong data-start=\"1750\" data-end=\"1761\">Garanti<\/strong>: Begr\u00e4nsad 10 \u00e5rs garanti<\/p>\n<\/li>\n<li class=\"\" data-start=\"1788\" data-end=\"1879\">\n<p class=\"\" data-start=\"1790\" data-end=\"1879\"><strong data-start=\"1790\" data-end=\"1802\">IP-klass<\/strong>: IP23D (Skyddad mot intr\u00e5ng av f\u00f6rem\u00e5l st\u00f6rre \u00e4n 12 mm och droppande vatten)<\/p>\n<\/li>\n<li class=\"\" data-start=\"1880\" data-end=\"1961\">\n<p class=\"\" data-start=\"1882\" data-end=\"1961\"><strong data-start=\"1882\" data-end=\"1900\">Kompatibilitet<\/strong>: Apollo Series 65 och tidigare konventionella detektorserier<\/p>\n<\/li>\n<li class=\"\" data-start=\"1962\" data-end=\"2022\">\n<p class=\"\" data-start=\"1964\" data-end=\"2022\"><strong data-start=\"1964\" data-end=\"1982\">Certifieringar<\/strong>: EN54-5, MED, DNV.GL, BV, CCS, KRS, CRS<\/p>\n<\/li>\n<\/ul>","protected":false},"excerpt":{"rendered":"<p>Apollo ORB-HT-11001-APO Orbis Series A1R v\u00e4rmedetektor med blinkande lysdiod \u00e4r en p\u00e5litlig detektor designad f\u00f6r anv\u00e4ndning i smutsiga eller r\u00f6kiga milj\u00f6er d\u00e4r r\u00f6kdetektorer inte \u00e4r l\u00e4mpliga.<\/p>\n<p>Den har en blinkande r\u00f6d LED vid uppstart f\u00f6r att bekr\u00e4fta att enheten \u00e4r i drift och har en l\u00e5ng h\u00e5llbarhet med en 10-\u00e5rs garanti.<\/p>","protected":false},"featured_media":90149,"template":"","meta":{"_acf_changed":false},"product_brand":[],"product_cat":[3691],"product_tag":[],"class_list":{"0":"post-90150","1":"product","2":"type-product","3":"status-publish","4":"has-post-thumbnail","6":"product_cat-orbis-serien","7":"pa_brands-apollo-fire-detectors","8":"tm-no-options","10":"first","11":"instock","12":"sale","13":"taxable","14":"shipping-taxable","15":"product-type-simple"},"acf":[],"_links":{"self":[{"href":"https:\/\/stonehouse.se\/en\/wp-json\/wp\/v2\/product\/90150","targetHints":{"allow":["GET"]}}],"collection":[{"href":"https:\/\/stonehouse.se\/en\/wp-json\/wp\/v2\/product"}],"about":[{"href":"https:\/\/stonehouse.se\/en\/wp-json\/wp\/v2\/types\/product"}],"wp:featuredmedia":[{"embeddable":true,"href":"https:\/\/stonehouse.se\/en\/wp-json\/wp\/v2\/media\/90149"}],"wp:attachment":[{"href":"https:\/\/stonehouse.se\/en\/wp-json\/wp\/v2\/media?parent=90150"}],"wp:term":[{"taxonomy":"product_brand","embeddable":true,"href":"https:\/\/stonehouse.se\/en\/wp-json\/wp\/v2\/product_brand?post=90150"},{"taxonomy":"product_cat","embeddable":true,"href":"https:\/\/stonehouse.se\/en\/wp-json\/wp\/v2\/product_cat?post=90150"},{"taxonomy":"product_tag","embeddable":true,"href":"https:\/\/stonehouse.se\/en\/wp-json\/wp\/v2\/product_tag?post=90150"}],"curies":[{"name":"wp","href":"https:\/\/api.w.org\/{rel}","templated":true}]}}