
{"id":90154,"date":"2025-04-03T14:11:17","date_gmt":"2025-04-03T12:11:17","guid":{"rendered":"https:\/\/stonehouse.se\/produkt\/apollo-pp5025-orbis-series-kontinuitetsbrytare-marine-timesaver-base-vit\/"},"modified":"2026-04-09T11:29:24","modified_gmt":"2026-04-09T09:29:24","slug":"apollo-pp5025-orbis-series-kontinuitetsbrytare-marine-timesaver-base-vit","status":"publish","type":"product","link":"https:\/\/stonehouse.se\/en\/product\/apollo-pp5025-orbis-series-kontinuitetsbrytare-marine-timesaver-base-vit\/","title":{"rendered":"Apollo PP5025 Orbis Series Kontinuitetsbrytare Marine TimeSaver Base, vit"},"content":{"rendered":"<h1>Apollo PP5025 Orbis Series Kontinuitetsbrytare Marine TimeSaver Base<\/h1>\n<p class=\"\" data-start=\"391\" data-end=\"833\">Apollo PP5025 Orbis Series Marine TimeSaver Base \u00e4r en monteringsbas som g\u00f6r installationen av Orbis-seriens detektorer snabb och enkel.<\/p>\n<p class=\"\" data-start=\"391\" data-end=\"833\">Med ett innovativt designkoncept erbjuder denna bas en \u00f6ppen arbetsyta med f\u00e4sth\u00e5l f\u00f6r att m\u00f6jligg\u00f6ra snabb montering.<\/p>\n<p class=\"\" data-start=\"391\" data-end=\"833\">Den har tv\u00e5 f\u00e4stpunkter och ett LED-inriktningsm\u00e4rke som hj\u00e4lper till att s\u00e4kerst\u00e4lla att alla detektorer \u00e4r korrekt installerade med LED-lamporna i samma riktning.<\/p>\n<p class=\"\" data-start=\"835\" data-end=\"1200\">Den \u00e4r utrustad med en kabelskalningsguide f\u00f6r att g\u00f6ra installationen \u00e4nnu enklare och f\u00f6r att s\u00e4kerst\u00e4lla att kablarna \u00e4r korrekt f\u00f6rberedda.<\/p>\n<p class=\"\" data-start=\"835\" data-end=\"1200\">Det h\u00e4r g\u00f6r TimeSaver Base till ett effektivt val f\u00f6r installation av b\u00e5de r\u00f6k- och v\u00e4rmedetektorer i marina milj\u00f6er.<\/p>\n<p class=\"\" data-start=\"835\" data-end=\"1200\">Den \u00e4r \u00e4ven godk\u00e4nd enligt Marine Equipment Directive 2014\/90\/EU f\u00f6r anv\u00e4ndning i marina applikationer.<\/p>\n<p class=\"\" data-start=\"1202\" data-end=\"1222\"><strong data-start=\"1202\" data-end=\"1221\">Specifikationer<\/strong>:<\/p>\n<ul data-start=\"1223\" data-end=\"1528\">\n<li class=\"\" data-start=\"1223\" data-end=\"1241\">\n<p class=\"\" data-start=\"1225\" data-end=\"1241\"><strong data-start=\"1225\" data-end=\"1233\">F\u00e4rg<\/strong>: Silver<\/p>\n<\/li>\n<li class=\"\" data-start=\"1242\" data-end=\"1286\">\n<p class=\"\" data-start=\"1244\" data-end=\"1286\"><strong data-start=\"1244\" data-end=\"1252\">M\u00e5tt<\/strong>: Standardstorlek f\u00f6r Orbis-serien<\/p>\n<\/li>\n<li class=\"\" data-start=\"1287\" data-end=\"1363\">\n<p class=\"\" data-start=\"1289\" data-end=\"1363\"><strong data-start=\"1289\" data-end=\"1303\">Funktioner<\/strong>: Tv\u00e5 f\u00e4stpunkter, LED-inriktningsm\u00e4rke, Kabelskalningsguide<\/p>\n<\/li>\n<li class=\"\" data-start=\"1364\" data-end=\"1415\">\n<p class=\"\" data-start=\"1366\" data-end=\"1415\"><strong data-start=\"1366\" data-end=\"1384\">Kompatibilitet<\/strong>: Heat Detector, Smoke Detector<\/p>\n<\/li>\n<li class=\"\" data-start=\"1416\" data-end=\"1488\">\n<p class=\"\" data-start=\"1418\" data-end=\"1488\"><strong data-start=\"1418\" data-end=\"1436\">Certifieringar<\/strong>: CE-m\u00e4rkning, Marine Equipment Directive 2014\/90\/EU<\/p>\n<\/li>\n<li class=\"\" data-start=\"1489\" data-end=\"1528\">\n<p class=\"\" data-start=\"1491\" data-end=\"1528\"><strong data-start=\"1491\" data-end=\"1502\">Garanti<\/strong>: Begr\u00e4nsad 10 \u00e5rs garanti<\/p>\n<\/li>\n<\/ul>","protected":false},"excerpt":{"rendered":"<p>Apollo PP5025 Orbis Series Kontinuitetsbrytare Marine TimeSaver Base \u00e4r designad f\u00f6r enkel och snabb installation av detektorer.<\/p>\n<p>Den har tv\u00e5 f\u00e4stpunkter, ett LED-inriktningsm\u00e4rke f\u00f6r korrekt installation och en kabelskalningsguide f\u00f6r effektivt arbete.<\/p>","protected":false},"featured_media":90153,"template":"","meta":{"_acf_changed":false},"product_brand":[],"product_cat":[3691],"product_tag":[],"class_list":{"0":"post-90154","1":"product","2":"type-product","3":"status-publish","4":"has-post-thumbnail","6":"product_cat-orbis-serien","7":"pa_brands-apollo-fire-detectors","8":"tm-no-options","10":"first","11":"instock","12":"sale","13":"taxable","14":"shipping-taxable","15":"product-type-simple"},"acf":[],"_links":{"self":[{"href":"https:\/\/stonehouse.se\/en\/wp-json\/wp\/v2\/product\/90154","targetHints":{"allow":["GET"]}}],"collection":[{"href":"https:\/\/stonehouse.se\/en\/wp-json\/wp\/v2\/product"}],"about":[{"href":"https:\/\/stonehouse.se\/en\/wp-json\/wp\/v2\/types\/product"}],"wp:featuredmedia":[{"embeddable":true,"href":"https:\/\/stonehouse.se\/en\/wp-json\/wp\/v2\/media\/90153"}],"wp:attachment":[{"href":"https:\/\/stonehouse.se\/en\/wp-json\/wp\/v2\/media?parent=90154"}],"wp:term":[{"taxonomy":"product_brand","embeddable":true,"href":"https:\/\/stonehouse.se\/en\/wp-json\/wp\/v2\/product_brand?post=90154"},{"taxonomy":"product_cat","embeddable":true,"href":"https:\/\/stonehouse.se\/en\/wp-json\/wp\/v2\/product_cat?post=90154"},{"taxonomy":"product_tag","embeddable":true,"href":"https:\/\/stonehouse.se\/en\/wp-json\/wp\/v2\/product_tag?post=90154"}],"curies":[{"name":"wp","href":"https:\/\/api.w.org\/{rel}","templated":true}]}}