
{"id":90156,"date":"2025-04-03T14:11:14","date_gmt":"2025-04-03T12:11:14","guid":{"rendered":"https:\/\/stonehouse.se\/produkt\/apollo-orb-mb-00001-apo-orbis-series-kontinuitetsbrytare-timesaver-base-vit\/"},"modified":"2026-04-09T11:29:35","modified_gmt":"2026-04-09T09:29:35","slug":"apollo-orb-mb-00001-apo-orbis-series-kontinuitetsbrytare-timesaver-base-vit","status":"publish","type":"product","link":"https:\/\/stonehouse.se\/en\/product\/apollo-orb-mb-00001-apo-orbis-series-kontinuitetsbrytare-timesaver-base-vit\/","title":{"rendered":"Apollo ORB-MB-00001-APO Orbis Series Kontinuitetsbrytare TimeSaver Base, vit"},"content":{"rendered":"<h1>Apollo ORB-MB-00001-APO Orbis Series Kontinuitetsbrytare TimeSaver Base<\/h1>\n<p class=\"\" data-start=\"472\" data-end=\"897\">Apollo Orbis Kontinuitetsbrytare TimeSaver Base \u00e4r designad f\u00f6r att optimera installationen av branddetektorer genom att erbjuda en \u00f6ppen arbetsyta med f\u00e4sth\u00e5l som m\u00f6jligg\u00f6r snabb och enkel montering.<\/p>\n<p class=\"\" data-start=\"472\" data-end=\"897\">Basen levereras med ett LED-inriktningsm\u00e4rke, vilket g\u00f6r det m\u00f6jligt f\u00f6r installat\u00f6ren att placera detektorer korrekt f\u00f6r att s\u00e4kerst\u00e4lla att LED-lamporna \u00e4r orienterade i r\u00e4tt riktning.<\/p>\n<p class=\"\" data-start=\"899\" data-end=\"1390\">TimeSaver Base \u00e4r en perfekt l\u00f6sning f\u00f6r anv\u00e4ndning med Apollo Series 65 och tidigare modeller av konventionella detektorer.<\/p>\n<p class=\"\" data-start=\"899\" data-end=\"1390\">Den \u00e4r designad f\u00f6r att vara b\u00e5de funktionell och p\u00e5litlig med en CE-m\u00e4rkning och \u00f6verensst\u00e4mmelse med g\u00e4llande s\u00e4kerhetsstandarder.<\/p>\n<p class=\"\" data-start=\"899\" data-end=\"1390\">Basen \u00e4r tillverkad i PC-material och har en djup p\u00e5 20 mm, vilket ger en h\u00e5llbar och stabil installation.<\/p>\n<p class=\"\" data-start=\"899\" data-end=\"1390\">Med sina tv\u00e5 f\u00e4stpunkter och robusta design kan den anv\u00e4ndas i olika s\u00e4kerhetssystem f\u00f6r att s\u00e4kerst\u00e4lla effektiv detektering.<\/p>\n<p class=\"\" data-start=\"1392\" data-end=\"1422\"><strong data-start=\"1392\" data-end=\"1420\">Huvudsakliga Egenskaper:<\/strong><\/p>\n<ul data-start=\"1423\" data-end=\"1660\">\n<li class=\"\" data-start=\"1423\" data-end=\"1442\">\n<p class=\"\" data-start=\"1425\" data-end=\"1442\">Tv\u00e5 f\u00e4stpunkter<\/p>\n<\/li>\n<li class=\"\" data-start=\"1443\" data-end=\"1467\">\n<p class=\"\" data-start=\"1445\" data-end=\"1467\">LED-inriktningsm\u00e4rke<\/p>\n<\/li>\n<li class=\"\" data-start=\"1468\" data-end=\"1520\">\n<p class=\"\" data-start=\"1470\" data-end=\"1520\">Enheter som st\u00f6ds: Heat Detector, Smoke Detector<\/p>\n<\/li>\n<li class=\"\" data-start=\"1521\" data-end=\"1595\">\n<p class=\"\" data-start=\"1523\" data-end=\"1595\">Kompatibel med Apollo Series 65 och tidigare konventionella detektorer<\/p>\n<\/li>\n<li class=\"\" data-start=\"1596\" data-end=\"1660\">\n<p class=\"\" data-start=\"1598\" data-end=\"1660\">CE-m\u00e4rkning och certifierad f\u00f6r anv\u00e4ndning i s\u00e4kerhetssystem<\/p>\n<\/li>\n<\/ul>\n<p class=\"\" data-start=\"1662\" data-end=\"1693\"><strong data-start=\"1662\" data-end=\"1691\">Tekniska Specifikationer:<\/strong><\/p>\n<ul data-start=\"1694\" data-end=\"1875\">\n<li class=\"\" data-start=\"1694\" data-end=\"1709\">\n<p class=\"\" data-start=\"1696\" data-end=\"1709\">Djup: 20 mm<\/p>\n<\/li>\n<li class=\"\" data-start=\"1710\" data-end=\"1726\">\n<p class=\"\" data-start=\"1712\" data-end=\"1726\">F\u00e4rg: Silver<\/p>\n<\/li>\n<li class=\"\" data-start=\"1727\" data-end=\"1758\">\n<p class=\"\" data-start=\"1729\" data-end=\"1758\">Material: PC (Polykarbonat)<\/p>\n<\/li>\n<li class=\"\" data-start=\"1759\" data-end=\"1801\">\n<p class=\"\" data-start=\"1761\" data-end=\"1801\">Certifieringar: CE-m\u00e4rkning, Compliant<\/p>\n<\/li>\n<li class=\"\" data-start=\"1802\" data-end=\"1875\">\n<p class=\"\" data-start=\"1804\" data-end=\"1875\">Kompatibilitet: Apollo Series 65 och tidigare konventionella detektorer<\/p>\n<\/li>\n<\/ul>","protected":false},"excerpt":{"rendered":"<p>Apollo Orbis Kontinuitetsbrytare TimeSaver Base erbjuder en effektiv l\u00f6sning f\u00f6r snabb montering av branddetektorer.<\/p>\n<p>Med tv\u00e5 f\u00e4stpunkter och LED-inriktningsm\u00e4rke g\u00f6r den installationen enkel och snabb. Den \u00e4r kompatibel med Apollo Series 65 och tidigare konventionella detektorer.<\/p>","protected":false},"featured_media":90155,"template":"","meta":{"_acf_changed":false},"product_brand":[],"product_cat":[3691],"product_tag":[],"class_list":{"0":"post-90156","1":"product","2":"type-product","3":"status-publish","4":"has-post-thumbnail","6":"product_cat-orbis-serien","7":"pa_brands-apollo-fire-detectors","8":"tm-no-options","10":"first","11":"instock","12":"sale","13":"taxable","14":"shipping-taxable","15":"product-type-simple"},"acf":[],"_links":{"self":[{"href":"https:\/\/stonehouse.se\/en\/wp-json\/wp\/v2\/product\/90156","targetHints":{"allow":["GET"]}}],"collection":[{"href":"https:\/\/stonehouse.se\/en\/wp-json\/wp\/v2\/product"}],"about":[{"href":"https:\/\/stonehouse.se\/en\/wp-json\/wp\/v2\/types\/product"}],"wp:featuredmedia":[{"embeddable":true,"href":"https:\/\/stonehouse.se\/en\/wp-json\/wp\/v2\/media\/90155"}],"wp:attachment":[{"href":"https:\/\/stonehouse.se\/en\/wp-json\/wp\/v2\/media?parent=90156"}],"wp:term":[{"taxonomy":"product_brand","embeddable":true,"href":"https:\/\/stonehouse.se\/en\/wp-json\/wp\/v2\/product_brand?post=90156"},{"taxonomy":"product_cat","embeddable":true,"href":"https:\/\/stonehouse.se\/en\/wp-json\/wp\/v2\/product_cat?post=90156"},{"taxonomy":"product_tag","embeddable":true,"href":"https:\/\/stonehouse.se\/en\/wp-json\/wp\/v2\/product_tag?post=90156"}],"curies":[{"name":"wp","href":"https:\/\/api.w.org\/{rel}","templated":true}]}}