
{"id":90176,"date":"2025-04-03T14:07:47","date_gmt":"2025-04-03T12:07:47","guid":{"rendered":"https:\/\/stonehouse.se\/produkt\/apollo-45681-276apo-xp95-series-monteringsbas-for-kompletterande-flertonljudgivare-85db-a-inomhusbruk-en54-3-kompatibel-vit\/"},"modified":"2026-04-09T11:31:11","modified_gmt":"2026-04-09T09:31:11","slug":"apollo-45681-276apo-xp95-series-monteringsbas-for-kompletterande-flertonljudgivare-85db-a-inomhusbruk-en54-3-kompatibel-vit","status":"publish","type":"product","link":"https:\/\/stonehouse.se\/en\/product\/apollo-45681-276apo-xp95-series-monteringsbas-for-kompletterande-flertonljudgivare-85db-a-inomhusbruk-en54-3-kompatibel-vit\/","title":{"rendered":"Apollo 45681-276APO XP95 Series, Monteringsbas f\u00f6r kompletterande flertonljudgivare 85dB A, inomhusbruk, EN54-3-kompatibel, vit"},"content":{"rendered":"<h1>Apollo 45681-276APO XP95 Series, Monteringsbas f\u00f6r kompletterande flertonljudgivare 85dB A, inomhusbruk, EN54-3-kompatibel, vit<\/h1>\n<p class=\"\" data-start=\"554\" data-end=\"996\">Apollo XP95 Ancillary Base Sounder \u00e4r en ljuds\u00e4ndare f\u00f6r lokal anv\u00e4ndning som \u00e4r utformad f\u00f6r inomhusmilj\u00f6er.<\/p>\n<p class=\"\" data-start=\"554\" data-end=\"996\">Den \u00e4r kompatibel med XP95, Discovery och Soteria-detektorer och styrs av kontrollpanelen via slingdrift.<\/p>\n<p class=\"\" data-start=\"554\" data-end=\"996\">Ljuds\u00e4ndaren har en garanterad ljudniv\u00e5 p\u00e5 85 dB(A) vid 1 meters avst\u00e5nd, och den anv\u00e4nder endast 3 mA str\u00f6m, vilket g\u00f6r det m\u00f6jligt att ansluta upp till 126 ljuds\u00e4ndare till samma slinga.<\/p>\n<p class=\"\" data-start=\"998\" data-end=\"1400\">Denna enhet \u00e4r utrustad med en justerbar volymkontroll som g\u00f6r att ljudniv\u00e5n kan st\u00e4llas in fr\u00e5n 70 dB(A) till 85 dB(A). Ljudsignalen \u00e4r en v\u00e4xlande ton p\u00e5 990 Hz och 630 Hz i 0,5 sekunder vardera, vilket g\u00f6r den effektiv f\u00f6r att varna i olika n\u00f6dsituationer.<\/p>\n<p class=\"\" data-start=\"998\" data-end=\"1400\">Eftersom enheten svarar p\u00e5 signaler fr\u00e5n den associerade detektorn eller fyren, kr\u00e4ver den ingen egen adress, vilket f\u00f6renklar installationen.<\/p>\n<p class=\"\" data-start=\"1402\" data-end=\"1565\">Med en driftstemperatur fr\u00e5n -20\u00b0C till +60\u00b0C och en IP23D-klassificering, \u00e4r denna ljuds\u00e4ndare p\u00e5litlig och robust f\u00f6r anv\u00e4ndning i en m\u00e4ngd olika inomhusmilj\u00f6er.<\/p>\n<p class=\"\" data-start=\"1567\" data-end=\"1597\"><strong data-start=\"1567\" data-end=\"1595\">Huvudsakliga Egenskaper:<\/strong><\/p>\n<ul data-start=\"1598\" data-end=\"1906\">\n<li class=\"\" data-start=\"1598\" data-end=\"1641\">\n<p class=\"\" data-start=\"1600\" data-end=\"1641\">Ljudniv\u00e5: 85 dB(A) vid 1 meters avst\u00e5nd<\/p>\n<\/li>\n<li class=\"\" data-start=\"1642\" data-end=\"1668\">\n<p class=\"\" data-start=\"1644\" data-end=\"1668\">Str\u00f6mf\u00f6rbrukning: 3 mA<\/p>\n<\/li>\n<li class=\"\" data-start=\"1669\" data-end=\"1722\">\n<p class=\"\" data-start=\"1671\" data-end=\"1722\">Loop-driven, kr\u00e4ver ingen extern str\u00f6mf\u00f6rs\u00f6rjning<\/p>\n<\/li>\n<li class=\"\" data-start=\"1723\" data-end=\"1770\">\n<p class=\"\" data-start=\"1725\" data-end=\"1770\">Justerbar volym fr\u00e5n 70 dB(A) till 85 dB(A)<\/p>\n<\/li>\n<li class=\"\" data-start=\"1771\" data-end=\"1816\">\n<p class=\"\" data-start=\"1773\" data-end=\"1816\">V\u00e4xlande tonfrekvenser: 990 Hz och 630 Hz<\/p>\n<\/li>\n<li class=\"\" data-start=\"1817\" data-end=\"1870\">\n<p class=\"\" data-start=\"1819\" data-end=\"1870\">Kompatibel med XP95, Discovery och Soteria-system<\/p>\n<\/li>\n<li class=\"\" data-start=\"1871\" data-end=\"1906\">\n<p class=\"\" data-start=\"1873\" data-end=\"1906\">CE-m\u00e4rkt och EN 54-3-kompatibel<\/p>\n<\/li>\n<\/ul>\n<p class=\"\" data-start=\"1908\" data-end=\"1939\"><strong data-start=\"1908\" data-end=\"1937\">Tekniska Specifikationer:<\/strong><\/p>\n<ul data-start=\"1940\" data-end=\"2161\">\n<li class=\"\" data-start=\"1940\" data-end=\"1953\">\n<p class=\"\" data-start=\"1942\" data-end=\"1953\">F\u00e4rg: Vit<\/p>\n<\/li>\n<li class=\"\" data-start=\"1954\" data-end=\"1996\">\n<p class=\"\" data-start=\"1956\" data-end=\"1996\">M\u00e5tt: 115 mm (diameter) x 38 mm (h\u00f6jd)<\/p>\n<\/li>\n<li class=\"\" data-start=\"1997\" data-end=\"2012\">\n<p class=\"\" data-start=\"1999\" data-end=\"2012\">Vikt: 140 g<\/p>\n<\/li>\n<li class=\"\" data-start=\"2013\" data-end=\"2041\">\n<p class=\"\" data-start=\"2015\" data-end=\"2041\">Str\u00f6mf\u00f6rs\u00f6rjning: 28V DC<\/p>\n<\/li>\n<li class=\"\" data-start=\"2042\" data-end=\"2083\">\n<p class=\"\" data-start=\"2044\" data-end=\"2083\">Temperaturintervall: -20\u00b0C till +60\u00b0C<\/p>\n<\/li>\n<li class=\"\" data-start=\"2084\" data-end=\"2112\">\n<p class=\"\" data-start=\"2086\" data-end=\"2112\">IP-klassificering: IP23D<\/p>\n<\/li>\n<li class=\"\" data-start=\"2113\" data-end=\"2139\">\n<p class=\"\" data-start=\"2115\" data-end=\"2139\">Material: Polykarbonat<\/p>\n<\/li>\n<li class=\"\" data-start=\"2140\" data-end=\"2161\">\n<p class=\"\" data-start=\"2142\" data-end=\"2161\">Garantitid: 10 \u00e5r<\/p>\n<\/li>\n<\/ul>","protected":false},"excerpt":{"rendered":"<p>Apollo XP95 Monteringsbas f\u00f6r kompletterande flertonljudgivare erbjuder en ljudniv\u00e5 p\u00e5 85 dB(A) vid 1 meters avst\u00e5nd, med en str\u00f6mf\u00f6rbrukning p\u00e5 endast 3 mA.<\/p>\n<p>Designad f\u00f6r inomhusbruk, denna bas fungerar i XP95-, Discovery- och Soteria-system och har en justerbar volymkontroll.<\/p>","protected":false},"featured_media":90175,"template":"","meta":{"_acf_changed":false},"product_brand":[],"product_cat":[3693],"product_tag":[],"class_list":{"0":"post-90176","1":"product","2":"type-product","3":"status-publish","4":"has-post-thumbnail","6":"product_cat-xp95-serien","7":"pa_brands-apollo-fire-detectors","8":"tm-no-options","10":"first","11":"instock","12":"sale","13":"taxable","14":"shipping-taxable","15":"product-type-simple"},"acf":[],"_links":{"self":[{"href":"https:\/\/stonehouse.se\/en\/wp-json\/wp\/v2\/product\/90176","targetHints":{"allow":["GET"]}}],"collection":[{"href":"https:\/\/stonehouse.se\/en\/wp-json\/wp\/v2\/product"}],"about":[{"href":"https:\/\/stonehouse.se\/en\/wp-json\/wp\/v2\/types\/product"}],"wp:featuredmedia":[{"embeddable":true,"href":"https:\/\/stonehouse.se\/en\/wp-json\/wp\/v2\/media\/90175"}],"wp:attachment":[{"href":"https:\/\/stonehouse.se\/en\/wp-json\/wp\/v2\/media?parent=90176"}],"wp:term":[{"taxonomy":"product_brand","embeddable":true,"href":"https:\/\/stonehouse.se\/en\/wp-json\/wp\/v2\/product_brand?post=90176"},{"taxonomy":"product_cat","embeddable":true,"href":"https:\/\/stonehouse.se\/en\/wp-json\/wp\/v2\/product_cat?post=90176"},{"taxonomy":"product_tag","embeddable":true,"href":"https:\/\/stonehouse.se\/en\/wp-json\/wp\/v2\/product_tag?post=90176"}],"curies":[{"name":"wp","href":"https:\/\/api.w.org\/{rel}","templated":true}]}}