
{"id":90178,"date":"2025-04-03T14:07:44","date_gmt":"2025-04-03T12:07:44","guid":{"rendered":"https:\/\/stonehouse.se\/produkt\/apollo-45681-331apo-xp95-series-loop-powered-sounder-beacon-base-91db-a-rod-blixt-och-vit-kropp\/"},"modified":"2026-04-09T11:31:21","modified_gmt":"2026-04-09T09:31:21","slug":"apollo-45681-331apo-xp95-series-loop-powered-sounder-beacon-base-91db-a-rod-blixt-och-vit-kropp","status":"publish","type":"product","link":"https:\/\/stonehouse.se\/en\/product\/apollo-45681-331apo-xp95-series-loop-powered-sounder-beacon-base-91db-a-rod-blixt-och-vit-kropp\/","title":{"rendered":"Apollo 45681-331APO XP95 Series Loop-Powered Sounder Beacon Base 91dB A, r\u00f6d blixt och vit kropp"},"content":{"rendered":"<h1>Apollo 45681-331APO XP95 Series Loop-Powered Sounder Beacon Base 91dB A, r\u00f6d blixt och vit kropp<\/h1>\n<p>Apollo XP95 Sounder Beacon Base \u00e4r en loopdriven ljudsignal och visuell indikator som kombineras med en standard monteringsbas f\u00f6r detektorer.<\/p>\n<p>Den \u00e4r utformad f\u00f6r att signalera ett brandlarm i slutna utrymmen och erbjuder en ljudniv\u00e5 p\u00e5 91 dB(A) samt en visuell indikator som blinkar en g\u00e5ng per sekund.<\/p>\n<p>Ljus- och ljudsignaler kan synkroniseras f\u00f6r att indikera varningar och evakuering, vilket s\u00e4kerst\u00e4ller att signalerna \u00e4r tydliga och konsekventa.<\/p>\n<p>Denna enhet kan b\u00e5de adresseras individuellt och i grupper, vilket g\u00f6r det l\u00e4tt att hantera stora installationer och skapa effektiva varningssystem.<\/p>\n<p>Dessutom erbjuder den ett unikt sj\u00e4lvtest f\u00f6r b\u00e5de akustisk och visuell indikator, vilket underl\u00e4ttar b\u00e5de installation och underh\u00e5ll.<\/p>\n<p>Sounder Beacon Base \u00e4r designad f\u00f6r att anv\u00e4ndas med XP95- och Discovery-system och fungerar optimalt n\u00e4r den \u00e4r ansluten till kontrollpaneler med l\u00e4mplig programvara.<\/p>\n<p>Med en driftstemperatur fr\u00e5n -20\u00b0C till +60\u00b0C och en IP21C-klassificering, \u00e4r den robust nog f\u00f6r inomhusbruk i de flesta milj\u00f6er och har en 10-\u00e5rig garanti f\u00f6r l\u00e5ngvarig prestanda.<\/p>\n<p class=\"\" data-start=\"1624\" data-end=\"1654\"><strong data-start=\"1624\" data-end=\"1652\">Huvudsakliga Egenskaper:<\/strong><\/p>\n<ul data-start=\"1655\" data-end=\"1907\">\n<li class=\"\" data-start=\"1655\" data-end=\"1677\">\n<p class=\"\" data-start=\"1657\" data-end=\"1677\">Ljudniv\u00e5: 91 dB(A)<\/p>\n<\/li>\n<li class=\"\" data-start=\"1678\" data-end=\"1726\">\n<p class=\"\" data-start=\"1680\" data-end=\"1726\">Visuell indikator blinkar en g\u00e5ng per sekund<\/p>\n<\/li>\n<li class=\"\" data-start=\"1727\" data-end=\"1785\">\n<p class=\"\" data-start=\"1729\" data-end=\"1785\">Synkronisering av larmtoner och visuell indikatorblixt<\/p>\n<\/li>\n<li class=\"\" data-start=\"1786\" data-end=\"1822\">\n<p class=\"\" data-start=\"1788\" data-end=\"1822\">Individuell och gruppadressering<\/p>\n<\/li>\n<li class=\"\" data-start=\"1823\" data-end=\"1873\">\n<p class=\"\" data-start=\"1825\" data-end=\"1873\">Unikt sj\u00e4lvtest f\u00f6r ljud och visuell indikator<\/p>\n<\/li>\n<li class=\"\" data-start=\"1874\" data-end=\"1907\">\n<p class=\"\" data-start=\"1876\" data-end=\"1907\">CE-m\u00e4rkt och EN 54-3-kompatibel<\/p>\n<\/li>\n<\/ul>\n<p class=\"\" data-start=\"1909\" data-end=\"1940\"><strong data-start=\"1909\" data-end=\"1938\">Tekniska Specifikationer:<\/strong><\/p>\n<ul data-start=\"1941\" data-end=\"2151\">\n<li class=\"\" data-start=\"1941\" data-end=\"1974\">\n<p class=\"\" data-start=\"1943\" data-end=\"1974\">F\u00e4rg: R\u00f6d Blixt och Vit Kropp<\/p>\n<\/li>\n<li class=\"\" data-start=\"1975\" data-end=\"1990\">\n<p class=\"\" data-start=\"1977\" data-end=\"1990\">Djup: 38 mm<\/p>\n<\/li>\n<li class=\"\" data-start=\"1991\" data-end=\"2006\">\n<p class=\"\" data-start=\"1993\" data-end=\"2006\">Vikt: 160 g<\/p>\n<\/li>\n<li class=\"\" data-start=\"2007\" data-end=\"2035\">\n<p class=\"\" data-start=\"2009\" data-end=\"2035\">Str\u00f6mbeskrivning: 28V DC<\/p>\n<\/li>\n<li class=\"\" data-start=\"2036\" data-end=\"2058\">\n<p class=\"\" data-start=\"2038\" data-end=\"2058\">Ljudniv\u00e5: 91 dB(A)<\/p>\n<\/li>\n<li class=\"\" data-start=\"2059\" data-end=\"2100\">\n<p class=\"\" data-start=\"2061\" data-end=\"2100\">Temperaturintervall: -20\u00b0C till +60\u00b0C<\/p>\n<\/li>\n<li class=\"\" data-start=\"2101\" data-end=\"2129\">\n<p class=\"\" data-start=\"2103\" data-end=\"2129\">IP-klassificering: IP21C<\/p>\n<\/li>\n<\/ul>","protected":false},"excerpt":{"rendered":"<p>Apollo XP95 Loop-Powered Sounder Beacon Base erbjuder en ljudniv\u00e5 p\u00e5 91dB(A) och en visuell indikator med blinkning varje sekund.<\/p>\n<p>Den \u00e4r idealisk f\u00f6r att signalera brandlarm i slutna utrymmen och kan synkroniseras med andra larmtoner och ljus.<\/p>","protected":false},"featured_media":90177,"template":"","meta":{"_acf_changed":false},"product_brand":[],"product_cat":[3693],"product_tag":[],"class_list":{"0":"post-90178","1":"product","2":"type-product","3":"status-publish","4":"has-post-thumbnail","6":"product_cat-xp95-serien","7":"pa_brands-apollo-fire-detectors","8":"tm-no-options","10":"first","11":"instock","12":"sale","13":"taxable","14":"shipping-taxable","15":"product-type-simple"},"acf":[],"_links":{"self":[{"href":"https:\/\/stonehouse.se\/en\/wp-json\/wp\/v2\/product\/90178","targetHints":{"allow":["GET"]}}],"collection":[{"href":"https:\/\/stonehouse.se\/en\/wp-json\/wp\/v2\/product"}],"about":[{"href":"https:\/\/stonehouse.se\/en\/wp-json\/wp\/v2\/types\/product"}],"wp:featuredmedia":[{"embeddable":true,"href":"https:\/\/stonehouse.se\/en\/wp-json\/wp\/v2\/media\/90177"}],"wp:attachment":[{"href":"https:\/\/stonehouse.se\/en\/wp-json\/wp\/v2\/media?parent=90178"}],"wp:term":[{"taxonomy":"product_brand","embeddable":true,"href":"https:\/\/stonehouse.se\/en\/wp-json\/wp\/v2\/product_brand?post=90178"},{"taxonomy":"product_cat","embeddable":true,"href":"https:\/\/stonehouse.se\/en\/wp-json\/wp\/v2\/product_cat?post=90178"},{"taxonomy":"product_tag","embeddable":true,"href":"https:\/\/stonehouse.se\/en\/wp-json\/wp\/v2\/product_tag?post=90178"}],"curies":[{"name":"wp","href":"https:\/\/api.w.org\/{rel}","templated":true}]}}