
{"id":90184,"date":"2025-04-03T14:07:39","date_gmt":"2025-04-03T12:07:39","guid":{"rendered":"https:\/\/stonehouse.se\/produkt\/apollo-55000-660apo-xp95-series-optisk-rokdetektor-svart\/"},"modified":"2026-04-09T11:30:24","modified_gmt":"2026-04-09T09:30:24","slug":"apollo-55000-660apo-xp95-series-optisk-rokdetektor-svart","status":"publish","type":"product","link":"https:\/\/stonehouse.se\/en\/product\/apollo-55000-660apo-xp95-series-optisk-rokdetektor-svart\/","title":{"rendered":"Apollo 55000-660APO XP95 Series, optisk r\u00f6kdetektor, svart"},"content":{"rendered":"<h1>Apollo 55000-660APO XP95 Series, optisk r\u00f6kdetektor, svart<\/h1>\n<p>Apollo XP95 optiska r\u00f6kdetektor (55000-660APO) anv\u00e4nder ljusspridningsprincipen f\u00f6r att p\u00e5 ett tillf\u00f6rlitligt s\u00e4tt detektera r\u00f6k i omr\u00e5den d\u00e4r l\u00e5ngsamt brinnande eller pyrande br\u00e4nder \u00e4r troliga.<\/p>\n<p>Den har en kalibrerad k\u00e4nslighet som g\u00f6r att den reagerar snabbt p\u00e5 r\u00f6k medan den filtrerar bort st\u00f6rningar orsakade av vind eller f\u00f6r\u00e4ndringar i atmosf\u00e4riskt tryck, vilket g\u00f6r den idealisk f\u00f6r anv\u00e4ndning i utrymningsv\u00e4gar.<\/p>\n<p class=\"\" data-start=\"925\" data-end=\"1286\">Detektorn \u00e4r ansluten till ett tv\u00e5tr\u00e5digt loop-system och anv\u00e4nder digital kommunikation (XP95, Discovery, och CoreProtocol\u00ae) f\u00f6r att garantera stabilitet och h\u00f6g immunitet mot st\u00f6rningar, vilket \u00e4r avg\u00f6rande i st\u00f6rre system d\u00e4r livss\u00e4kerhet \u00e4r viktigt.<\/p>\n<p class=\"\" data-start=\"925\" data-end=\"1286\">En LED-lampa p\u00e5 enheten ger visuell indikering av systemets status och \u00e4r vit vid standby och r\u00f6d vid larm.<\/p>\n<p class=\"\" data-start=\"1288\" data-end=\"1558\">Med en driftstemperatur mellan -20\u00b0C och +60\u00b0C och en design som g\u00f6r den l\u00e4mplig f\u00f6r b\u00e5de inomhus och utomhusbruk, \u00e4r den idealisk f\u00f6r b\u00e5de kommersiella och industriella milj\u00f6er.<\/p>\n<p class=\"\" data-start=\"1288\" data-end=\"1558\">Den \u00e4r \u00e4ven CE-m\u00e4rkt och uppfyller internationella s\u00e4kerhetsstandarder f\u00f6r branddetektorer.<\/p>\n<p class=\"\" data-start=\"1560\" data-end=\"1590\"><strong data-start=\"1560\" data-end=\"1588\">Huvudsakliga Egenskaper:<\/strong><\/p>\n<ul data-start=\"1591\" data-end=\"1852\">\n<li class=\"\" data-start=\"1591\" data-end=\"1664\">\n<p class=\"\" data-start=\"1593\" data-end=\"1664\">P\u00e5litlig branddetektering i temperaturintervall fr\u00e5n -20\u00b0C till +60\u00b0C<\/p>\n<\/li>\n<li class=\"\" data-start=\"1665\" data-end=\"1697\">\n<p class=\"\" data-start=\"1667\" data-end=\"1697\">Idealisk f\u00f6r utrymningsv\u00e4gar<\/p>\n<\/li>\n<li class=\"\" data-start=\"1698\" data-end=\"1742\">\n<p class=\"\" data-start=\"1700\" data-end=\"1742\">Op\u00e5verkad av vind och atmosf\u00e4riskt tryck<\/p>\n<\/li>\n<li class=\"\" data-start=\"1743\" data-end=\"1792\">\n<p class=\"\" data-start=\"1745\" data-end=\"1792\">LED-indikator (vit vid standby, r\u00f6d vid larm)<\/p>\n<\/li>\n<li class=\"\" data-start=\"1793\" data-end=\"1852\">\n<p class=\"\" data-start=\"1795\" data-end=\"1852\">Kompatibel med XP95, Discovery och CoreProtocol\u00ae-system<\/p>\n<\/li>\n<\/ul>\n<p class=\"\" data-start=\"1854\" data-end=\"1885\"><strong data-start=\"1854\" data-end=\"1883\">Tekniska Specifikationer:<\/strong><\/p>\n<ul data-start=\"1886\" data-end=\"2139\">\n<li class=\"\" data-start=\"1886\" data-end=\"1901\">\n<p class=\"\" data-start=\"1888\" data-end=\"1901\">F\u00e4rg: Svart<\/p>\n<\/li>\n<li class=\"\" data-start=\"1902\" data-end=\"1922\">\n<p class=\"\" data-start=\"1904\" data-end=\"1922\">Diameter: 100 mm<\/p>\n<\/li>\n<li class=\"\" data-start=\"1923\" data-end=\"1938\">\n<p class=\"\" data-start=\"1925\" data-end=\"1938\">H\u00f6jd: 42 mm<\/p>\n<\/li>\n<li class=\"\" data-start=\"1939\" data-end=\"1954\">\n<p class=\"\" data-start=\"1941\" data-end=\"1954\">Vikt: 105 g<\/p>\n<\/li>\n<li class=\"\" data-start=\"1955\" data-end=\"1983\">\n<p class=\"\" data-start=\"1957\" data-end=\"1983\">Str\u00f6mf\u00f6rs\u00f6rjning: 28V DC<\/p>\n<\/li>\n<li class=\"\" data-start=\"1984\" data-end=\"2046\">\n<p class=\"\" data-start=\"1986\" data-end=\"2046\">Kalibrerad f\u00f6r att ge ett analogt v\u00e4rde p\u00e5 25\u00b17 i ren luft<\/p>\n<\/li>\n<li class=\"\" data-start=\"2047\" data-end=\"2088\">\n<p class=\"\" data-start=\"2049\" data-end=\"2088\">Temperaturintervall: -20\u00b0C till +60\u00b0C<\/p>\n<\/li>\n<li class=\"\" data-start=\"2089\" data-end=\"2117\">\n<p class=\"\" data-start=\"2091\" data-end=\"2117\">IP-klassificering: IP23D<\/p>\n<\/li>\n<li class=\"\" data-start=\"2118\" data-end=\"2139\">\n<p class=\"\" data-start=\"2120\" data-end=\"2139\">Garantitid: 10 \u00e5r<\/p>\n<\/li>\n<\/ul>","protected":false},"excerpt":{"rendered":"<p>Apollo XP95 optisk r\u00f6kdetektor ger p\u00e5litlig branddetektering \u00f6ver ett brett temperaturintervall fr\u00e5n -20\u00b0C till 60\u00b0C.<\/p>\n<p>Den \u00e4r s\u00e4rskilt bra f\u00f6r utrymningsv\u00e4gar och \u00e4r op\u00e5verkad av vind eller atmosf\u00e4riskt tryck, vilket g\u00f6r den mycket effektiv \u00e4ven i sv\u00e5ra milj\u00f6er.<\/p>","protected":false},"featured_media":90183,"template":"","meta":{"_acf_changed":false},"product_brand":[],"product_cat":[3693],"product_tag":[],"class_list":{"0":"post-90184","1":"product","2":"type-product","3":"status-publish","4":"has-post-thumbnail","6":"product_cat-xp95-serien","7":"pa_brands-apollo-fire-detectors","8":"tm-no-options","10":"first","11":"onbackorder","12":"sale","13":"taxable","14":"shipping-taxable","15":"product-type-simple"},"acf":[],"_links":{"self":[{"href":"https:\/\/stonehouse.se\/en\/wp-json\/wp\/v2\/product\/90184","targetHints":{"allow":["GET"]}}],"collection":[{"href":"https:\/\/stonehouse.se\/en\/wp-json\/wp\/v2\/product"}],"about":[{"href":"https:\/\/stonehouse.se\/en\/wp-json\/wp\/v2\/types\/product"}],"wp:featuredmedia":[{"embeddable":true,"href":"https:\/\/stonehouse.se\/en\/wp-json\/wp\/v2\/media\/90183"}],"wp:attachment":[{"href":"https:\/\/stonehouse.se\/en\/wp-json\/wp\/v2\/media?parent=90184"}],"wp:term":[{"taxonomy":"product_brand","embeddable":true,"href":"https:\/\/stonehouse.se\/en\/wp-json\/wp\/v2\/product_brand?post=90184"},{"taxonomy":"product_cat","embeddable":true,"href":"https:\/\/stonehouse.se\/en\/wp-json\/wp\/v2\/product_cat?post=90184"},{"taxonomy":"product_tag","embeddable":true,"href":"https:\/\/stonehouse.se\/en\/wp-json\/wp\/v2\/product_tag?post=90184"}],"curies":[{"name":"wp","href":"https:\/\/api.w.org\/{rel}","templated":true}]}}