
{"id":90199,"date":"2025-04-03T13:35:25","date_gmt":"2025-04-03T11:35:25","guid":{"rendered":"https:\/\/stonehouse.se\/produkt\/apollo-55000-845apo-xp95-serien-modul-for-overvakning-av-isolerande-zoner\/"},"modified":"2026-04-09T11:31:04","modified_gmt":"2026-04-09T09:31:04","slug":"apollo-55000-845apo-xp95-serien-modul-for-overvakning-av-isolerande-zoner","status":"publish","type":"product","link":"https:\/\/stonehouse.se\/en\/product\/apollo-55000-845apo-xp95-serien-modul-for-overvakning-av-isolerande-zoner\/","title":{"rendered":"Apollo 55000-845APO XP95-serien, modul f\u00f6r \u00f6vervakning av isolerande zoner"},"content":{"rendered":"<h1>Apollo 55000-845APO XP95-serien, modul f\u00f6r \u00f6vervakning av isolerande zoner<\/h1>\n<p>Apollo 55000-845APO XP95 Zone Monitor with Isolator \u00e4r en innovativ l\u00f6sning f\u00f6r \u00f6vervakning och styrning av branddetektorer i en isolerande zon.<\/p>\n<p>Denna modul anv\u00e4nder ett dubbelriktat kortslutningsisolator-system som s\u00e4kerst\u00e4ller att systemet inte p\u00e5verkas av kortslutningar i looparna.<\/p>\n<p>Den \u00e4r utformad f\u00f6r att hantera upp till 20 Apollo branddetektorer, inklusive Orbis och Series 65-modeller, och \u00e4r avsedd f\u00f6r inomhusbruk.<\/p>\n<p class=\"\" data-start=\"913\" data-end=\"1325\">Med en h\u00f6g IP54-klassning \u00e4r den h\u00e4r zon\u00f6vervakaren robust nog f\u00f6r att s\u00e4kerst\u00e4lla tillf\u00f6rlitlig drift i olika milj\u00f6er.<\/p>\n<p class=\"\" data-start=\"913\" data-end=\"1325\">Den \u00e4r utrustad med tv\u00e5 lysdioder: en r\u00f6d som indikerar ett brandlarm och en gul som t\u00e4nds vid kortslutning.<\/p>\n<p class=\"\" data-start=\"913\" data-end=\"1325\">Modulen anv\u00e4nder Apollo XP95- eller Discovery-protokoll och \u00e4r bak\u00e5tkompatibel med \u00e4ldre system.<\/p>\n<p class=\"\" data-start=\"913\" data-end=\"1325\">Den \u00e4r \u00e4ven CE-m\u00e4rkt och uppfyller relevanta EMC-direktiv och byggproduktf\u00f6rordningar.<\/p>\n<p class=\"\" data-start=\"1327\" data-end=\"1514\">Den \u00e4r designad f\u00f6r att vara enkel att installera och underh\u00e5lla, med ett omfattande temperaturspektrum fr\u00e5n -20\u00b0C till +70\u00b0C och en str\u00f6mf\u00f6rbrukning som \u00e4r optimerad f\u00f6r l\u00e5ngvarig drift.<\/p>","protected":false},"excerpt":{"rendered":"<p>Apollo 55000-845APO XP95 Zone Monitor with Isolator \u00e4r en modul f\u00f6r \u00f6vervakning av isolerande zoner som drivs och styr en zon med upp till 20 branddetektorer.<\/p>\n<p>Utrustad med en dubbelriktad kortslutningsisolator, \u00e4r den designad f\u00f6r att vara op\u00e5verkad av kortslutningar i looparna.<\/p>","protected":false},"featured_media":90198,"template":"","meta":{"_acf_changed":false},"product_brand":[],"product_cat":[3693],"product_tag":[],"class_list":{"0":"post-90199","1":"product","2":"type-product","3":"status-publish","4":"has-post-thumbnail","6":"product_cat-xp95-serien","7":"pa_brands-apollo-fire-detectors","8":"tm-no-options","10":"first","11":"instock","12":"sale","13":"taxable","14":"shipping-taxable","15":"product-type-simple"},"acf":[],"_links":{"self":[{"href":"https:\/\/stonehouse.se\/en\/wp-json\/wp\/v2\/product\/90199","targetHints":{"allow":["GET"]}}],"collection":[{"href":"https:\/\/stonehouse.se\/en\/wp-json\/wp\/v2\/product"}],"about":[{"href":"https:\/\/stonehouse.se\/en\/wp-json\/wp\/v2\/types\/product"}],"wp:featuredmedia":[{"embeddable":true,"href":"https:\/\/stonehouse.se\/en\/wp-json\/wp\/v2\/media\/90198"}],"wp:attachment":[{"href":"https:\/\/stonehouse.se\/en\/wp-json\/wp\/v2\/media?parent=90199"}],"wp:term":[{"taxonomy":"product_brand","embeddable":true,"href":"https:\/\/stonehouse.se\/en\/wp-json\/wp\/v2\/product_brand?post=90199"},{"taxonomy":"product_cat","embeddable":true,"href":"https:\/\/stonehouse.se\/en\/wp-json\/wp\/v2\/product_cat?post=90199"},{"taxonomy":"product_tag","embeddable":true,"href":"https:\/\/stonehouse.se\/en\/wp-json\/wp\/v2\/product_tag?post=90199"}],"curies":[{"name":"wp","href":"https:\/\/api.w.org\/{rel}","templated":true}]}}