
{"id":90201,"date":"2025-04-03T13:35:22","date_gmt":"2025-04-03T11:35:22","guid":{"rendered":"https:\/\/stonehouse.se\/produkt\/apollo-pp2557-overvakningsmodul-for-intelligent-brytare-i-xp95-serien\/"},"modified":"2026-04-09T11:31:16","modified_gmt":"2026-04-09T09:31:16","slug":"apollo-pp2557-overvakningsmodul-for-intelligent-brytare-i-xp95-serien","status":"publish","type":"product","link":"https:\/\/stonehouse.se\/en\/product\/apollo-pp2557-overvakningsmodul-for-intelligent-brytare-i-xp95-serien\/","title":{"rendered":"Apollo PP2557 \u00d6vervakningsmodul f\u00f6r intelligent brytare i XP95-serien"},"content":{"rendered":"<h1>Apollo PP2557 \u00d6vervakningsmodul f\u00f6r intelligent brytare i XP95-serien<\/h1>\n<p>Apollo PP2557 Intelligent Switch Monitor \u00e4r en avancerad l\u00f6sning f\u00f6r \u00f6vervakning av brytare i brandskyddssystem.<\/p>\n<p>Den \u00e4r kompatibel med XP95, Discovery och CoreProtocol-system och erbjuder fem f\u00f6rkonfigurerade l\u00e4gen, inklusive ett kompatibilitetsl\u00e4ge f\u00f6r \u00e4ldre system.<\/p>\n<p>Enheten har en adressomr\u00e5de p\u00e5 1\u2013254 och kan konfigureras f\u00f6r olika ing\u00e5ngsstilar och prioriteringsl\u00e4gen f\u00f6r snabb respons.<\/p>\n<p>En viktig funktion hos denna monitor \u00e4r den styrbara isolatorn, som skyddar systemet mot elektriska st\u00f6rningar och kortslutningar.<\/p>\n<p>Den har \u00e4ven en valbar f\u00f6rdr\u00f6jning av statusrapporteringen, vilket g\u00f6r den l\u00e4mplig f\u00f6r anv\u00e4ndning med fl\u00f6desbrytare.<\/p>\n<p>Enheten \u00e4r designad f\u00f6r enkel installation och kan monteras med en medf\u00f6ljande backbox f\u00f6r ytmontering eller inf\u00e4lld montering i en UK dubbelg\u00e4ngad backbox.<\/p>\n<p>Med en driftstemperatur p\u00e5 mellan -40\u00b0C och +70\u00b0C och en CE-certifiering \u00e4r denna \u00f6vervakningsmodul en p\u00e5litlig l\u00f6sning f\u00f6r brandskyddssystem som kr\u00e4ver noggrann \u00f6vervakning av brytare och relaterade enheter.<\/p>","protected":false},"excerpt":{"rendered":"<p>Apollo PP2557 Intelligent Switch Monitor \u00e4r en \u00f6vervakningsmodul f\u00f6r intelligent brytare, designad f\u00f6r att \u00f6vervaka tillst\u00e5ndet f\u00f6r en eller flera enpoliga, sp\u00e4nningsfria kontakter.<\/p>\n<p>Den inkluderar en styrbar isolator och kan anv\u00e4ndas med XP95\/Discovery och CoreProtocol-system.<\/p>","protected":false},"featured_media":90200,"template":"","meta":{"_acf_changed":false},"product_brand":[],"product_cat":[3693],"product_tag":[],"class_list":{"0":"post-90201","1":"product","2":"type-product","3":"status-publish","4":"has-post-thumbnail","6":"product_cat-xp95-serien","7":"pa_brands-apollo-fire-detectors","8":"tm-no-options","10":"first","11":"instock","12":"sale","13":"taxable","14":"shipping-taxable","15":"product-type-simple"},"acf":[],"_links":{"self":[{"href":"https:\/\/stonehouse.se\/en\/wp-json\/wp\/v2\/product\/90201","targetHints":{"allow":["GET"]}}],"collection":[{"href":"https:\/\/stonehouse.se\/en\/wp-json\/wp\/v2\/product"}],"about":[{"href":"https:\/\/stonehouse.se\/en\/wp-json\/wp\/v2\/types\/product"}],"wp:featuredmedia":[{"embeddable":true,"href":"https:\/\/stonehouse.se\/en\/wp-json\/wp\/v2\/media\/90200"}],"wp:attachment":[{"href":"https:\/\/stonehouse.se\/en\/wp-json\/wp\/v2\/media?parent=90201"}],"wp:term":[{"taxonomy":"product_brand","embeddable":true,"href":"https:\/\/stonehouse.se\/en\/wp-json\/wp\/v2\/product_brand?post=90201"},{"taxonomy":"product_cat","embeddable":true,"href":"https:\/\/stonehouse.se\/en\/wp-json\/wp\/v2\/product_cat?post=90201"},{"taxonomy":"product_tag","embeddable":true,"href":"https:\/\/stonehouse.se\/en\/wp-json\/wp\/v2\/product_tag?post=90201"}],"curies":[{"name":"wp","href":"https:\/\/api.w.org\/{rel}","templated":true}]}}