
{"id":90203,"date":"2025-04-03T13:35:22","date_gmt":"2025-04-03T11:35:22","guid":{"rendered":"https:\/\/stonehouse.se\/produkt\/apollo-29600-378-orbis-series-conventional-intrinsically-safe-galvanic-barrier-for-xp95-i-s-och-orbis-i-s-range\/"},"modified":"2026-04-09T11:31:10","modified_gmt":"2026-04-09T09:31:10","slug":"apollo-29600-378-orbis-series-conventional-intrinsically-safe-galvanic-barrier-for-xp95-i-s-och-orbis-i-s-range","status":"publish","type":"product","link":"https:\/\/stonehouse.se\/en\/product\/apollo-29600-378-orbis-series-conventional-intrinsically-safe-galvanic-barrier-for-xp95-i-s-och-orbis-i-s-range\/","title":{"rendered":"Apollo 29600-378 Orbis Series Conventional Intrinsically Safe Galvanic Barrier f\u00f6r XP95 I.S. och Orbis I.S. Range"},"content":{"rendered":"<h1>Apollo 29600-378 Orbis Series Conventional Intrinsically Safe Galvanic Barrier f\u00f6r XP95 I.S. och Orbis I.S. Range<\/h1>\n<p class=\"\" data-start=\"507\" data-end=\"927\">Apollo 29600-378 Orbis Series Conventional Intrinsically Safe Galvanic Barrier \u00e4r en viktig komponent f\u00f6r s\u00e4ker installation i farliga omr\u00e5den.<\/p>\n<p class=\"\" data-start=\"507\" data-end=\"927\">Denna barri\u00e4r till\u00e5ter \u00f6verensst\u00e4mmelse med ATEX-direktivet och \u00e4r avsedd f\u00f6r anv\u00e4ndning med XP95 I.S. och Orbis I.S.-serier.<\/p>\n<p class=\"\" data-start=\"507\" data-end=\"927\">Installationen sker p\u00e5 DIN-skena i s\u00e4kra omr\u00e5den och bidrar till att bevara systemets integritet och s\u00e4kerst\u00e4lla korrekt drift.<\/p>\n<p class=\"\" data-start=\"929\" data-end=\"1316\">Enheten till\u00e5ter att detektionssystemet fungerar korrekt genom galvanisk isolering, vilket g\u00f6r att s\u00e4kerheten bibeh\u00e5lls \u00e4ven vid elektriska st\u00f6rningar eller i farliga milj\u00f6er.<\/p>\n<p class=\"\" data-start=\"929\" data-end=\"1316\">Apollo 29600-378 \u00e4r CE-m\u00e4rkt och har en IP20-klassning, vilket g\u00f6r den l\u00e4mplig f\u00f6r inomhusbruk.<\/p>\n<p class=\"\" data-start=\"929\" data-end=\"1316\">Den har en driftstemperatur p\u00e5 mellan -20\u00b0C och +60\u00b0C, vilket g\u00f6r den t\u00e5lig nog f\u00f6r de flesta industriella milj\u00f6er.<\/p>","protected":false},"excerpt":{"rendered":"<p>Apollo 29600-378 \u00e4r en galvanisk barri\u00e4r som m\u00f6jligg\u00f6r \u00f6verensst\u00e4mmelse med ATEX-direktivet och s\u00e4kerst\u00e4ller systemets integritet.<\/p>\n<p>Den \u00e4r kompatibel med XP95 I.S. och Orbis I.S.-serierna och installeras i s\u00e4kra omr\u00e5den f\u00f6r att skydda och s\u00e4kerst\u00e4lla funktionalitet i farliga milj\u00f6er.<\/p>","protected":false},"featured_media":90202,"template":"","meta":{"_acf_changed":false},"product_brand":[],"product_cat":[3693],"product_tag":[],"class_list":{"0":"post-90203","1":"product","2":"type-product","3":"status-publish","4":"has-post-thumbnail","6":"product_cat-xp95-serien","7":"pa_brands-apollo-fire-detectors","8":"tm-no-options","10":"first","11":"instock","12":"sale","13":"taxable","14":"shipping-taxable","15":"product-type-simple"},"acf":[],"_links":{"self":[{"href":"https:\/\/stonehouse.se\/en\/wp-json\/wp\/v2\/product\/90203","targetHints":{"allow":["GET"]}}],"collection":[{"href":"https:\/\/stonehouse.se\/en\/wp-json\/wp\/v2\/product"}],"about":[{"href":"https:\/\/stonehouse.se\/en\/wp-json\/wp\/v2\/types\/product"}],"wp:featuredmedia":[{"embeddable":true,"href":"https:\/\/stonehouse.se\/en\/wp-json\/wp\/v2\/media\/90202"}],"wp:attachment":[{"href":"https:\/\/stonehouse.se\/en\/wp-json\/wp\/v2\/media?parent=90203"}],"wp:term":[{"taxonomy":"product_brand","embeddable":true,"href":"https:\/\/stonehouse.se\/en\/wp-json\/wp\/v2\/product_brand?post=90203"},{"taxonomy":"product_cat","embeddable":true,"href":"https:\/\/stonehouse.se\/en\/wp-json\/wp\/v2\/product_cat?post=90203"},{"taxonomy":"product_tag","embeddable":true,"href":"https:\/\/stonehouse.se\/en\/wp-json\/wp\/v2\/product_tag?post=90203"}],"curies":[{"name":"wp","href":"https:\/\/api.w.org\/{rel}","templated":true}]}}